{"id":280,"date":"2025-08-07T16:47:39","date_gmt":"2025-08-07T14:47:39","guid":{"rendered":"https:\/\/utveckling.timecutcloud.com\/lenbergs\/?page_id=280"},"modified":"2025-08-07T16:48:14","modified_gmt":"2025-08-07T14:48:14","slug":"vart-utbud-av-kistor-och-urnor","status":"publish","type":"page","link":"https:\/\/utveckling.timecutcloud.com\/lenbergs\/vart-utbud-av-kistor-och-urnor\/","title":{"rendered":"V\u00e5rt utbud av kistor och urnor"},"content":{"rendered":"\n<h2 class=\"wp-block-heading\">M\u00e5nga m\u00f6jligheter att v\u00e4lja n\u00e5got personligt<\/h2>\n\n\n\n<p>N\u00e4r det kommer till valet av kista och urna hj\u00e4lper vi er g\u00e4rna. Ibland finns det uttalade \u00f6nskem\u00e5l om f\u00e4rg eller form och ibland \u00e4r det upp till de efterlevande att v\u00e4lja utifr\u00e5n sina \u00f6nskem\u00e5l. Oavsett finns det stora m\u00f6jligheter att vara s\u00e5 personlig som m\u00f6jligt b\u00e5de i valet av kistor och urnor.<\/p>\n\n\n\n<p>Till n\u00e5gon som gillade skog och mark kan ex Naturkistan vara ett bra alternativ. Vill man att blomsterdekorationen ska ta f\u00f6r sig kan man t\u00e4nka p\u00e5 en kista i en f\u00e4rg som g\u00f6r att blommorna syns extra bra, kistan Akvarell g\u00e5r t.ex. att f\u00e5 i valfri NCS-kul\u00f6r. Finns \u00f6nskem\u00e5l om ett milj\u00f6alternativ har vi bla Natur och Bj\u00f6rk\u00f6 som \u00e4r certifierade f\u00f6r ansvarsfullt skogsbruk enligt FSC\u00ae. Och vill man ha det enklaste s\u00e5 passar Transportkistan.<\/p>\n\n\n\n<p>En kista beh\u00f6ver v\u00e4ljas vid alla typer av begravningar eftersom den anv\u00e4nds som ett sista vilorum f\u00f6r den avlidne och underl\u00e4ttar transporter till kyrka, kapell och krematoriet. Urna kan beh\u00f6vas beroende p\u00e5 vilket gravskick som v\u00e4ljs. Din begravningsr\u00e5dgivare hj\u00e4lper dig g\u00e4rna.<\/p>\n\n\n\n<script src=\"https:\/\/www.fredahlrydens.se\/begravningsbyr%C3%A5er\/1273\/katalog\/embed.js\"><\/script>\n","protected":false},"excerpt":{"rendered":"<p>M\u00e5nga m\u00f6jligheter att v\u00e4lja n\u00e5got personligt N\u00e4r det kommer till valet av kista och urna hj\u00e4lper vi er g\u00e4rna. Ibland finns det uttalade \u00f6nskem\u00e5l om f\u00e4rg eller form och ibland \u00e4r det upp till de efterlevande att v\u00e4lja utifr\u00e5n sina \u00f6nskem\u00e5l. Oavsett finns det stora m\u00f6jligheter att vara s\u00e5 personlig som m\u00f6jligt b\u00e5de i valet [&hellip;]<\/p>\n","protected":false},"author":1,"featured_media":0,"parent":0,"menu_order":10,"comment_status":"closed","ping_status":"closed","template":"page-fullbredd.php","meta":{"_acf_changed":false,"ub_ctt_via":"","footnotes":""},"class_list":["post-280","page","type-page","status-publish","hentry"],"featured_image_src":null,"acf":[],"_links":{"self":[{"href":"https:\/\/utveckling.timecutcloud.com\/lenbergs\/wp-json\/wp\/v2\/pages\/280","targetHints":{"allow":["GET"]}}],"collection":[{"href":"https:\/\/utveckling.timecutcloud.com\/lenbergs\/wp-json\/wp\/v2\/pages"}],"about":[{"href":"https:\/\/utveckling.timecutcloud.com\/lenbergs\/wp-json\/wp\/v2\/types\/page"}],"author":[{"embeddable":true,"href":"https:\/\/utveckling.timecutcloud.com\/lenbergs\/wp-json\/wp\/v2\/users\/1"}],"replies":[{"embeddable":true,"href":"https:\/\/utveckling.timecutcloud.com\/lenbergs\/wp-json\/wp\/v2\/comments?post=280"}],"version-history":[{"count":3,"href":"https:\/\/utveckling.timecutcloud.com\/lenbergs\/wp-json\/wp\/v2\/pages\/280\/revisions"}],"predecessor-version":[{"id":706,"href":"https:\/\/utveckling.timecutcloud.com\/lenbergs\/wp-json\/wp\/v2\/pages\/280\/revisions\/706"}],"wp:attachment":[{"href":"https:\/\/utveckling.timecutcloud.com\/lenbergs\/wp-json\/wp\/v2\/media?parent=280"}],"curies":[{"name":"wp","href":"https:\/\/api.w.org\/{rel}","templated":true}]}}