{"id":286,"date":"2025-08-07T16:54:33","date_gmt":"2025-08-07T14:54:33","guid":{"rendered":"https:\/\/utveckling.timecutcloud.com\/lenbergs\/?page_id=286"},"modified":"2025-08-07T16:58:47","modified_gmt":"2025-08-07T14:58:47","slug":"min-sida","status":"publish","type":"page","link":"https:\/\/utveckling.timecutcloud.com\/lenbergs\/min-sida\/","title":{"rendered":"Min sida"},"content":{"rendered":"\n<p>P\u00e5 Min sida hittar du allt som \u00e4r best\u00e4mt inf\u00f6r begravningen, till exempel val av gravplats, tid f\u00f6r tacks\u00e4gelse, blomsterbest\u00e4llningar, meny vid eventuell minnesstund och vilka som \u00e4r anm\u00e4lda. Du hittar vilka tider som best\u00e4mts f\u00f6r ett personligt avsked, gravs\u00e4ttning, bouppteckning osv.<\/p>\n\n\n\n<p>Min sida f\u00f6renklar f\u00f6r familjemedlemmar att tillsammans g\u00e5 igenom vad som planerats \u00e4ven d\u00e5 man kanske befinner sig p\u00e5 annan ort. Att ha alla uppgifter samlade p\u00e5 en och samma plats g\u00f6r det l\u00e4tt att f\u00e5 \u00f6verblick \u00f6ver alla uppgifter som h\u00f6r ihop med en begravning. Inloggningsuppgifter till Min sida f\u00e5r du i samband med dokumentationen efter v\u00e5rt f\u00f6rsta m\u00f6te.<\/p>\n\n\n\n<button> <a href=\"https:\/\/utveckling.timecutcloud.com\/lenbergs\/dodsannonser-och-minnesrum\/#\/User\/Login\">Logga in<\/a><\/button>\n","protected":false},"excerpt":{"rendered":"<p>P\u00e5 Min sida hittar du allt som \u00e4r best\u00e4mt inf\u00f6r begravningen, till exempel val av gravplats, tid f\u00f6r tacks\u00e4gelse, blomsterbest\u00e4llningar, meny vid eventuell minnesstund och vilka som \u00e4r anm\u00e4lda. Du hittar vilka tider som best\u00e4mts f\u00f6r ett personligt avsked, gravs\u00e4ttning, bouppteckning osv. Min sida f\u00f6renklar f\u00f6r familjemedlemmar att tillsammans g\u00e5 igenom vad som planerats \u00e4ven [&hellip;]<\/p>\n","protected":false},"author":1,"featured_media":0,"parent":0,"menu_order":6,"comment_status":"closed","ping_status":"closed","template":"","meta":{"_acf_changed":false,"ub_ctt_via":"","footnotes":""},"class_list":["post-286","page","type-page","status-publish","hentry"],"featured_image_src":null,"acf":[],"_links":{"self":[{"href":"https:\/\/utveckling.timecutcloud.com\/lenbergs\/wp-json\/wp\/v2\/pages\/286","targetHints":{"allow":["GET"]}}],"collection":[{"href":"https:\/\/utveckling.timecutcloud.com\/lenbergs\/wp-json\/wp\/v2\/pages"}],"about":[{"href":"https:\/\/utveckling.timecutcloud.com\/lenbergs\/wp-json\/wp\/v2\/types\/page"}],"author":[{"embeddable":true,"href":"https:\/\/utveckling.timecutcloud.com\/lenbergs\/wp-json\/wp\/v2\/users\/1"}],"replies":[{"embeddable":true,"href":"https:\/\/utveckling.timecutcloud.com\/lenbergs\/wp-json\/wp\/v2\/comments?post=286"}],"version-history":[{"count":2,"href":"https:\/\/utveckling.timecutcloud.com\/lenbergs\/wp-json\/wp\/v2\/pages\/286\/revisions"}],"predecessor-version":[{"id":291,"href":"https:\/\/utveckling.timecutcloud.com\/lenbergs\/wp-json\/wp\/v2\/pages\/286\/revisions\/291"}],"wp:attachment":[{"href":"https:\/\/utveckling.timecutcloud.com\/lenbergs\/wp-json\/wp\/v2\/media?parent=286"}],"curies":[{"name":"wp","href":"https:\/\/api.w.org\/{rel}","templated":true}]}}