{"id":289,"date":"2025-08-07T16:57:12","date_gmt":"2025-08-07T14:57:12","guid":{"rendered":"https:\/\/utveckling.timecutcloud.com\/lenbergs\/?page_id=289"},"modified":"2025-09-04T14:42:40","modified_gmt":"2025-09-04T12:42:40","slug":"dodsannonser","status":"publish","type":"page","link":"https:\/\/utveckling.timecutcloud.com\/lenbergs\/dodsannonser\/","title":{"rendered":"D\u00f6dsannonser och Minnesrum"},"content":{"rendered":"\n<p>Genom att s\u00f6ka p\u00e5 den avlidnes namn och sedan klicka p\u00e5 annonsen n\u00e5r du det aktuella Minnesrummet.<br>D\u00e4r kan du l\u00e4sa annonsen, t\u00e4nda ett ljus, l\u00e4mna en minnesg\u00e5va, anm\u00e4la dig till minnesstund,<br>se ev. Direkts\u00e4ndning av begravningsakten och l\u00e4mna en h\u00e4lsning med eller utan bild.<br><br><br>H\u00e4r hittar du alla d\u00f6dsannonser vi f\u00f6rmedlat p\u00e5 v\u00e5ra kontor i Bor\u00e5s, Ulricehamn,<br>Bollebygd och Herrljunga de senaste \u00e5ren.<br>Vi f\u00f6rmedlar d\u00f6dsannonser i alla stora dagstidningar bl.a. i Bor\u00e5s Tidning, Ulricehamns Tidning, Markbladet, Knallebladet, Annonsmarkna\u2019n, G\u00f6teborgs Posten och Alings\u00e5s Tidning. Allt publicerat inneh\u00e5ll granskas av Minnesrummet AB som ocks\u00e5 ansvarar f\u00f6r s\u00e4kerhet och det etiska inneh\u00e5llet.<\/p>\n\n\n\n<script src=\"https:\/\/client.memoriz.se\/client-memoriz-app\/load.js\"><\/script>\n<div agencytoken=\"qAkhYgFh\" client=\"1\" debug=\"0\" id=\"client_memoriz_se__rootelement\" primarycolor=\"#757575\">&nbsp;<\/div>\n<script> window.timecut_memoriz_module = true;<\/script>\n","protected":false},"excerpt":{"rendered":"<p>Genom att s\u00f6ka p\u00e5 den avlidnes namn och sedan klicka p\u00e5 annonsen n\u00e5r du det aktuella Minnesrummet.D\u00e4r kan du l\u00e4sa annonsen, t\u00e4nda ett ljus, l\u00e4mna en minnesg\u00e5va, anm\u00e4la dig till minnesstund,se ev. Direkts\u00e4ndning av begravningsakten och l\u00e4mna en h\u00e4lsning med eller utan bild. H\u00e4r hittar du alla d\u00f6dsannonser vi f\u00f6rmedlat p\u00e5 v\u00e5ra kontor i Bor\u00e5s, [&hellip;]<\/p>\n","protected":false},"author":1,"featured_media":0,"parent":0,"menu_order":8,"comment_status":"closed","ping_status":"closed","template":"page-fullbredd.php","meta":{"_acf_changed":false,"ub_ctt_via":"","footnotes":""},"class_list":["post-289","page","type-page","status-publish","hentry"],"featured_image_src":null,"acf":[],"_links":{"self":[{"href":"https:\/\/utveckling.timecutcloud.com\/lenbergs\/wp-json\/wp\/v2\/pages\/289","targetHints":{"allow":["GET"]}}],"collection":[{"href":"https:\/\/utveckling.timecutcloud.com\/lenbergs\/wp-json\/wp\/v2\/pages"}],"about":[{"href":"https:\/\/utveckling.timecutcloud.com\/lenbergs\/wp-json\/wp\/v2\/types\/page"}],"author":[{"embeddable":true,"href":"https:\/\/utveckling.timecutcloud.com\/lenbergs\/wp-json\/wp\/v2\/users\/1"}],"replies":[{"embeddable":true,"href":"https:\/\/utveckling.timecutcloud.com\/lenbergs\/wp-json\/wp\/v2\/comments?post=289"}],"version-history":[{"count":2,"href":"https:\/\/utveckling.timecutcloud.com\/lenbergs\/wp-json\/wp\/v2\/pages\/289\/revisions"}],"predecessor-version":[{"id":576,"href":"https:\/\/utveckling.timecutcloud.com\/lenbergs\/wp-json\/wp\/v2\/pages\/289\/revisions\/576"}],"wp:attachment":[{"href":"https:\/\/utveckling.timecutcloud.com\/lenbergs\/wp-json\/wp\/v2\/media?parent=289"}],"curies":[{"name":"wp","href":"https:\/\/api.w.org\/{rel}","templated":true}]}}