{"id":300,"date":"2025-08-08T14:12:37","date_gmt":"2025-08-08T12:12:37","guid":{"rendered":"https:\/\/utveckling.timecutcloud.com\/lenbergs\/?page_id=300"},"modified":"2025-09-04T10:45:01","modified_gmt":"2025-09-04T08:45:01","slug":"boras","status":"publish","type":"page","link":"https:\/\/utveckling.timecutcloud.com\/lenbergs\/boras\/","title":{"rendered":"Hos oss i Bor\u00e5s"},"content":{"rendered":"\n<h3 class=\"wp-block-heading\">P\u00e5 huvudkontoret i Bor\u00e5s jobbar ett 20 tal medarbetare inom b\u00e5de begravning, juridik, administration och transport. M\u00e5nga av v\u00e5ra medarbetare har l\u00e5ng tid och erfarenhet i branschen, (vissa \u00f6ver 30-\u00e5r!) och har f\u00e5tt f\u00f6rm\u00e5nen att f\u00f6lja familjer genom generationer.<\/h3>\n\n\n\n<p>Idag \u00e4r vi en auktoriserad begravnings- och juridikbyr\u00e5. Flera av v\u00e5ra medarbetare inom begravningsverksamheten verkar b\u00e5de som begravningsr\u00e5dgivare, borgerliga officianter och s\u00e5ngsolister. Alla v\u00e5ra r\u00e5dgivare har stor erfarenhet av de olika kyrkor och kapell som finns i och runtomkring Bor\u00e5s.<\/p>\n\n\n\n<p>F\u00f6rutom begravning och juridik driver vi \u00e4ven Yxhammarg\u00e5rden samt Sinnenas hus som kan bokas f\u00f6r konferens, br\u00f6llop, dop, borgerliga begravningsakter, minnesstunder, familjekalas eller \u00f6vernattning i mysigt inredda rum. Hit kan du ocks\u00e5 komma f\u00f6r att njuta av hemlagad mat, g\u00e5 p\u00e5 vernissage, utst\u00e4llning, vinprovning eller varf\u00f6r inte f\u00f6r att njuta av en musikupplevelse.<\/p>\n\n\n\n<p>V\u00e4lkommen till Lenbergs!<\/p>\n","protected":false},"excerpt":{"rendered":"<p>P\u00e5 huvudkontoret i Bor\u00e5s jobbar ett 20 tal medarbetare inom b\u00e5de begravning, juridik, administration och transport. M\u00e5nga av v\u00e5ra medarbetare har l\u00e5ng tid och erfarenhet i branschen, (vissa \u00f6ver 30-\u00e5r!) och har f\u00e5tt f\u00f6rm\u00e5nen att f\u00f6lja familjer genom generationer. Idag \u00e4r vi en auktoriserad begravnings- och juridikbyr\u00e5. Flera av v\u00e5ra medarbetare inom begravningsverksamheten verkar b\u00e5de [&hellip;]<\/p>\n","protected":false},"author":1,"featured_media":0,"parent":0,"menu_order":11,"comment_status":"closed","ping_status":"closed","template":"page-kontakt.php","meta":{"_acf_changed":false,"ub_ctt_via":"","footnotes":""},"class_list":["post-300","page","type-page","status-publish","hentry"],"featured_image_src":null,"acf":[],"_links":{"self":[{"href":"https:\/\/utveckling.timecutcloud.com\/lenbergs\/wp-json\/wp\/v2\/pages\/300","targetHints":{"allow":["GET"]}}],"collection":[{"href":"https:\/\/utveckling.timecutcloud.com\/lenbergs\/wp-json\/wp\/v2\/pages"}],"about":[{"href":"https:\/\/utveckling.timecutcloud.com\/lenbergs\/wp-json\/wp\/v2\/types\/page"}],"author":[{"embeddable":true,"href":"https:\/\/utveckling.timecutcloud.com\/lenbergs\/wp-json\/wp\/v2\/users\/1"}],"replies":[{"embeddable":true,"href":"https:\/\/utveckling.timecutcloud.com\/lenbergs\/wp-json\/wp\/v2\/comments?post=300"}],"version-history":[{"count":3,"href":"https:\/\/utveckling.timecutcloud.com\/lenbergs\/wp-json\/wp\/v2\/pages\/300\/revisions"}],"predecessor-version":[{"id":543,"href":"https:\/\/utveckling.timecutcloud.com\/lenbergs\/wp-json\/wp\/v2\/pages\/300\/revisions\/543"}],"wp:attachment":[{"href":"https:\/\/utveckling.timecutcloud.com\/lenbergs\/wp-json\/wp\/v2\/media?parent=300"}],"curies":[{"name":"wp","href":"https:\/\/api.w.org\/{rel}","templated":true}]}}