{"id":303,"date":"2025-08-08T14:19:10","date_gmt":"2025-08-08T12:19:10","guid":{"rendered":"https:\/\/utveckling.timecutcloud.com\/lenbergs\/?page_id=303"},"modified":"2025-09-05T10:09:33","modified_gmt":"2025-09-05T08:09:33","slug":"om-lenbergs","status":"publish","type":"page","link":"https:\/\/utveckling.timecutcloud.com\/lenbergs\/om-lenbergs\/","title":{"rendered":"Om Lenbergs"},"content":{"rendered":"\n<div class=\"wp-block-columns is-layout-flex wp-container-core-columns-is-layout-9d6595d7 wp-block-columns-is-layout-flex\">\n<div class=\"wp-block-column is-layout-flow wp-block-column-is-layout-flow\" style=\"flex-basis:66.66%\">\n<h1 class=\"wp-block-heading\">Om Lenbergs<\/h1>\n\n\n\n<p class=\"ingress\">Vi p\u00e5 Lenbergs har l\u00e5ng och stor erfarenhet av begravningar. Men du som anh\u00f6rig vet b\u00e4st hur du vill ha det.<\/p>\n\n\n\n<p>V\u00e5r roll \u00e4r att lyssna b\u00e5de p\u00e5 uttalade som outtalade \u00f6nskem\u00e5l och genomf\u00f6ra begravningen s\u00e5 att den speglar den d\u00f6des personlighet och de anh\u00f6rigas \u00f6nskem\u00e5l. Just f\u00f6rberedelserna inf\u00f6r en begravning och samtalen \u00e4r en viktig del f\u00f6r att komma igenom sorgen p\u00e5 b\u00e4sta s\u00e4tt.<\/p>\n\n\n\n<p>En av v\u00e5ra m\u00e5ls\u00e4ttningar \u00e4r att du har samma personkontakt genom hela begravningen. Vi vet att det skapar trygghet f\u00f6r b\u00e5de er och oss n\u00e4r vi l\u00e4rt k\u00e4nna varandra. Tillsammans har vi d\u00e5 m\u00f6jlighet att utforma ett fint avslut. Vi har inga paketl\u00f6sningar utan alla begravningar m\u00e5ste utformas s\u00e5 unika som b\u00e5de du och jag \u00e4r.<\/p>\n<\/div>\n\n\n\n<div class=\"wp-block-column is-layout-flow wp-block-column-is-layout-flow\" style=\"flex-basis:33.33%\">\n<ul class=\"wp-block-list inner-menu\">\n<li class=\"rubrik\">Historia och kompetens<\/li>\n\n\n\n<li><a href=\"#historia\">Historia<\/a><\/li>\n\n\n\n<li><a href=\"#kompetens\">V\u00e5r kompetens<\/a><\/li>\n\n\n\n<li><a href=\"#auktoriserad\">En auktoriserad begravningsbyr\u00e5<\/a><\/li>\n\n\n\n<li><a href=\"#studiebesok-forelasningar\">Studiebes\u00f6k och f\u00f6rel\u00e4sningar<\/a><\/li>\n\n\n\n<li class=\"rubrik\">V\u00e5ra byr\u00e5er<\/li>\n\n\n\n<li><a href=\"#boras\">Bor\u00e5s<\/a><\/li>\n\n\n\n<li><a href=\"#ulricehamn\">Ulricehamn<\/a><\/li>\n\n\n\n<li><a href=\"#herrljunga\">Herrljunga<\/a><\/li>\n\n\n\n<li><a href=\"#bollebygd\">Bollebygd<\/a><\/li>\n\n\n\n<li><a href=\"#min-sida\">Min sida<\/a><\/li>\n<\/ul>\n<\/div>\n<\/div>\n\n\n\n<div id=\"historia\"><\/div>\n\n\n\n<div class=\"wp-block-columns parent-box is-layout-flex wp-container-core-columns-is-layout-9d6595d7 wp-block-columns-is-layout-flex\">\n<div class=\"wp-block-column parent-box-txt is-layout-flow wp-block-column-is-layout-flow\" style=\"flex-basis:66.66%\">\n<h2 class=\"wp-block-heading has-text-align-center\">S\u00e5 startades Lenbergs<\/h2>\n\n\n\n<h4 class=\"wp-block-heading has-text-align-center\"><em>Begravningsbyr\u00e5 sedan 1950.<\/em><\/h4>\n\n\n\n<p>\u00c5r 1950 etablerades Lenbergs Begravningsbyr\u00e5 av Isa och Gunnar Lenberg i Bor\u00e5s. G\u00f6ran Lenberg har alltj\u00e4mt sedan 1975, tillsammans med m\u00e5nga goda medarbetare och sedan flera \u00e5r tillbaka, sina d\u00f6ttrar Anna och Cecilia, utvecklat begravningsbyr\u00e5n till en auktoriserad fullservicebyr\u00e5. En begravningsbyr\u00e5, som f\u00f6rutom allt det vi vanligtvis f\u00f6rknippar med verksamheten, har m\u00f6jlighet att erbjuda tj\u00e4nster inom familjejuridik, f\u00f6rel\u00e4sningar, studiebes\u00f6k etc. Lenbergs finns inte bara i Bor\u00e5s, utan \u00e4ven i Ulricehamn och Herrljunga.<\/p>\n\n\n\n<p>M\u00e5ls\u00e4ttningen \u00e4r att med lyh\u00f6rdhet, erfarenhet och personlig omtanke tillm\u00f6tesg\u00e5 uppdragsgivarens uttalade och outtalade behov.<\/p>\n<\/div>\n\n\n\n<div class=\"wp-block-column is-layout-flow wp-block-column-is-layout-flow\" style=\"flex-basis:33.33%\">\n<figure class=\"wp-block-image size-full\"><img loading=\"lazy\" decoding=\"async\" width=\"300\" height=\"300\" src=\"https:\/\/utveckling.timecutcloud.com\/lenbergs\/wp-content\/uploads\/2025\/08\/Om-Lenbergs-Sa-startades-Historia.jpg\" alt=\"\" class=\"wp-image-304\" srcset=\"https:\/\/utveckling.timecutcloud.com\/lenbergs\/wp-content\/uploads\/2025\/08\/Om-Lenbergs-Sa-startades-Historia.jpg 300w, https:\/\/utveckling.timecutcloud.com\/lenbergs\/wp-content\/uploads\/2025\/08\/Om-Lenbergs-Sa-startades-Historia-150x150.jpg 150w\" sizes=\"auto, (max-width: 300px) 100vw, 300px\" \/><\/figure>\n<\/div>\n<\/div>\n\n\n\n<div id=\"kompetens\"><\/div>\n\n\n\n<div class=\"wp-block-columns parent-box is-layout-flex wp-container-core-columns-is-layout-9d6595d7 wp-block-columns-is-layout-flex\">\n<div class=\"wp-block-column is-layout-flow wp-block-column-is-layout-flow\" style=\"flex-basis:33.33%\">\n<figure class=\"wp-block-image size-full\"><img loading=\"lazy\" decoding=\"async\" width=\"300\" height=\"300\" src=\"https:\/\/utveckling.timecutcloud.com\/lenbergs\/wp-content\/uploads\/2025\/08\/Om-Lenbergs-Var-kompetens.jpg\" alt=\"\" class=\"wp-image-306\" srcset=\"https:\/\/utveckling.timecutcloud.com\/lenbergs\/wp-content\/uploads\/2025\/08\/Om-Lenbergs-Var-kompetens.jpg 300w, https:\/\/utveckling.timecutcloud.com\/lenbergs\/wp-content\/uploads\/2025\/08\/Om-Lenbergs-Var-kompetens-150x150.jpg 150w\" sizes=\"auto, (max-width: 300px) 100vw, 300px\" \/><\/figure>\n<\/div>\n\n\n\n<div class=\"wp-block-column parent-box-txt is-layout-flow wp-block-column-is-layout-flow\" style=\"flex-basis:66.66%\">\n<h2 class=\"wp-block-heading has-text-align-center\">V\u00e5r kompetens<\/h2>\n\n\n\n<h4 class=\"wp-block-heading has-text-align-center\"><em>Begravningsbyr\u00e5 sedan Tillsammans skapar vi en personlig begravning.<\/em><\/h4>\n\n\n\n<p>Genom v\u00e5r stora och l\u00e5nga erfarenhet har vi m\u00f6jlighet att tillsammans med familjen, och i de fall det finns, den avlidnes \u00f6nskem\u00e5l, skapa en personlig begravning som ger kraft till anh\u00f6riga att g\u00e5 vidare i livet. V\u00e5r roll \u00e4r att i varje uppdrag visa lyh\u00f6rdhet, ge goda r\u00e5d och alternativ. Det \u00e4r viktigt att du k\u00e4nner dig delaktig och f\u00e5r ta de slutgiltiga besluten.<\/p>\n\n\n\n<p>Vi tror att f\u00f6r att skapa ett fint farv\u00e4l av den som st\u00e5tt oss n\u00e4ra, \u00e4r ett personligt m\u00f6te det b\u00e4sta. D\u00e5 kan vi tillsammans forma begravningen. I ett gott samarbete mellan familjen och oss p\u00e5 begravningsbyr\u00e5n skapas en begravning som k\u00e4nns \u00e4kta och riktig. En begravning som speglar den d\u00f6des liv, men som ocks\u00e5 ger hopp och ett ljust minne inf\u00f6r framtiden.<\/p>\n<\/div>\n<\/div>\n\n\n\n<div id=\"auktoriserad\"><\/div>\n\n\n\n<div class=\"wp-block-columns parent-box is-layout-flex wp-container-core-columns-is-layout-9d6595d7 wp-block-columns-is-layout-flex\">\n<div class=\"wp-block-column parent-box-txt is-layout-flow wp-block-column-is-layout-flow\" style=\"flex-basis:66.66%\">\n<h2 class=\"wp-block-heading has-text-align-center\">En auktoriserad begravningsbyr\u00e5<\/h2>\n\n\n\n<h4 class=\"wp-block-heading has-text-align-center\"><em>Vad inneb\u00e4r det?<\/em><\/h4>\n\n\n\n<p>Lenbergs \u00e4r auktoriserad medlem av SBF, Sveriges Begravningsbyr\u00e5ers F\u00f6rbund. En begravningsbyr\u00e5 kan vara antingen medlem eller auktoriserad medlem. Det senare inneb\u00e4r att begravningsbyr\u00e5n uppfyller de h\u00f6gt st\u00e4llda krav som branschf\u00f6rbundet st\u00e4ller. Kraven uttrycker f\u00f6rv\u00e4ntningar vad det g\u00e4ller yrket i s\u00e5v\u00e4l dess praktiska som etiska ut\u00f6vande.<\/p>\n\n\n\n<p>Medarbetare p\u00e5 en auktoriserad begravningsbyr\u00e5 har genomg\u00e5tt Sveriges Begravningsbyr\u00e5ers F\u00f6rbunds auktorisationsutbildning. Dessutom omfattas en auktoriserad begravningsbyr\u00e5 av SBF:s reklamationsn\u00e4mnd. En garantifond, som uppg\u00e5r till minst 200.000 kr, garanterar uppdragsgivaren att g\u00e5 ekonomiskt och ideellt skadefri ur eventuella tvister med den auktoriserade byr\u00e5n.<\/p>\n<\/div>\n\n\n\n<div class=\"wp-block-column is-layout-flow wp-block-column-is-layout-flow\" style=\"flex-basis:33.33%\">\n<figure class=\"wp-block-image size-full\"><img loading=\"lazy\" decoding=\"async\" width=\"300\" height=\"300\" src=\"https:\/\/utveckling.timecutcloud.com\/lenbergs\/wp-content\/uploads\/2025\/08\/Om-Lenbergs-Auktoriserad.jpg\" alt=\"\" class=\"wp-image-307\" srcset=\"https:\/\/utveckling.timecutcloud.com\/lenbergs\/wp-content\/uploads\/2025\/08\/Om-Lenbergs-Auktoriserad.jpg 300w, https:\/\/utveckling.timecutcloud.com\/lenbergs\/wp-content\/uploads\/2025\/08\/Om-Lenbergs-Auktoriserad-150x150.jpg 150w\" sizes=\"auto, (max-width: 300px) 100vw, 300px\" \/><\/figure>\n<\/div>\n<\/div>\n\n\n\n<div id=\"studiebesok-forelasningar\"><\/div>\n\n\n\n<div class=\"wp-block-columns parent-box is-layout-flex wp-container-core-columns-is-layout-9d6595d7 wp-block-columns-is-layout-flex\">\n<div class=\"wp-block-column is-layout-flow wp-block-column-is-layout-flow\" style=\"flex-basis:33.33%\">\n<figure class=\"wp-block-image size-full\"><img loading=\"lazy\" decoding=\"async\" width=\"300\" height=\"300\" src=\"https:\/\/utveckling.timecutcloud.com\/lenbergs\/wp-content\/uploads\/2025\/08\/Om-Lenbergs-Studiebesok.jpg\" alt=\"\" class=\"wp-image-308\" srcset=\"https:\/\/utveckling.timecutcloud.com\/lenbergs\/wp-content\/uploads\/2025\/08\/Om-Lenbergs-Studiebesok.jpg 300w, https:\/\/utveckling.timecutcloud.com\/lenbergs\/wp-content\/uploads\/2025\/08\/Om-Lenbergs-Studiebesok-150x150.jpg 150w\" sizes=\"auto, (max-width: 300px) 100vw, 300px\" \/><\/figure>\n<\/div>\n\n\n\n<div class=\"wp-block-column parent-box-txt is-layout-flow wp-block-column-is-layout-flow\" style=\"flex-basis:66.66%\">\n<h2 class=\"wp-block-heading has-text-align-center\">Studiebes\u00f6k och f\u00f6rel\u00e4sningar<\/h2>\n\n\n\n<h4 class=\"wp-block-heading has-text-align-center\"><em>Tillf\u00e4lle till det goda samtalet.<\/em><\/h4>\n\n\n\n<p>Vi har under \u00e5ren medverkat med f\u00f6rel\u00e4sningar, studiebes\u00f6k och informationer i skiftande sammanhang. Barn och ungdom genom skola eller konfirmation, yrkesfolk inom sjukv\u00e5rd, kyrka, polis eller r\u00e4ddningstj\u00e4nst, pension\u00e4rsorganisationer och intressef\u00f6reningar \u00e4r exempel p\u00e5 grupper vi har varit i kontakt med. Genomg\u00e5ende har fr\u00e5gorna kring d\u00f6d, sorg, riter och livets helhet k\u00e4nts angel\u00e4gna. M\u00f6tena har gett tillf\u00e4llen till goda och givande samtal.<\/p>\n\n\n\n<p>V\u00e4lkommen att kontakta oss d\u00e5 intresse finns f\u00f6r ett angel\u00e4get samtal.<\/p>\n<\/div>\n<\/div>\n\n\n\n<div id=\"boras\"><\/div>\n\n\n\n<div class=\"wp-block-columns parent-box is-layout-flex wp-container-core-columns-is-layout-9d6595d7 wp-block-columns-is-layout-flex\">\n<div class=\"wp-block-column parent-box-txt is-layout-flow wp-block-column-is-layout-flow\" style=\"flex-basis:66.66%\">\n<h2 class=\"wp-block-heading has-text-align-center\">Bor\u00e5s<\/h2>\n\n\n\n<h4 class=\"wp-block-heading has-text-align-center\"><em>Begravningsbyr\u00e5n p\u00e5 S\u00f6dra Kyrkogatan<\/em><\/h4>\n\n\n\n<p>I \u00f6ver 70 \u00e5r har vi p\u00e5 Lenbergs haft f\u00f6rtroendet att f\u00e5 hj\u00e4lpa familjer i Bor\u00e5s med omnejd att planera personliga och minnesv\u00e4rda begravningar. I slutet av 90-talet startade vi v\u00e5r egen juridiska avdelning och vid millennieskiftet upptogs Bor\u00e5s Begravningsbyr\u00e5, med anor fr\u00e5n tidigt 1900-tal, i verksamheten.<\/p>\n\n\n\n<p>Med v\u00e5r l\u00e5nga erfarenhet av b\u00e5de begravningar, familjejuridik och juridik vid d\u00f6dsfall hj\u00e4lper vi dig genom hela livet. Oavsett om du beh\u00f6ver planera en begravning, en minnesstund, uppr\u00e4tta ett testamente, skriva ett samboavtal, skapa ett g\u00e5vobrev, g\u00f6ra en bouppteckning eller en framtidsfullmakt finns vi h\u00e4r f\u00f6r dig.<\/p>\n\n\n\n<button><a href=\"https:\/\/utveckling.timecutcloud.com\/lenbergs\/hos-oss-i-boras\/\">L\u00e4s mer<\/a><\/button>\n<\/div>\n\n\n\n<div class=\"wp-block-column is-layout-flow wp-block-column-is-layout-flow\" style=\"flex-basis:33.33%\">\n<figure class=\"wp-block-image size-full\"><img loading=\"lazy\" decoding=\"async\" width=\"300\" height=\"300\" src=\"https:\/\/utveckling.timecutcloud.com\/lenbergs\/wp-content\/uploads\/2025\/08\/Om-Lenbergs-Boras.jpg\" alt=\"\" class=\"wp-image-313\" srcset=\"https:\/\/utveckling.timecutcloud.com\/lenbergs\/wp-content\/uploads\/2025\/08\/Om-Lenbergs-Boras.jpg 300w, https:\/\/utveckling.timecutcloud.com\/lenbergs\/wp-content\/uploads\/2025\/08\/Om-Lenbergs-Boras-150x150.jpg 150w\" sizes=\"auto, (max-width: 300px) 100vw, 300px\" \/><\/figure>\n<\/div>\n<\/div>\n\n\n\n<div id=\"ulricehamn\"><\/div>\n\n\n\n<div class=\"wp-block-columns parent-box is-layout-flex wp-container-core-columns-is-layout-9d6595d7 wp-block-columns-is-layout-flex\">\n<div class=\"wp-block-column is-layout-flow wp-block-column-is-layout-flow\" style=\"flex-basis:33.33%\">\n<figure class=\"wp-block-image size-full\"><img loading=\"lazy\" decoding=\"async\" width=\"300\" height=\"300\" src=\"https:\/\/utveckling.timecutcloud.com\/lenbergs\/wp-content\/uploads\/2025\/08\/Om-Lenbergs-Ulricehamn.jpg\" alt=\"\" class=\"wp-image-314\" srcset=\"https:\/\/utveckling.timecutcloud.com\/lenbergs\/wp-content\/uploads\/2025\/08\/Om-Lenbergs-Ulricehamn.jpg 300w, https:\/\/utveckling.timecutcloud.com\/lenbergs\/wp-content\/uploads\/2025\/08\/Om-Lenbergs-Ulricehamn-150x150.jpg 150w\" sizes=\"auto, (max-width: 300px) 100vw, 300px\" \/><\/figure>\n<\/div>\n\n\n\n<div class=\"wp-block-column parent-box-txt is-layout-flow wp-block-column-is-layout-flow\" style=\"flex-basis:66.66%\">\n<h2 class=\"wp-block-heading has-text-align-center\">Ulricehamn<\/h2>\n\n\n\n<h4 class=\"wp-block-heading has-text-align-center\"><em>Du hittar oss i Pr\u00e4stg\u00e5rden.<\/em><\/h4>\n\n\n\n<p>I slutet av 1980-talet \u00f6vertog vi verksamheten fr\u00e5n Svenems begravningsbyr\u00e5. Flytten till den gamla fina Pr\u00e4stg\u00e5rden p\u00e5 Pr\u00e4stg\u00e5rdsgatan gick \u00e5r 2000 och d\u00e4r har vi k\u00e4nt oss som hemma sedan dess.<\/p>\n\n\n\n<button><a href=\"https:\/\/utveckling.timecutcloud.com\/lenbergs\/om-lenbergs\/med-kansla-for-det-lokala\/\">L\u00e4s mer<\/a><\/button>\n<\/div>\n<\/div>\n\n\n\n<div id=\"herrljunga\"><\/div>\n\n\n\n<div class=\"wp-block-columns parent-box is-layout-flex wp-container-core-columns-is-layout-9d6595d7 wp-block-columns-is-layout-flex\">\n<div class=\"wp-block-column parent-box-txt is-layout-flow wp-block-column-is-layout-flow\" style=\"flex-basis:66.66%\">\n<h2 class=\"wp-block-heading has-text-align-center\">Herrljunga<\/h2>\n\n\n\n<h4 class=\"wp-block-heading has-text-align-center\"><em>Vi finns n\u00e4ra<\/em><\/h4>\n\n\n\n<p>Sedan januari 2018, d\u00e5 vi tog \u00f6ver Wallgrens Begravningsbyr\u00e5, har vi hj\u00e4lpt familjer i och runt Herrljunga med planering av begravning och olika \u00e4renden inom familjejuridik. Kunskap om orten, de fem f\u00f6rsamlingarna och alla 21 kyrkor och kapell ligger oss varmt om hj\u00e4rtat. H\u00e4r p\u00e5 Storgatan k\u00e4nner vi oss hemma. V\u00e4lkommen.<\/p>\n\n\n\n<button><a href=\"https:\/\/utveckling.timecutcloud.com\/lenbergs\/om-lenbergs\/vi-finns-nara\/\">L\u00e4s mer<\/a><\/button>\n<\/div>\n\n\n\n<div class=\"wp-block-column is-layout-flow wp-block-column-is-layout-flow\" style=\"flex-basis:33.33%\">\n<figure class=\"wp-block-image size-full\"><img loading=\"lazy\" decoding=\"async\" width=\"300\" height=\"300\" src=\"https:\/\/utveckling.timecutcloud.com\/lenbergs\/wp-content\/uploads\/2025\/08\/Om-Lenbergs-Herrljunga.jpg\" alt=\"\" class=\"wp-image-315\" srcset=\"https:\/\/utveckling.timecutcloud.com\/lenbergs\/wp-content\/uploads\/2025\/08\/Om-Lenbergs-Herrljunga.jpg 300w, https:\/\/utveckling.timecutcloud.com\/lenbergs\/wp-content\/uploads\/2025\/08\/Om-Lenbergs-Herrljunga-150x150.jpg 150w\" sizes=\"auto, (max-width: 300px) 100vw, 300px\" \/><\/figure>\n<\/div>\n<\/div>\n\n\n\n<div id=\"bollebygd\"><\/div>\n\n\n\n<div class=\"wp-block-columns parent-box is-layout-flex wp-container-core-columns-is-layout-9d6595d7 wp-block-columns-is-layout-flex\">\n<div class=\"wp-block-column is-layout-flow wp-block-column-is-layout-flow\" style=\"flex-basis:33.33%\">\n<figure class=\"wp-block-image size-full\"><img loading=\"lazy\" decoding=\"async\" width=\"300\" height=\"300\" src=\"https:\/\/utveckling.timecutcloud.com\/lenbergs\/wp-content\/uploads\/2025\/08\/Om-Lenbergs-Herrljunga.jpg\" alt=\"\" class=\"wp-image-315\" srcset=\"https:\/\/utveckling.timecutcloud.com\/lenbergs\/wp-content\/uploads\/2025\/08\/Om-Lenbergs-Herrljunga.jpg 300w, https:\/\/utveckling.timecutcloud.com\/lenbergs\/wp-content\/uploads\/2025\/08\/Om-Lenbergs-Herrljunga-150x150.jpg 150w\" sizes=\"auto, (max-width: 300px) 100vw, 300px\" \/><\/figure>\n<\/div>\n\n\n\n<div class=\"wp-block-column parent-box-txt is-layout-flow wp-block-column-is-layout-flow\" style=\"flex-basis:66.66%\">\n<h2 class=\"wp-block-heading has-text-align-center\">Bollebygd<\/h2>\n\n\n\n<h4 class=\"wp-block-heading has-text-align-center\"><em>\u00c4ntligen hemma i Bollebygd<\/em><\/h4>\n\n\n\n<p>Nog f\u00f6r att vi k\u00e4nt oss hemma l\u00e4nge i Bollebygd, men nu har vi ett alldeles eget kontor p\u00e5 plats f\u00f6r m\u00f6ten och m\u00f6jligheter att ses. Du hittar oss i centrum, ett stenkast fr\u00e5n torget. H\u00e4r tar Linda och Lars emot bes\u00f6k efter \u00f6verenskommelse. De har b\u00e5da jobbat l\u00e4nge med begravningar i Bollebygd med omnejd och k\u00e4nner v\u00e4l till s\u00e5v\u00e4l kyrkor som f\u00f6rsamlingshem. V\u00e4lkommen hem till oss.<\/p>\n\n\n\n<button><a href=\"https:\/\/utveckling.timecutcloud.com\/lenbergs\/om-lenbergs\/antligen-hemma-i-bollebygd\/\">L\u00e4s mer<\/a><\/button>\n<\/div>\n<\/div>\n\n\n\n<div id=\"min-sida\"><\/div>\n\n\n\n<div class=\"wp-block-columns parent-box is-layout-flex wp-container-core-columns-is-layout-9d6595d7 wp-block-columns-is-layout-flex\">\n<div class=\"wp-block-column parent-box-txt is-layout-flow wp-block-column-is-layout-flow\" style=\"flex-basis:66.66%\">\n<h2 class=\"wp-block-heading has-text-align-center\">Min sida<\/h2>\n\n\n\n<h4 class=\"wp-block-heading has-text-align-center\"><em>Vad var det vi best\u00e4mde?<\/em><\/h4>\n\n\n\n<p>P\u00e5 Min sida hittar du allt som \u00e4r best\u00e4mt inf\u00f6r begravningen, till exempel val av gravplats, tid f\u00f6r tacks\u00e4gelse, blomsterbest\u00e4llningar, meny vid eventuell minnesstund och vilka som \u00e4r anm\u00e4lda. Du hittar vilka tider som best\u00e4mts f\u00f6r ett personligt avsked, gravs\u00e4ttning, bouppteckning osv.<\/p>\n\n\n\n<p>Min sida f\u00f6renklar f\u00f6r familjemedlemmar att tillsammans g\u00e5 igenom vad som planerats \u00e4ven d\u00e5 man kanske befinner sig p\u00e5 annan ort. Att ha alla uppgifter samlade p\u00e5 en och samma plats g\u00f6r det l\u00e4tt att f\u00e5 \u00f6verblick \u00f6ver alla uppgifter som h\u00f6r ihop med en begravning. Inloggningsuppgifter till Min sida f\u00e5r du i samband med dokumentationen efter v\u00e5rt f\u00f6rsta m\u00f6te.<\/p>\n\n\n\n<button><a href=\"https:\/\/utveckling.timecutcloud.com\/lenbergs\/dodsannonser-och-minnesrum\/#\/User\/Login\">Logga in<\/a><\/button>\n<\/div>\n\n\n\n<div class=\"wp-block-column is-layout-flow wp-block-column-is-layout-flow\" style=\"flex-basis:33.33%\">\n<figure class=\"wp-block-image size-full\"><img loading=\"lazy\" decoding=\"async\" width=\"300\" height=\"287\" src=\"https:\/\/utveckling.timecutcloud.com\/lenbergs\/wp-content\/uploads\/2025\/08\/image00972.jpeg\" alt=\"\" class=\"wp-image-316\"\/><\/figure>\n<\/div>\n<\/div>\n","protected":false},"excerpt":{"rendered":"<p>Om Lenbergs Vi p\u00e5 Lenbergs har l\u00e5ng och stor erfarenhet av begravningar. Men du som anh\u00f6rig vet b\u00e4st hur du vill ha det. V\u00e5r roll \u00e4r att lyssna b\u00e5de p\u00e5 uttalade som outtalade \u00f6nskem\u00e5l och genomf\u00f6ra begravningen s\u00e5 att den speglar den d\u00f6des personlighet och de anh\u00f6rigas \u00f6nskem\u00e5l. Just f\u00f6rberedelserna inf\u00f6r en begravning och samtalen [&hellip;]<\/p>\n","protected":false},"author":1,"featured_media":0,"parent":0,"menu_order":7,"comment_status":"closed","ping_status":"closed","template":"page-parent.php","meta":{"_acf_changed":false,"ub_ctt_via":"","footnotes":""},"class_list":["post-303","page","type-page","status-publish","hentry"],"featured_image_src":null,"acf":[],"_links":{"self":[{"href":"https:\/\/utveckling.timecutcloud.com\/lenbergs\/wp-json\/wp\/v2\/pages\/303","targetHints":{"allow":["GET"]}}],"collection":[{"href":"https:\/\/utveckling.timecutcloud.com\/lenbergs\/wp-json\/wp\/v2\/pages"}],"about":[{"href":"https:\/\/utveckling.timecutcloud.com\/lenbergs\/wp-json\/wp\/v2\/types\/page"}],"author":[{"embeddable":true,"href":"https:\/\/utveckling.timecutcloud.com\/lenbergs\/wp-json\/wp\/v2\/users\/1"}],"replies":[{"embeddable":true,"href":"https:\/\/utveckling.timecutcloud.com\/lenbergs\/wp-json\/wp\/v2\/comments?post=303"}],"version-history":[{"count":13,"href":"https:\/\/utveckling.timecutcloud.com\/lenbergs\/wp-json\/wp\/v2\/pages\/303\/revisions"}],"predecessor-version":[{"id":645,"href":"https:\/\/utveckling.timecutcloud.com\/lenbergs\/wp-json\/wp\/v2\/pages\/303\/revisions\/645"}],"wp:attachment":[{"href":"https:\/\/utveckling.timecutcloud.com\/lenbergs\/wp-json\/wp\/v2\/media?parent=303"}],"curies":[{"name":"wp","href":"https:\/\/api.w.org\/{rel}","templated":true}]}}