{"id":320,"date":"2025-08-08T15:02:52","date_gmt":"2025-08-08T13:02:52","guid":{"rendered":"https:\/\/utveckling.timecutcloud.com\/lenbergs\/?page_id=320"},"modified":"2025-09-04T10:46:30","modified_gmt":"2025-09-04T08:46:30","slug":"ulricehamn","status":"publish","type":"page","link":"https:\/\/utveckling.timecutcloud.com\/lenbergs\/ulricehamn\/","title":{"rendered":"Med k\u00e4nsla f\u00f6r det lokala"},"content":{"rendered":"\n<h3 class=\"wp-block-heading\">I den vackra gamla Pr\u00e4stg\u00e5rden hittar du v\u00e5rt kontor i Ulricehamn.<\/h3>\n\n\n\n<p>Sedan slutet av 1980-talet har vi haft f\u00f6rtroendet att hj\u00e4lpa Ulricehamnarna att skapa personliga begravningar och sk\u00f6ta \u00e4renden inom b\u00e5de d\u00f6dsfallsjuridik och familjejuridik. V\u00e5ra tre begravningsr\u00e5dgivare k\u00e4nner v\u00e4l till trakten och \u00e4r f\u00f6rtrogna med bygdens traditioner, seder och kyrkor. Varmt v\u00e4lkommen till v\u00e5rt hemtrevliga kontor p\u00e5 Pr\u00e4stg\u00e5rdsgatan. Vill du hellre tr\u00e4ffa v\u00e5ra begravningsr\u00e5dgivare och jurister via teams, ha kontakt via telefon eller ett bes\u00f6k hemma s\u00e5 ordnar vi det.<\/p>\n","protected":false},"excerpt":{"rendered":"<p>I den vackra gamla Pr\u00e4stg\u00e5rden hittar du v\u00e5rt kontor i Ulricehamn. Sedan slutet av 1980-talet har vi haft f\u00f6rtroendet att hj\u00e4lpa Ulricehamnarna att skapa personliga begravningar och sk\u00f6ta \u00e4renden inom b\u00e5de d\u00f6dsfallsjuridik och familjejuridik. V\u00e5ra tre begravningsr\u00e5dgivare k\u00e4nner v\u00e4l till trakten och \u00e4r f\u00f6rtrogna med bygdens traditioner, seder och kyrkor. Varmt v\u00e4lkommen till v\u00e5rt hemtrevliga [&hellip;]<\/p>\n","protected":false},"author":1,"featured_media":0,"parent":0,"menu_order":13,"comment_status":"closed","ping_status":"closed","template":"page-kontakt.php","meta":{"_acf_changed":false,"ub_ctt_via":"","footnotes":""},"class_list":["post-320","page","type-page","status-publish","hentry"],"featured_image_src":null,"acf":[],"_links":{"self":[{"href":"https:\/\/utveckling.timecutcloud.com\/lenbergs\/wp-json\/wp\/v2\/pages\/320","targetHints":{"allow":["GET"]}}],"collection":[{"href":"https:\/\/utveckling.timecutcloud.com\/lenbergs\/wp-json\/wp\/v2\/pages"}],"about":[{"href":"https:\/\/utveckling.timecutcloud.com\/lenbergs\/wp-json\/wp\/v2\/types\/page"}],"author":[{"embeddable":true,"href":"https:\/\/utveckling.timecutcloud.com\/lenbergs\/wp-json\/wp\/v2\/users\/1"}],"replies":[{"embeddable":true,"href":"https:\/\/utveckling.timecutcloud.com\/lenbergs\/wp-json\/wp\/v2\/comments?post=320"}],"version-history":[{"count":3,"href":"https:\/\/utveckling.timecutcloud.com\/lenbergs\/wp-json\/wp\/v2\/pages\/320\/revisions"}],"predecessor-version":[{"id":548,"href":"https:\/\/utveckling.timecutcloud.com\/lenbergs\/wp-json\/wp\/v2\/pages\/320\/revisions\/548"}],"wp:attachment":[{"href":"https:\/\/utveckling.timecutcloud.com\/lenbergs\/wp-json\/wp\/v2\/media?parent=320"}],"curies":[{"name":"wp","href":"https:\/\/api.w.org\/{rel}","templated":true}]}}