{"id":324,"date":"2025-08-08T15:10:33","date_gmt":"2025-08-08T13:10:33","guid":{"rendered":"https:\/\/utveckling.timecutcloud.com\/lenbergs\/?page_id=324"},"modified":"2025-09-04T10:47:17","modified_gmt":"2025-09-04T08:47:17","slug":"herrljunga","status":"publish","type":"page","link":"https:\/\/utveckling.timecutcloud.com\/lenbergs\/herrljunga\/","title":{"rendered":"Vi finns n\u00e4ra"},"content":{"rendered":"\n<h3 class=\"wp-block-heading\">I Herrljungabygden finns hela 21 kyrkor och efter m\u00e5nga \u00e5r i trakten k\u00e4nner vi oss v\u00e4l f\u00f6rtrogna med b\u00e5de traditioner, alla kyrkor och kyrkog\u00e5rdar.<\/h3>\n\n\n\n<p>Efter att ha tagit \u00f6ver Wallgrens Begravningsbyr\u00e5 2018 har vi f\u00e5tt f\u00f6rtroendet att hj\u00e4lpa m\u00e5nga familjer i Herrljunga med omnejd med b\u00e5de begravningar och familjejuridik. Vi tar emot bokade bes\u00f6k i v\u00e5r hemtrevligt inredda lokal p\u00e5 Storgatan, eller kommer p\u00e5 ett hembes\u00f6k om det skulle k\u00e4nnas bekv\u00e4mare. Vi kan hj\u00e4lpa dig med allt fr\u00e5n planering av begravning, uppr\u00e4ttande av testamente, framtidsfullmakt, samboavtal och bouppteckningar. Varmt v\u00e4lkommen.<\/p>\n","protected":false},"excerpt":{"rendered":"<p>I Herrljungabygden finns hela 21 kyrkor och efter m\u00e5nga \u00e5r i trakten k\u00e4nner vi oss v\u00e4l f\u00f6rtrogna med b\u00e5de traditioner, alla kyrkor och kyrkog\u00e5rdar. Efter att ha tagit \u00f6ver Wallgrens Begravningsbyr\u00e5 2018 har vi f\u00e5tt f\u00f6rtroendet att hj\u00e4lpa m\u00e5nga familjer i Herrljunga med omnejd med b\u00e5de begravningar och familjejuridik. Vi tar emot bokade bes\u00f6k i [&hellip;]<\/p>\n","protected":false},"author":1,"featured_media":0,"parent":0,"menu_order":12,"comment_status":"closed","ping_status":"closed","template":"page-kontakt.php","meta":{"_acf_changed":false,"ub_ctt_via":"","footnotes":""},"class_list":["post-324","page","type-page","status-publish","hentry"],"featured_image_src":null,"acf":[],"_links":{"self":[{"href":"https:\/\/utveckling.timecutcloud.com\/lenbergs\/wp-json\/wp\/v2\/pages\/324","targetHints":{"allow":["GET"]}}],"collection":[{"href":"https:\/\/utveckling.timecutcloud.com\/lenbergs\/wp-json\/wp\/v2\/pages"}],"about":[{"href":"https:\/\/utveckling.timecutcloud.com\/lenbergs\/wp-json\/wp\/v2\/types\/page"}],"author":[{"embeddable":true,"href":"https:\/\/utveckling.timecutcloud.com\/lenbergs\/wp-json\/wp\/v2\/users\/1"}],"replies":[{"embeddable":true,"href":"https:\/\/utveckling.timecutcloud.com\/lenbergs\/wp-json\/wp\/v2\/comments?post=324"}],"version-history":[{"count":2,"href":"https:\/\/utveckling.timecutcloud.com\/lenbergs\/wp-json\/wp\/v2\/pages\/324\/revisions"}],"predecessor-version":[{"id":549,"href":"https:\/\/utveckling.timecutcloud.com\/lenbergs\/wp-json\/wp\/v2\/pages\/324\/revisions\/549"}],"wp:attachment":[{"href":"https:\/\/utveckling.timecutcloud.com\/lenbergs\/wp-json\/wp\/v2\/media?parent=324"}],"curies":[{"name":"wp","href":"https:\/\/api.w.org\/{rel}","templated":true}]}}