{"id":327,"date":"2025-08-08T15:12:24","date_gmt":"2025-08-08T13:12:24","guid":{"rendered":"https:\/\/utveckling.timecutcloud.com\/lenbergs\/?page_id=327"},"modified":"2025-09-04T10:49:33","modified_gmt":"2025-09-04T08:49:33","slug":"bollebygd","status":"publish","type":"page","link":"https:\/\/utveckling.timecutcloud.com\/lenbergs\/bollebygd\/","title":{"rendered":"\u00c4ntligen hemma i Bollebygd"},"content":{"rendered":"\n<h3 class=\"wp-block-heading\">I \u00f6ver 30 \u00e5r har vi hj\u00e4lpt familjer i Bollebygd, T\u00f6llsj\u00f6, R\u00e4vlanda, Hind\u00e5s, Olsfors, Hultafors och trakterna runtomkring med planering av personliga begravningar. V\u00e5ren 2021 invigde vi \u00e4ntligen v\u00e5rt eget kontor.<\/h3>\n\n\n\n<p>Att kunna tr\u00e4ffas f\u00f6r ett personligt m\u00f6te \u00e4r n\u00e5got vi v\u00e4rnar om. Hos oss p\u00e5 Ballebov\u00e4gen 1 tar vi emot bokade bes\u00f6k f\u00f6r b\u00e5de begravningar och familjejuridik. Vill du hellre tr\u00e4ffa v\u00e5ra begravningsr\u00e5dgivare och jurister via teams, ha kontakt via telefon eller ett bes\u00f6k hemma s\u00e5 ordnar vi det. Efter m\u00e5nga \u00e5r i trakten k\u00e4nner vi oss v\u00e4l f\u00f6rtrogna med b\u00e5de traditioner, alla kyrkor och kyrkog\u00e5rdar. Vi hj\u00e4lper dig genom livet. Varmt v\u00e4lkommen.<\/p>\n","protected":false},"excerpt":{"rendered":"<p>I \u00f6ver 30 \u00e5r har vi hj\u00e4lpt familjer i Bollebygd, T\u00f6llsj\u00f6, R\u00e4vlanda, Hind\u00e5s, Olsfors, Hultafors och trakterna runtomkring med planering av personliga begravningar. V\u00e5ren 2021 invigde vi \u00e4ntligen v\u00e5rt eget kontor. Att kunna tr\u00e4ffas f\u00f6r ett personligt m\u00f6te \u00e4r n\u00e5got vi v\u00e4rnar om. Hos oss p\u00e5 Ballebov\u00e4gen 1 tar vi emot bokade bes\u00f6k f\u00f6r b\u00e5de [&hellip;]<\/p>\n","protected":false},"author":1,"featured_media":0,"parent":0,"menu_order":14,"comment_status":"closed","ping_status":"closed","template":"page-kontakt.php","meta":{"_acf_changed":false,"ub_ctt_via":"","footnotes":""},"class_list":["post-327","page","type-page","status-publish","hentry"],"featured_image_src":null,"acf":[],"_links":{"self":[{"href":"https:\/\/utveckling.timecutcloud.com\/lenbergs\/wp-json\/wp\/v2\/pages\/327","targetHints":{"allow":["GET"]}}],"collection":[{"href":"https:\/\/utveckling.timecutcloud.com\/lenbergs\/wp-json\/wp\/v2\/pages"}],"about":[{"href":"https:\/\/utveckling.timecutcloud.com\/lenbergs\/wp-json\/wp\/v2\/types\/page"}],"author":[{"embeddable":true,"href":"https:\/\/utveckling.timecutcloud.com\/lenbergs\/wp-json\/wp\/v2\/users\/1"}],"replies":[{"embeddable":true,"href":"https:\/\/utveckling.timecutcloud.com\/lenbergs\/wp-json\/wp\/v2\/comments?post=327"}],"version-history":[{"count":4,"href":"https:\/\/utveckling.timecutcloud.com\/lenbergs\/wp-json\/wp\/v2\/pages\/327\/revisions"}],"predecessor-version":[{"id":552,"href":"https:\/\/utveckling.timecutcloud.com\/lenbergs\/wp-json\/wp\/v2\/pages\/327\/revisions\/552"}],"wp:attachment":[{"href":"https:\/\/utveckling.timecutcloud.com\/lenbergs\/wp-json\/wp\/v2\/media?parent=327"}],"curies":[{"name":"wp","href":"https:\/\/api.w.org\/{rel}","templated":true}]}}