{"id":60,"date":"2025-08-01T13:45:08","date_gmt":"2025-08-01T11:45:08","guid":{"rendered":"https:\/\/utveckling.timecutcloud.com\/lenbergs\/?page_id=60"},"modified":"2025-09-05T10:13:14","modified_gmt":"2025-09-05T08:13:14","slug":"gast-vid-begravning","status":"publish","type":"page","link":"https:\/\/utveckling.timecutcloud.com\/lenbergs\/gast-vid-begravning\/","title":{"rendered":"G\u00e4st vid begravning"},"content":{"rendered":"\n<div class=\"wp-block-columns is-layout-flex wp-container-core-columns-is-layout-9d6595d7 wp-block-columns-is-layout-flex\">\n<div class=\"wp-block-column is-layout-flow wp-block-column-is-layout-flow\" style=\"flex-basis:66.66%\">\n<h1 class=\"wp-block-heading\">G\u00e4st vid begravning<\/h1>\n\n\n\n<p>Som g\u00e4st vid en begravning kan det vara m\u00e5nga fr\u00e5gor man undrar \u00f6ver.<br>H\u00e4r hittar du all praktisk information. B\u00e5de specifika uppgifter som tidpunkt och plats f\u00f6r begravningen, men ocks\u00e5 information om hur du anm\u00e4ler dig till en minnesstund, best\u00e4ller blommor, sk\u00e4nker en g\u00e5va, vart du kan sitta i kyrkan\/kapellet, hur du g\u00f6r f\u00f6r att delta i en Direkts\u00e4nd begravning online och mycket mer.<br>H\u00e4r finns ocks\u00e5 n\u00e5gra tips kring hur du kan bem\u00f6ta de i din n\u00e4rhet som drabbats av sorg eller om sorgen drabbar en v\u00e4n, kollega eller skolkompis.<\/p>\n\n\n\n<h3 class=\"wp-block-heading\">M\u00e5ste man g\u00e5 p\u00e5 begravning?<\/h3>\n\n\n\n<p>Nej det m\u00e5ste man s\u00e5klart inte. Men det kan finnas m\u00e5nga anledningar till att man v\u00e4ljer att g\u00e5 p\u00e5 en begravning. Dels \u00e4r det fint att vara med och hylla ett liv som varit, f\u00f6r det \u00e4r ju det begravningen handlar om. Att ta en stund, sitta ner och tacka f\u00f6r tiden man fick tillsammans, minnena man f\u00e5r dela och m\u00f6jligheten att s\u00e4ga hej d\u00e5. Ibland v\u00e4ljer man att g\u00e5 fr\u00e4mst f\u00f6r att st\u00f6tta de anh\u00f6riga i en sv\u00e5r stund. Oavsett varf\u00f6r man v\u00e4ljer att delta p\u00e5 en begravning \u00e4r det s\u00e4llan vi m\u00f6ter m\u00e4nniskor som \u00e5ngrar att de valde att delta.<\/p>\n\n\n\n<h3 class=\"wp-block-heading\">Vem ska g\u00e5 p\u00e5 minnesstunden?<\/h3>\n\n\n\n<p>Detsamma g\u00e4ller minnesstunden. Om en familj valt att bjuda in till minnesstund s\u00e5 \u00e4r det f\u00f6r att de vill dela den stunden med de som delat en del av sin livsresa med deras k\u00e4ra. Finns det en inbjudan till minnesstund i annonsen \u00e4r du alltid v\u00e4lkommen att anm\u00e4la dig.<\/p>\n<\/div>\n\n\n\n<div class=\"wp-block-column is-layout-flow wp-block-column-is-layout-flow\" style=\"flex-basis:33.33%\">\n<ul class=\"wp-block-list inner-menu\">\n<li class=\"rubrik\">Annonser<\/li>\n\n\n\n<li><a href=\"#minnesrummet\">Minnesrummet<\/a><\/li>\n\n\n\n<li class=\"rubrik\">Vad b\u00f6r jag t\u00e4nka p\u00e5?<\/li>\n\n\n\n<li><a href=\"#kladsel\">Kl\u00e4dsel<\/a><\/li>\n\n\n\n<li><a href=\"#placering\">Vart sitter jag?<\/a><\/li>\n\n\n\n<li><a href=\"#blommor\">Blommor och handbukett<\/a><\/li>\n\n\n\n<li><a href=\"#gavoformedling\">G\u00e5vof\u00f6rmedling<\/a><\/li>\n\n\n\n<li><a href=\"#saga\">Vad kan du s\u00e4ga och g\u00f6ra?<\/a><\/li>\n\n\n\n<li><a href=\"#van\">En v\u00e4n g\u00e5r bort<\/a><\/li>\n<\/ul>\n<\/div>\n<\/div>\n\n\n\n<div id=\"minnesrummet\"><\/div>\n\n\n\n<div class=\"wp-block-columns parent-box is-layout-flex wp-container-core-columns-is-layout-9d6595d7 wp-block-columns-is-layout-flex\">\n<div class=\"wp-block-column parent-box-txt is-layout-flow wp-block-column-is-layout-flow\" style=\"flex-basis:66.66%\">\n<h2 class=\"wp-block-heading\">Hitta d\u00f6dsannonser, t\u00e4nd ett ljus, anm\u00e4l till minnesstund<\/h2>\n\n\n\n<p><em>I minnesrummet kan du sk\u00f6ta allt praktiskt<\/em><\/p>\n\n\n\n<p>Som g\u00e4st p\u00e5 en begravning kan det vara flera saker man vill g\u00f6ra och f\u00f6rbereda rent praktiskt. Exempelvis anm\u00e4la sig till en minnesstund, t\u00e4nda ett digitalt ljus eller sk\u00e4nka en g\u00e5va. Allt detta kan du g\u00f6ra via den avlidnes Minnesrum.<\/p>\n\n\n\n<p>Minnesrummet \u00e4r en plats p\u00e5 webben d\u00e4r du b\u00e5de kan se annonsen, l\u00e4sa h\u00e4lsningar som kommit in, skriva n\u00e5got eget eller kanske l\u00e4gga upp en bild som p\u00e5minner om h\u00e4rliga minnen tillsammans. Det \u00e4r ocks\u00e5 h\u00e4r du kan f\u00f6lja de begravningar som s\u00e4nds via Direkts\u00e4ndning.<\/p>\n<\/div>\n\n\n\n<div class=\"wp-block-column is-layout-flow wp-block-column-is-layout-flow\" style=\"flex-basis:33.33%\">\n<figure class=\"wp-block-image size-full\"><img loading=\"lazy\" decoding=\"async\" width=\"300\" height=\"300\" src=\"https:\/\/utveckling.timecutcloud.com\/lenbergs\/wp-content\/uploads\/2025\/09\/tand-ett-ljus.jpg\" alt=\"\" class=\"wp-image-481\" srcset=\"https:\/\/utveckling.timecutcloud.com\/lenbergs\/wp-content\/uploads\/2025\/09\/tand-ett-ljus.jpg 300w, https:\/\/utveckling.timecutcloud.com\/lenbergs\/wp-content\/uploads\/2025\/09\/tand-ett-ljus-150x150.jpg 150w\" sizes=\"auto, (max-width: 300px) 100vw, 300px\" \/><\/figure>\n<\/div>\n<\/div>\n\n\n\n<div id=\"kladsel\"><\/div>\n\n\n\n<div class=\"wp-block-columns parent-box is-layout-flex wp-container-core-columns-is-layout-9d6595d7 wp-block-columns-is-layout-flex\">\n<div class=\"wp-block-column is-layout-flow wp-block-column-is-layout-flow\" style=\"flex-basis:33.33%\">\n<figure class=\"wp-block-image size-full\"><img loading=\"lazy\" decoding=\"async\" width=\"300\" height=\"300\" src=\"https:\/\/utveckling.timecutcloud.com\/lenbergs\/wp-content\/uploads\/2025\/09\/kladsel.jpg\" alt=\"\" class=\"wp-image-484\" srcset=\"https:\/\/utveckling.timecutcloud.com\/lenbergs\/wp-content\/uploads\/2025\/09\/kladsel.jpg 300w, https:\/\/utveckling.timecutcloud.com\/lenbergs\/wp-content\/uploads\/2025\/09\/kladsel-150x150.jpg 150w\" sizes=\"auto, (max-width: 300px) 100vw, 300px\" \/><\/figure>\n<\/div>\n\n\n\n<div class=\"wp-block-column parent-box-txt is-layout-flow wp-block-column-is-layout-flow\" style=\"flex-basis:66.66%\">\n<h2 class=\"wp-block-heading\">Kl\u00e4dsel<\/h2>\n\n\n\n<p><em>Man kl\u00e4r sig diskret men det m\u00e5ste inte inneb\u00e4ra svart kl\u00e4dsel.<\/em><\/p>\n\n\n<div class=\"wp-block-ub-expand ub-expand\" id=\"ub-expand-8d29f695-d9a7-4d53-83a3-18f524c3deca\" data-scroll-type=\"false\" data-scroll-amount=\"\" data-scroll-target=\"\">\n<div class=\"ub-expand-portion ub-expand-partial wp-block-ub-expand-portion\" id=\"ub-expand-full-6683b414-1c3a-44ad-aa03-7a779b02f5ff\" role=\"button\" aria-expanded=\"false\" aria-controls=\"ub-expand-full-6683b414-1c3a-44ad-aa03-7a779b02f5ff\" tabindex=\"0\">\n\t\t\t\n\n<p>Fr\u00e5n att ha haft en strikt kl\u00e4dkod g\u00e4ller numera begreppet \u201dvalfri kl\u00e4dsel\u201d p\u00e5 de flesta begravningar. Man kl\u00e4r sig diskret men det m\u00e5ste inte inneb\u00e4ra svart kl\u00e4dsel. Det viktigaste \u00e4r att din kl\u00e4dsel ska k\u00e4nnas bekv\u00e4m och som ditt personliga val. Det b\u00e4sta \u00e4r att l\u00e5ta den d\u00f6de och dennes familjs stil vara ett riktm\u00e4rke i ditt val av kl\u00e4dsel. Hur vi \u00e4n v\u00e4nder och vrider p\u00e5 kl\u00e4dfr\u00e5gan \u00e4r naturligtvis den personliga n\u00e4rvaron viktigare \u00e4n \u201dr\u00e4tt\u201d kl\u00e4dsel.<\/p>\n\n\n\t\t\t<a class=\"ub-expand-toggle-button\" style=\"text-align: left; \" role=\"button\">\n\t\t\t\tL\u00e4s mer\n\t\t\t<\/a>\n\t\t<\/div>\n\n<div class=\"ub-expand-portion ub-expand-full ub-hide wp-block-ub-expand-portion\" id=\"ub-expand-full-6683b414-1c3a-44ad-aa03-7a779b02f5ff\" role=\"button\" aria-expanded=\"false\" aria-controls=\"ub-expand-full-6683b414-1c3a-44ad-aa03-7a779b02f5ff\" tabindex=\"0\">\n\t\t\t\n\n<p>Ofta \u00e5terkommer fr\u00e5gan om f\u00e4rgen p\u00e5 slipsen. Vit slips \u00e4r f\u00f6rbeh\u00e5llen sl\u00e4ktens manliga medlemmar \u2013 ingen annan. F\u00f6r andra m\u00e4n g\u00e4ller svart, gr\u00e5tt eller diskret m\u00f6nstrade slipsar i lugna f\u00e4rger.<\/p>\n\n\n\n<p>Sl\u00f6jan \u2013 som i stort sett alltid f\u00f6rekom fram till 1970-talet \u2013 \u00e4r numera mycket ovanlig. Dess mening var att skapa en avskildhet och i det perspektivet var den kanske p\u00e5 sin plats.<\/p>\n\n\n\t\t\t<a class=\"ub-expand-toggle-button\" style=\"text-align: left; \" role=\"button\">\n\t\t\t\tVisa mindre\n\t\t\t<\/a>\n\t\t<\/div>\n<\/div><\/div>\n<\/div>\n\n\n\n<div id=\"placering\"><\/div>\n\n\n\n<div class=\"wp-block-columns parent-box is-layout-flex wp-container-core-columns-is-layout-9d6595d7 wp-block-columns-is-layout-flex\">\n<div class=\"wp-block-column parent-box-txt is-layout-flow wp-block-column-is-layout-flow\" style=\"flex-basis:66.66%\">\n<h2 class=\"wp-block-heading\">Vart sitter jag?<\/h2>\n\n\n\n<p><em>Placering i kyrka och kapell.<\/em><\/p>\n\n\n\n<p>Var du ska sitta i kyrkan eller kapellet skiljer sig mellan olika orter. Ofta \u00e4r det traditioner som avg\u00f6r. V\u00e5r representant finns p\u00e5 plats och visar dig tillr\u00e4tta.<\/p>\n\n\n\n<p>Det viktigaste i sammanhanget \u00e4r f\u00f6rst\u00e5s inte var du sitter, det som betyder n\u00e5got \u00e4r att du finns med. Vi vet att man som anh\u00f6rig uppskattar att sl\u00e4kt och v\u00e4nner visar sitt deltagande.<\/p>\n<\/div>\n\n\n\n<div class=\"wp-block-column is-layout-flow wp-block-column-is-layout-flow\" style=\"flex-basis:33.33%\">\n<figure class=\"wp-block-image size-full\"><img loading=\"lazy\" decoding=\"async\" width=\"300\" height=\"300\" src=\"https:\/\/utveckling.timecutcloud.com\/lenbergs\/wp-content\/uploads\/2025\/09\/var-sitter-jag.jpg\" alt=\"\" class=\"wp-image-485\" srcset=\"https:\/\/utveckling.timecutcloud.com\/lenbergs\/wp-content\/uploads\/2025\/09\/var-sitter-jag.jpg 300w, https:\/\/utveckling.timecutcloud.com\/lenbergs\/wp-content\/uploads\/2025\/09\/var-sitter-jag-150x150.jpg 150w\" sizes=\"auto, (max-width: 300px) 100vw, 300px\" \/><\/figure>\n<\/div>\n<\/div>\n\n\n\n<div id=\"blommor\"><\/div>\n\n\n\n<div class=\"wp-block-columns parent-box is-layout-flex wp-container-core-columns-is-layout-9d6595d7 wp-block-columns-is-layout-flex\">\n<div class=\"wp-block-column is-layout-flow wp-block-column-is-layout-flow\" style=\"flex-basis:33.33%\">\n<figure class=\"wp-block-image size-full\"><img loading=\"lazy\" decoding=\"async\" width=\"300\" height=\"300\" src=\"https:\/\/utveckling.timecutcloud.com\/lenbergs\/wp-content\/uploads\/2025\/09\/handbukett.jpg\" alt=\"\" class=\"wp-image-486\" srcset=\"https:\/\/utveckling.timecutcloud.com\/lenbergs\/wp-content\/uploads\/2025\/09\/handbukett.jpg 300w, https:\/\/utveckling.timecutcloud.com\/lenbergs\/wp-content\/uploads\/2025\/09\/handbukett-150x150.jpg 150w\" sizes=\"auto, (max-width: 300px) 100vw, 300px\" \/><\/figure>\n<\/div>\n\n\n\n<div class=\"wp-block-column parent-box-txt is-layout-flow wp-block-column-is-layout-flow\" style=\"flex-basis:66.66%\">\n<h2 class=\"wp-block-heading\">Blommor och handbukett<\/h2>\n\n\n\n<p><em>B\u00e5de kvinnor och m\u00e4n kan ha handbukett.<\/em><\/p>\n\n\n\n<p>Du kan best\u00e4lla blommor fr\u00e5n en florist som sen k\u00f6r dem till begravningen. D\u00e5 \u00e4r det viktigt att du anger b\u00e5de klockslag, plats och namnet p\u00e5 den avlidne. Om du sj\u00e4lv har blommorna med dig, b\u00f6r de l\u00e4mnas en timme innan begravningen. Undantagsvis kan man ta emot blommorna senare, men ring d\u00e5 begravningsbyr\u00e5n innan.<\/p>\n\n\n\n<p>B\u00e5de kvinnor och m\u00e4n kan ha en handbukett. Det kan k\u00e4nnas sk\u00f6nt att ha n\u00e5got i handen vid avskedet. Vi hj\u00e4lper dig g\u00e4rna med best\u00e4llning av blommor.<\/p>\n<\/div>\n<\/div>\n\n\n\n<h3 class=\"wp-block-heading headline\">T\u00e5rar \u00e4r ord fr\u00e5n hj\u00e4rtat<\/h3>\n\n\n\n<div id=\"gavoformedling\"><\/div>\n\n\n\n<div class=\"wp-block-columns parent-box is-layout-flex wp-container-core-columns-is-layout-9d6595d7 wp-block-columns-is-layout-flex\">\n<div class=\"wp-block-column is-layout-flow wp-block-column-is-layout-flow\" style=\"flex-basis:33.33%\">\n<figure class=\"wp-block-image size-full\"><img loading=\"lazy\" decoding=\"async\" width=\"300\" height=\"300\" src=\"https:\/\/utveckling.timecutcloud.com\/lenbergs\/wp-content\/uploads\/2025\/09\/gavoformedling.jpg\" alt=\"\" class=\"wp-image-488\" srcset=\"https:\/\/utveckling.timecutcloud.com\/lenbergs\/wp-content\/uploads\/2025\/09\/gavoformedling.jpg 300w, https:\/\/utveckling.timecutcloud.com\/lenbergs\/wp-content\/uploads\/2025\/09\/gavoformedling-150x150.jpg 150w\" sizes=\"auto, (max-width: 300px) 100vw, 300px\" \/><\/figure>\n<\/div>\n\n\n\n<div class=\"wp-block-column parent-box-txt is-layout-flow wp-block-column-is-layout-flow\" style=\"flex-basis:66.66%\">\n<h2 class=\"wp-block-heading\">G\u00e5vof\u00f6rmedling<\/h2>\n\n\n\n<p><em>Att sk\u00e4nka pengar till en fond.<\/em><\/p>\n\n\n\n<p>I d\u00f6dsannonser st\u00e5r det ibland att man kan sk\u00e4nka pengar till en fond eller till v\u00e4lg\u00f6rande \u00e4ndam\u00e5l. Vill du g\u00f6ra det kontaktar du den angivna fonden. Som bevis f\u00f6r din g\u00e5va f\u00e5r de anh\u00f6riga en minnesadress d\u00e4r det st\u00e5r vilka som har sk\u00e4nkt pengar.<\/p>\n\n\n\n<p>Vid de tillf\u00e4llen d\u00e5 givartelefon \u00e4r angivet, kan man ringa till fonden. De g\u00f6r anteckningar p\u00e5 g\u00e5van, skickar minnesblad samt inbetalningskort.<\/p>\n\n\n\n<p>Enligt riktlinjer och regler fr\u00e5n Finansinspektionen kan man fr\u00e5n den 1 januari 2016 inte l\u00e4ngre l\u00e4mna kontanta minnesg\u00e5vor i samband med en begravning. D\u00e4remot kan vi som begravningsbyr\u00e5 hj\u00e4lpa till att f\u00f6rmedla g\u00e5vor.<\/p>\n\n\n\n<p>Vill du veta om n\u00e5gon fond \u00e4r angiven i annonsen, s\u00f6ker du h\u00f6gst upp p\u00e5 denna sida p\u00e5 den avlidnes namn. D\u00e4r hittar du all information.<\/p>\n<\/div>\n<\/div>\n\n\n\n<div id=\"saga\"><\/div>\n\n\n\n<div class=\"wp-block-columns parent-box is-layout-flex wp-container-core-columns-is-layout-9d6595d7 wp-block-columns-is-layout-flex\">\n<div class=\"wp-block-column parent-box-txt is-layout-flow wp-block-column-is-layout-flow\" style=\"flex-basis:66.66%\">\n<h2 class=\"wp-block-heading\">Vad kan du s\u00e4ga och g\u00f6ra?<\/h2>\n\n\n\n<p><em>Ibland k\u00e4nns det sv\u00e5rt att veta vad man ska g\u00f6ra.<\/em><\/p>\n\n\n\n<p>Det \u00e4r sm\u00e4rtsamt att f\u00f6rlora en anh\u00f6rig. Som utomst\u00e5ende k\u00e4nner man sig ofta otillr\u00e4cklig. Det \u00e4r sv\u00e5rt att veta vad man ska s\u00e4ga och g\u00f6ra. Men det beh\u00f6ver inte vara s\u00e5 komplicerat. Det viktigaste \u00e4r att du h\u00f6r av dig och att du ger den s\u00f6rjande lite av din tid.<\/p>\n\n\n\n<p>En del s\u00f6rjande har stort behov av att prata och ber\u00e4tta vad som h\u00e4nt. Andra sitter bara tysta. Hur som helst s\u00e5 betyder det mycket att du finns d\u00e4r. Det \u00e4r din n\u00e4rvaro som \u00e4r viktig. Erbjud g\u00e4rna praktisk hj\u00e4lp. Det \u00e4r mycket v\u00e4rdefullt f\u00f6r den s\u00f6rjande.<\/p>\n<\/div>\n\n\n\n<div class=\"wp-block-column is-layout-flow wp-block-column-is-layout-flow\" style=\"flex-basis:33.33%\">\n<figure class=\"wp-block-image size-full\"><img loading=\"lazy\" decoding=\"async\" width=\"300\" height=\"300\" src=\"https:\/\/utveckling.timecutcloud.com\/lenbergs\/wp-content\/uploads\/2025\/09\/vad-kan-du-saga.jpg\" alt=\"\" class=\"wp-image-489\" srcset=\"https:\/\/utveckling.timecutcloud.com\/lenbergs\/wp-content\/uploads\/2025\/09\/vad-kan-du-saga.jpg 300w, https:\/\/utveckling.timecutcloud.com\/lenbergs\/wp-content\/uploads\/2025\/09\/vad-kan-du-saga-150x150.jpg 150w\" sizes=\"auto, (max-width: 300px) 100vw, 300px\" \/><\/figure>\n<\/div>\n<\/div>\n\n\n\n<div id=\"van\"><\/div>\n\n\n\n<div class=\"wp-block-columns parent-box is-layout-flex wp-container-core-columns-is-layout-9d6595d7 wp-block-columns-is-layout-flex\">\n<div class=\"wp-block-column is-layout-flow wp-block-column-is-layout-flow\" style=\"flex-basis:33.33%\">\n<figure class=\"wp-block-image size-full\"><img loading=\"lazy\" decoding=\"async\" width=\"300\" height=\"300\" src=\"https:\/\/utveckling.timecutcloud.com\/lenbergs\/wp-content\/uploads\/2025\/09\/en-van-har-gatt-bort.jpg\" alt=\"\" class=\"wp-image-490\" srcset=\"https:\/\/utveckling.timecutcloud.com\/lenbergs\/wp-content\/uploads\/2025\/09\/en-van-har-gatt-bort.jpg 300w, https:\/\/utveckling.timecutcloud.com\/lenbergs\/wp-content\/uploads\/2025\/09\/en-van-har-gatt-bort-150x150.jpg 150w\" sizes=\"auto, (max-width: 300px) 100vw, 300px\" \/><\/figure>\n<\/div>\n\n\n\n<div class=\"wp-block-column parent-box-txt is-layout-flow wp-block-column-is-layout-flow\" style=\"flex-basis:66.66%\">\n<h2 class=\"wp-block-heading\">En v\u00e4n g\u00e5r bort<\/h2>\n\n\n\n<p><em>Att f\u00f6rlora en arbetskollega eller idrottskamrat.<\/em><\/p>\n\n\n<div class=\"wp-block-ub-expand ub-expand\" id=\"ub-expand-aaf5e901-663e-4843-81ae-1bd3ece1002e\" data-scroll-type=\"false\" data-scroll-amount=\"\" data-scroll-target=\"\">\n<div class=\"ub-expand-portion ub-expand-partial wp-block-ub-expand-portion\" id=\"ub-expand-full-7db8ad12-9f02-4201-83e3-79c40a35d02c\" role=\"button\" aria-expanded=\"false\" aria-controls=\"ub-expand-full-7db8ad12-9f02-4201-83e3-79c40a35d02c\" tabindex=\"0\">\n\t\t\t\n\n<p>Ut\u00f6ver familjens och de n\u00e4rmast anh\u00f6rigas sorg s\u00e5 uppst\u00e5r ett stort tomrum n\u00e4r en v\u00e4n, arbetskollega eller idrottskamrat d\u00f6r. Vad g\u00f6r man? I de allra flesta fall \u00e4r det uppskattat att ta kontakt med familjen. Det kanske kan k\u00e4nns sv\u00e5rt, men n\u00e4r v\u00e4l kontakten \u00e4r tagen s\u00e5 k\u00e4nner b\u00e5de du och den du kontaktar det sk\u00f6nt.<\/p>\n\n\n\n<p>Det \u00e4r ganska ofta idag att olika gruppering ocks\u00e5 vill visa sin sorg och saknad genom att utforma en annons. Vi kan hj\u00e4lpa till med utformning och r\u00e5d.<\/p>\n\n\n\t\t\t<a class=\"ub-expand-toggle-button\" style=\"text-align: left; \" role=\"button\">\n\t\t\t\tL\u00e4s mer\n\t\t\t<\/a>\n\t\t<\/div>\n\n<div class=\"ub-expand-portion ub-expand-full ub-hide wp-block-ub-expand-portion\" id=\"ub-expand-full-7db8ad12-9f02-4201-83e3-79c40a35d02c\" role=\"button\" aria-expanded=\"false\" aria-controls=\"ub-expand-full-7db8ad12-9f02-4201-83e3-79c40a35d02c\" tabindex=\"0\">\n\t\t\t\n\n<p>Andra fr\u00e5gor som kan bli aktuella d\u00e5 en kollega eller f\u00f6reningskamrat g\u00e5r bort \u00e4r t ex minnesbord med kondoleansbok, fotografi och ljus p\u00e5 f\u00f6retaget eller i f\u00f6reningslokalen.<\/p>\n\n\n\n<p>Kanske uppst\u00e5r funderingar ang\u00e5ende flaggor och fanor. Vi hj\u00e4lper er g\u00e4rna med r\u00e5d omkring detta, liksom alla andra fr\u00e5gor som r\u00f6r begravning och minnesstund.<\/p>\n\n\n\t\t\t<a class=\"ub-expand-toggle-button\" style=\"text-align: left; \" role=\"button\">\n\t\t\t\tVisa mindre\n\t\t\t<\/a>\n\t\t<\/div>\n<\/div><\/div>\n<\/div>\n","protected":false},"excerpt":{"rendered":"<p>G\u00e4st vid begravning Som g\u00e4st vid en begravning kan det vara m\u00e5nga fr\u00e5gor man undrar \u00f6ver.H\u00e4r hittar du all praktisk information. B\u00e5de specifika uppgifter som tidpunkt och plats f\u00f6r begravningen, men ocks\u00e5 information om hur du anm\u00e4ler dig till en minnesstund, best\u00e4ller blommor, sk\u00e4nker en g\u00e5va, vart du kan sitta i kyrkan\/kapellet, hur du g\u00f6r [&hellip;]<\/p>\n","protected":false},"author":1,"featured_media":0,"parent":0,"menu_order":2,"comment_status":"closed","ping_status":"closed","template":"page-parent.php","meta":{"_acf_changed":false,"ub_ctt_via":"","footnotes":""},"class_list":["post-60","page","type-page","status-publish","hentry"],"featured_image_src":null,"acf":[],"_links":{"self":[{"href":"https:\/\/utveckling.timecutcloud.com\/lenbergs\/wp-json\/wp\/v2\/pages\/60","targetHints":{"allow":["GET"]}}],"collection":[{"href":"https:\/\/utveckling.timecutcloud.com\/lenbergs\/wp-json\/wp\/v2\/pages"}],"about":[{"href":"https:\/\/utveckling.timecutcloud.com\/lenbergs\/wp-json\/wp\/v2\/types\/page"}],"author":[{"embeddable":true,"href":"https:\/\/utveckling.timecutcloud.com\/lenbergs\/wp-json\/wp\/v2\/users\/1"}],"replies":[{"embeddable":true,"href":"https:\/\/utveckling.timecutcloud.com\/lenbergs\/wp-json\/wp\/v2\/comments?post=60"}],"version-history":[{"count":10,"href":"https:\/\/utveckling.timecutcloud.com\/lenbergs\/wp-json\/wp\/v2\/pages\/60\/revisions"}],"predecessor-version":[{"id":648,"href":"https:\/\/utveckling.timecutcloud.com\/lenbergs\/wp-json\/wp\/v2\/pages\/60\/revisions\/648"}],"wp:attachment":[{"href":"https:\/\/utveckling.timecutcloud.com\/lenbergs\/wp-json\/wp\/v2\/media?parent=60"}],"curies":[{"name":"wp","href":"https:\/\/api.w.org\/{rel}","templated":true}]}}