{"id":64,"date":"2025-08-01T13:46:55","date_gmt":"2025-08-01T11:46:55","guid":{"rendered":"https:\/\/utveckling.timecutcloud.com\/lenbergs\/?page_id=64"},"modified":"2025-09-05T10:12:18","modified_gmt":"2025-09-05T08:12:18","slug":"juridik","status":"publish","type":"page","link":"https:\/\/utveckling.timecutcloud.com\/lenbergs\/juridik\/","title":{"rendered":"Juridik"},"content":{"rendered":"\n<div class=\"wp-block-columns is-layout-flex wp-container-core-columns-is-layout-9d6595d7 wp-block-columns-is-layout-flex\">\n<div class=\"wp-block-column is-layout-flow wp-block-column-is-layout-flow\" style=\"flex-basis:66.66%\">\n<h1 class=\"wp-block-heading\">Juridik<\/h1>\n\n\n\n<p>Det \u00e4r m\u00e5nga saker som du som n\u00e4rst\u00e5ende m\u00e5ste ta omedelbart ansvar f\u00f6r. F\u00f6rutom best\u00e4llning av begravning kanske du m\u00e5ste ta hand om en bostad.<\/p>\n\n\n\n<p>Det \u00e4r naturligtvis ocks\u00e5 viktigt att ta hand om eventuella husdjur samt rent praktiska saker som att t\u00f6mma kylsk\u00e5p osv. F\u00f6r att undvika oenighet mellan anh\u00f6riga \u00e4r det l\u00e4mpligt att ta med en utomst\u00e5ende n\u00e4r ni g\u00e5r in i den avlidnes bostad. Ingen har r\u00e4tt att ta med sig n\u00e5gonting d\u00e4rifr\u00e5n, utan \u00f6vriga anh\u00f6rigas tillst\u00e5nd. Ett enkelt s\u00e4tt att dokumentera l\u00f6s\u00f6re \u00e4r att fotografera det. Om den avlidne har tillh\u00f6righeter p\u00e5 sjukhus b\u00f6r dessa h\u00e4mtas. Kontakta personalen p\u00e5 sjukhusets avdelning.<\/p>\n<\/div>\n\n\n\n<div class=\"wp-block-column is-layout-flow wp-block-column-is-layout-flow\" style=\"flex-basis:33.33%\">\n<ul class=\"wp-block-list inner-menu\">\n<li class=\"rubrik\">F\u00f6rs\u00e4kring<\/li>\n\n\n\n<li><a href=\"#forsakring\">Efterforskning av f\u00f6rs\u00e4kring<\/a><\/li>\n\n\n\n<li class=\"rubrik\">Bouppteckning och d\u00f6dsbo<\/li>\n\n\n\n<li><a href=\"#dodsboet\">Avveckling av d\u00f6dsboet<\/a><\/li>\n\n\n\n<li><a href=\"#bouppteckning\">Bouppteckning<\/a><\/li>\n\n\n\n<li><a href=\"#bodelning\">Bodelning och arvsskifte<\/a><\/li>\n\n\n\n<li class=\"rubrik\">\u00d6vrig familjejuridik<\/li>\n\n\n\n<li><a href=\"#gavobrev\">G\u00e5vobrev<\/a><\/li>\n\n\n\n<li><a href=\"#aktenskapsforord\">\u00c4ktenskapsf\u00f6rord<\/a><\/li>\n\n\n\n<li><a href=\"#samboavtal\">Samboavtal<\/a><\/li>\n\n\n\n<li><a href=\"#framtidsfullmakt\">Framtidsfullmakt<\/a><\/li>\n\n\n\n<li><a href=\"#testamente\">Testamente<\/a><\/li>\n\n\n\n<li class=\"inner-menu\"><a href=\"#dokumentbevakning\">Dokumentbevakning<\/a><\/li>\n<\/ul>\n<\/div>\n<\/div>\n\n\n\n<div id=\"forsakring\"><\/div>\n\n\n\n<div class=\"wp-block-columns parent-box is-layout-flex wp-container-core-columns-is-layout-9d6595d7 wp-block-columns-is-layout-flex\">\n<div class=\"wp-block-column parent-box-txt is-layout-flow wp-block-column-is-layout-flow\" style=\"flex-basis:66.66%\">\n<h2 class=\"wp-block-heading\">Efterforskning f\u00f6rs\u00e4kring<\/h2>\n\n\n\n<p><em>Hade pappa n\u00e5gon f\u00f6rs\u00e4kring?<\/em><\/p>\n\n\n\n<p>I de flesta fall k\u00e4nner man till vilka f\u00f6rs\u00e4kringspengar som utfaller vid d\u00f6dsfall. Vi hj\u00e4lper er d\u00e5 med de handlingar som erfordras f\u00f6r utbetalning. Men det kan finnas f\u00f6rs\u00e4kringar som du inte k\u00e4nner till \u2013 f\u00f6rs\u00e4kringar d\u00e4r du som efterlevande har r\u00e4tt till ett ekonomiskt efterlevandeskydd. F\u00f6r att vara s\u00e4ker p\u00e5 att du inte missar n\u00e5got som r\u00e4tteligen \u00e4r ditt, har vi genom f\u00f6retaget Cynk AB&nbsp;m\u00f6jlighet att g\u00f6ra en grundlig f\u00f6rs\u00e4kringsinventering.<\/p>\n<\/div>\n\n\n\n<div class=\"wp-block-column is-layout-flow wp-block-column-is-layout-flow\" style=\"flex-basis:33.33%\">\n<figure class=\"wp-block-image size-full\"><img loading=\"lazy\" decoding=\"async\" width=\"300\" height=\"300\" src=\"https:\/\/utveckling.timecutcloud.com\/lenbergs\/wp-content\/uploads\/2025\/09\/Juridik-Efterforskning-forsakring.jpg\" alt=\"\" class=\"wp-image-495\" srcset=\"https:\/\/utveckling.timecutcloud.com\/lenbergs\/wp-content\/uploads\/2025\/09\/Juridik-Efterforskning-forsakring.jpg 300w, https:\/\/utveckling.timecutcloud.com\/lenbergs\/wp-content\/uploads\/2025\/09\/Juridik-Efterforskning-forsakring-150x150.jpg 150w\" sizes=\"auto, (max-width: 300px) 100vw, 300px\" \/><\/figure>\n<\/div>\n<\/div>\n\n\n\n<div id=\"dodsboet\"><\/div>\n\n\n\n<div class=\"wp-block-columns parent-box is-layout-flex wp-container-core-columns-is-layout-9d6595d7 wp-block-columns-is-layout-flex\">\n<div class=\"wp-block-column is-layout-flow wp-block-column-is-layout-flow\" style=\"flex-basis:33.33%\">\n<figure class=\"wp-block-image size-full\"><img loading=\"lazy\" decoding=\"async\" width=\"300\" height=\"300\" src=\"https:\/\/utveckling.timecutcloud.com\/lenbergs\/wp-content\/uploads\/2025\/09\/Juridik-Avveckling-av-dodsboet.jpg\" alt=\"\" class=\"wp-image-496\" srcset=\"https:\/\/utveckling.timecutcloud.com\/lenbergs\/wp-content\/uploads\/2025\/09\/Juridik-Avveckling-av-dodsboet.jpg 300w, https:\/\/utveckling.timecutcloud.com\/lenbergs\/wp-content\/uploads\/2025\/09\/Juridik-Avveckling-av-dodsboet-150x150.jpg 150w\" sizes=\"auto, (max-width: 300px) 100vw, 300px\" \/><\/figure>\n<\/div>\n\n\n\n<div class=\"wp-block-column parent-box-txt is-layout-flow wp-block-column-is-layout-flow\" style=\"flex-basis:66.66%\">\n<h2 class=\"wp-block-heading\">Avveckling av d\u00f6dsboet<\/h2>\n\n\n\n<p><em>Hur g\u00e5r jag tillv\u00e4ga?<\/em><\/p>\n\n\n\n<p>Innan bouppteckningen och avvecklingen av d\u00f6dsboet kan en del praktiska \u00e5tg\u00e4rder beh\u00f6va vidtas. Ibland kan det vara bra att l\u00e5ta v\u00e4rdera l\u00f6s\u00f6ret i den avlidnes hem. D\u00e5 har du m\u00f6jlighet att undvika diskussion och stridigheter om v\u00e4rdet mellan d\u00f6dsbodel\u00e4garna. Vi h\u00e4nvisar dig g\u00e4rna till auktoriserade v\u00e4rderingsm\u00e4n. Vi samarbetar \u00e4ven med f\u00f6retag som hj\u00e4lper till med r\u00f6jning och st\u00e4dning samt f\u00f6rs\u00e4ljning av l\u00f6s\u00f6re genom offentlig auktion. Det kan ocks\u00e5 g\u00e4lla fastighets- eller bostadsr\u00e4ttsf\u00f6rs\u00e4ljning. F\u00f6rutom det ovan uppr\u00e4knade m\u00e5ste r\u00e4kningar betalas, l\u00e4genhet s\u00e4gas upp och s\u00e5 vidare. Vi har en folder som kan hj\u00e4lpa dig och vara ett st\u00f6d i detta sammanhang.<\/p>\n\n\n\n<p>Om du som anh\u00f6rig inte orkar sk\u00f6ta allt sj\u00e4lv kan vi hj\u00e4lpa dig med f\u00f6rvaltning av d\u00f6dsboet. Kontakta oss g\u00e4rna f\u00f6r mer information.<\/p>\n<\/div>\n<\/div>\n\n\n\n<div id=\"bouppteckning\"><\/div>\n\n\n\n<div class=\"wp-block-columns parent-box is-layout-flex wp-container-core-columns-is-layout-9d6595d7 wp-block-columns-is-layout-flex\">\n<div class=\"wp-block-column parent-box-txt is-layout-flow wp-block-column-is-layout-flow\" style=\"flex-basis:66.66%\">\n<h2 class=\"wp-block-heading\">Bouppteckning<\/h2>\n\n\n\n<p><em>Vi har auktoriserade boutredare till din hj\u00e4lp.<\/em><\/p>\n\n\n<div class=\"wp-block-ub-expand ub-expand\" id=\"ub-expand-fd4799e4-078b-4de7-88d1-7a5abc4d73ea\" data-scroll-type=\"false\" data-scroll-amount=\"\" data-scroll-target=\"\">\n<div class=\"ub-expand-portion ub-expand-partial wp-block-ub-expand-portion\" id=\"ub-expand-full-355eab05-1c41-49ff-a24d-ce3d3a6d947e\" role=\"button\" aria-expanded=\"false\" aria-controls=\"ub-expand-full-355eab05-1c41-49ff-a24d-ce3d3a6d947e\" tabindex=\"0\">\n\t\t\t\n\n<p>Bouppteckning \u00e4r den handling som efter ett d\u00f6dsfall ska inges till Skatteverket f\u00f6r registrering. Bouppteckningen inneh\u00e5ller uppgifter om d\u00f6dsbodel\u00e4gare och efterarvingar samt den avlidnes, och i f\u00f6rekommande fall makes eller sambos, tillg\u00e5ngar och skulder. Dessutom ska f\u00f6rekomst av testamente och\/eller \u00e4ktenskapsf\u00f6rord antecknas. V\u00e5ra bouppteckningsf\u00f6rr\u00e4ttare hj\u00e4lper dig med allt som r\u00f6r uppr\u00e4ttande av bouppteckningshandling, registrering till Skatteverket samt \u00f6vriga juridiska fr\u00e5gor.<\/p>\n\n\n\t\t\t<a class=\"ub-expand-toggle-button\" style=\"text-align: left; \" role=\"button\">\n\t\t\t\tL\u00e4s mer\n\t\t\t<\/a>\n\t\t<\/div>\n\n<div class=\"ub-expand-portion ub-expand-full ub-hide wp-block-ub-expand-portion\" id=\"ub-expand-full-355eab05-1c41-49ff-a24d-ce3d3a6d947e\" role=\"button\" aria-expanded=\"false\" aria-controls=\"ub-expand-full-355eab05-1c41-49ff-a24d-ce3d3a6d947e\" tabindex=\"0\">\n\t\t\t\n\n<p>Det \u00e4r vanligt att samtliga d\u00f6dsbodel\u00e4gare och efterarvingar kallas till en s\u00e5 kallad bouppteckningsf\u00f6rr\u00e4ttning f\u00f6r att reda ut de uppgifter som ska finnas med i bouppteckningen. En registrerad bouppteckning visar vilka som f\u00f6retr\u00e4der d\u00f6dsboet och \u00e4r s\u00e5ledes en legitimationshandling. Den ligger \u00e4ven till grund f\u00f6r kommande arvskifte.<\/p>\n\n\n\n<p>Sedan \u00e5r 2005 \u00e4r arvskatten slopad. Under Kontakta oss, hittar du v\u00e5r personal som handl\u00e4gger alla juridiska fr\u00e5gor. H\u00f6r av dig till dem s\u00e5 f\u00e5r du hj\u00e4lp och r\u00e5d.<\/p>\n\n\n\t\t\t<a class=\"ub-expand-toggle-button\" style=\"text-align: left; \" role=\"button\">\n\t\t\t\tVisa mindre\n\t\t\t<\/a>\n\t\t<\/div>\n<\/div><\/div>\n\n\n\n<div class=\"wp-block-column is-layout-flow wp-block-column-is-layout-flow\" style=\"flex-basis:33.33%\">\n<figure class=\"wp-block-image size-full\"><img loading=\"lazy\" decoding=\"async\" width=\"300\" height=\"300\" src=\"https:\/\/utveckling.timecutcloud.com\/lenbergs\/wp-content\/uploads\/2025\/09\/Juridik-Bouppteckning_0.jpg\" alt=\"\" class=\"wp-image-497\" srcset=\"https:\/\/utveckling.timecutcloud.com\/lenbergs\/wp-content\/uploads\/2025\/09\/Juridik-Bouppteckning_0.jpg 300w, https:\/\/utveckling.timecutcloud.com\/lenbergs\/wp-content\/uploads\/2025\/09\/Juridik-Bouppteckning_0-150x150.jpg 150w\" sizes=\"auto, (max-width: 300px) 100vw, 300px\" \/><\/figure>\n<\/div>\n<\/div>\n\n\n\n<div id=\"bodelning\"><\/div>\n\n\n\n<div class=\"wp-block-columns parent-box is-layout-flex wp-container-core-columns-is-layout-9d6595d7 wp-block-columns-is-layout-flex\">\n<div class=\"wp-block-column is-layout-flow wp-block-column-is-layout-flow\" style=\"flex-basis:33.33%\">\n<figure class=\"wp-block-image size-full\"><img loading=\"lazy\" decoding=\"async\" width=\"300\" height=\"300\" src=\"https:\/\/utveckling.timecutcloud.com\/lenbergs\/wp-content\/uploads\/2025\/09\/Juridik-Bodelning-och-Arvsskifte_0.jpg\" alt=\"\" class=\"wp-image-498\" srcset=\"https:\/\/utveckling.timecutcloud.com\/lenbergs\/wp-content\/uploads\/2025\/09\/Juridik-Bodelning-och-Arvsskifte_0.jpg 300w, https:\/\/utveckling.timecutcloud.com\/lenbergs\/wp-content\/uploads\/2025\/09\/Juridik-Bodelning-och-Arvsskifte_0-150x150.jpg 150w\" sizes=\"auto, (max-width: 300px) 100vw, 300px\" \/><\/figure>\n<\/div>\n\n\n\n<div class=\"wp-block-column parent-box-txt is-layout-flow wp-block-column-is-layout-flow\" style=\"flex-basis:66.66%\">\n<h2 class=\"wp-block-heading\">Bodelning och arvsskifte<\/h2>\n\n\n\n<p><em>Hur ska kvarl\u00e5tenskapen f\u00f6rdelas?<\/em><\/p>\n\n\n\n<p>Ett arvskifte \u00e4r ett skriftligt avtal mellan d\u00f6dsbodel\u00e4gare om hur kvarl\u00e5tenskapen ska f\u00f6rdelas dem emellan. Arvskiftet ska godk\u00e4nnas av samtliga d\u00f6dsbodel\u00e4gare. Om den avlidne var gift ska bodelning ske f\u00f6re arvskiftet. Om den avlidne efterl\u00e4mnar sambo och har sambon beg\u00e4rt bodelning, ska ocks\u00e5 bodelning g\u00f6ras f\u00f6re arvskiftet. Ofta uppr\u00e4ttas bodelning och arvskifte i en och samma handling.<\/p>\n<\/div>\n<\/div>\n\n\n\n<div id=\"gavobrev\"><\/div>\n\n\n\n<div class=\"wp-block-columns parent-box is-layout-flex wp-container-core-columns-is-layout-9d6595d7 wp-block-columns-is-layout-flex\">\n<div class=\"wp-block-column parent-box-txt is-layout-flow wp-block-column-is-layout-flow\" style=\"flex-basis:66.66%\">\n<h2 class=\"wp-block-heading\">G\u00e5vobrev<\/h2>\n\n\n\n<p><em>Vilken funktion fyller det?<\/em><\/p>\n\n\n\n<p>Efter den 1 januari 2005 betalas inte l\u00e4ngre g\u00e5voskatt p\u00e5 g\u00e5vor erh\u00e5llna fr o m \u00e5r 2005. I vissa fall finns det \u00e4nd\u00e5 sk\u00e4l att uppr\u00e4tta g\u00e5vobrev.<\/p>\n\n\n\n<p>Vid \u00f6verl\u00e5telse genom g\u00e5va av fast egendom och tomtr\u00e4tt finns formkrav p\u00e5 skriftlig handling. Vidare \u00e4r skriftlig handling n\u00f6dv\u00e4ndig f\u00f6r att en bostadsr\u00e4ttsf\u00f6rening ska registrera \u00f6verf\u00f6ringen av en bostadsr\u00e4tt. I g\u00e5vobrev kan givaren f\u00f6rordna om olika villkor, till exempel att g\u00e5van ska vara enskild egendom eller utg\u00f6ra f\u00f6rskott p\u00e5 arv.<\/p>\n<\/div>\n\n\n\n<div class=\"wp-block-column is-layout-flow wp-block-column-is-layout-flow\" style=\"flex-basis:33.33%\">\n<figure class=\"wp-block-image size-full\"><img loading=\"lazy\" decoding=\"async\" width=\"300\" height=\"300\" src=\"https:\/\/utveckling.timecutcloud.com\/lenbergs\/wp-content\/uploads\/2025\/09\/gavobrev-livsjuristen.jpg\" alt=\"\" class=\"wp-image-499\" srcset=\"https:\/\/utveckling.timecutcloud.com\/lenbergs\/wp-content\/uploads\/2025\/09\/gavobrev-livsjuristen.jpg 300w, https:\/\/utveckling.timecutcloud.com\/lenbergs\/wp-content\/uploads\/2025\/09\/gavobrev-livsjuristen-150x150.jpg 150w\" sizes=\"auto, (max-width: 300px) 100vw, 300px\" \/><\/figure>\n<\/div>\n<\/div>\n\n\n\n<div id=\"aktenskapsforord\"><\/div>\n\n\n\n<div class=\"wp-block-columns parent-box is-layout-flex wp-container-core-columns-is-layout-9d6595d7 wp-block-columns-is-layout-flex\">\n<div class=\"wp-block-column is-layout-flow wp-block-column-is-layout-flow\" style=\"flex-basis:33.33%\">\n<figure class=\"wp-block-image size-full\"><img loading=\"lazy\" decoding=\"async\" width=\"300\" height=\"300\" src=\"https:\/\/utveckling.timecutcloud.com\/lenbergs\/wp-content\/uploads\/2025\/09\/Juridik-Aktenskapsforord.jpg\" alt=\"\" class=\"wp-image-500\" srcset=\"https:\/\/utveckling.timecutcloud.com\/lenbergs\/wp-content\/uploads\/2025\/09\/Juridik-Aktenskapsforord.jpg 300w, https:\/\/utveckling.timecutcloud.com\/lenbergs\/wp-content\/uploads\/2025\/09\/Juridik-Aktenskapsforord-150x150.jpg 150w\" sizes=\"auto, (max-width: 300px) 100vw, 300px\" \/><\/figure>\n<\/div>\n\n\n\n<div class=\"wp-block-column parent-box-txt is-layout-flow wp-block-column-is-layout-flow\" style=\"flex-basis:66.66%\">\n<h2 class=\"wp-block-heading\">\u00c4ktenskapsf\u00f6rord<\/h2>\n\n\n\n<p><em>Avtal mellan makar.<\/em><\/p>\n\n\n\n<p>\u00c4ktenskapsf\u00f6rord \u00e4r ett skriftligt avtal mellan makar om vad som ska vara enskild egendom respektive giftor\u00e4ttsgods. Det som enligt ett \u00e4ktenskapsf\u00f6rord ska vara enskild egendom ing\u00e5r inte i en bodelning. Ett \u00e4ktenskapsf\u00f6rord kan uppr\u00e4ttas inf\u00f6r ett \u00e4ktenskap eller under \u00e4ktenskapet. \u00c4ktenskapsf\u00f6rordet ska registreras vid skatteverket f\u00f6r att bli giltigt. F\u00f6r att upph\u00e4va ett registrerat \u00e4ktenskapsf\u00f6rord kr\u00e4vs att ett nytt uppr\u00e4ttas som ocks\u00e5 det ska registreras. Det r\u00e4cker s\u00e5ledes inte att enbart riva ett befintligt \u00e4ktenskapsf\u00f6rord f\u00f6r att upph\u00e4va det.<\/p>\n<\/div>\n<\/div>\n\n\n\n<div id=\"samboavtal\"><\/div>\n\n\n\n<div class=\"wp-block-columns parent-box is-layout-flex wp-container-core-columns-is-layout-9d6595d7 wp-block-columns-is-layout-flex\">\n<div class=\"wp-block-column parent-box-txt is-layout-flow wp-block-column-is-layout-flow\" style=\"flex-basis:66.66%\">\n<h2 class=\"wp-block-heading\">Samboavtal<\/h2>\n\n\n\n<p><em>En trygghet f\u00f6r alla som \u00e4r sambor.<\/em><\/p>\n\n\n\n<p>Samboavtal \u00e4r ett avtal som kan uppr\u00e4ttas mellan sambor f\u00f6r att till exempel avtala bort reglerna i sambolagen ang\u00e5ende bodelning. Sambolagens regler om delning ger m\u00f6jlighet till bodelning vid separation eller d\u00f6dsfall. Sambors gemensamma bostad och bohag utg\u00f6r samboegendom, om egendomens f\u00f6rv\u00e4rvats f\u00f6r gemensam anv\u00e4ndning.<\/p>\n<\/div>\n\n\n\n<div class=\"wp-block-column is-layout-flow wp-block-column-is-layout-flow\" style=\"flex-basis:33.33%\">\n<figure class=\"wp-block-image size-full\"><img loading=\"lazy\" decoding=\"async\" width=\"300\" height=\"300\" src=\"https:\/\/utveckling.timecutcloud.com\/lenbergs\/wp-content\/uploads\/2025\/09\/Juridik-Samboavtal_0.jpg\" alt=\"\" class=\"wp-image-501\" srcset=\"https:\/\/utveckling.timecutcloud.com\/lenbergs\/wp-content\/uploads\/2025\/09\/Juridik-Samboavtal_0.jpg 300w, https:\/\/utveckling.timecutcloud.com\/lenbergs\/wp-content\/uploads\/2025\/09\/Juridik-Samboavtal_0-150x150.jpg 150w\" sizes=\"auto, (max-width: 300px) 100vw, 300px\" \/><\/figure>\n<\/div>\n<\/div>\n\n\n\n<div id=\"framtidsfullmakt\"><\/div>\n\n\n\n<div class=\"wp-block-columns parent-box is-layout-flex wp-container-core-columns-is-layout-9d6595d7 wp-block-columns-is-layout-flex\">\n<div class=\"wp-block-column is-layout-flow wp-block-column-is-layout-flow\" style=\"flex-basis:33.33%\">\n<figure class=\"wp-block-image size-full\"><img loading=\"lazy\" decoding=\"async\" width=\"300\" height=\"300\" src=\"https:\/\/utveckling.timecutcloud.com\/lenbergs\/wp-content\/uploads\/2025\/09\/Juridik-Framtidsfullmakt.jpg\" alt=\"\" class=\"wp-image-502\" srcset=\"https:\/\/utveckling.timecutcloud.com\/lenbergs\/wp-content\/uploads\/2025\/09\/Juridik-Framtidsfullmakt.jpg 300w, https:\/\/utveckling.timecutcloud.com\/lenbergs\/wp-content\/uploads\/2025\/09\/Juridik-Framtidsfullmakt-150x150.jpg 150w\" sizes=\"auto, (max-width: 300px) 100vw, 300px\" \/><\/figure>\n<\/div>\n\n\n\n<div class=\"wp-block-column parent-box-txt is-layout-flow wp-block-column-is-layout-flow\" style=\"flex-basis:66.66%\">\n<h2 class=\"wp-block-heading\">Framtidsfullmakt<\/h2>\n\n\n\n<p><em>Ett alternativ till god man.<\/em><\/p>\n\n\n\n<p>Med en framtidsfullmakt kan du utse en person som tar hand om dina angel\u00e4genheter om du i framtiden inte l\u00e4ngre kan ta hand om dem sj\u00e4lv p\u00e5 grund av sjukdom eller t ex psykisk oh\u00e4lsa. P\u00e5 s\u00e5 s\u00e4tt blir en framtidsfullmakt ett enklare alternativ till att utse en god man. Fullmakten b\u00f6rjar g\u00e4lla n\u00e4r du sj\u00e4lv inte l\u00e4ngre kan ta hand om dina \u00e4renden. Det kan till exempel vara l\u00f6pande ekonomiska saker, som att betala r\u00e4kningar, f\u00f6rvalta tillg\u00e5ngar som du har p\u00e5 banken och att ta hand om avtal om el, hyra eller olika abonnemang.<\/p>\n\n\n\n<p>Det finns flera formella krav p\u00e5 en framtidsfullmakt. Du m\u00e5ste vara 18 \u00e5r och kunna ta hand om dina angel\u00e4genheter n\u00e4r du skriver fullmakten. Det ska tydligt framg\u00e5 vad fullmakten \u00e4r avsedd f\u00f6r och vem eller vilka som \u00e4r fullmaktshavare. Det hj\u00e4lper vi dig med p\u00e5 v\u00e5r juridiska avdelning.<\/p>\n<\/div>\n<\/div>\n\n\n\n<div id=\"testamente\"><\/div>\n\n\n\n<div class=\"wp-block-columns parent-box is-layout-flex wp-container-core-columns-is-layout-9d6595d7 wp-block-columns-is-layout-flex\">\n<div class=\"wp-block-column parent-box-txt is-layout-flow wp-block-column-is-layout-flow\" style=\"flex-basis:66.66%\">\n<h2 class=\"wp-block-heading\">Testamente<\/h2>\n\n\n\n<p><em>N\u00e4r beh\u00f6vs det?<\/em><\/p>\n\n\n<div class=\"wp-block-ub-expand ub-expand\" id=\"ub-expand-8d158d89-7e4a-41af-8157-782cd951fde5\" data-scroll-type=\"false\" data-scroll-amount=\"\" data-scroll-target=\"\">\n<div class=\"ub-expand-portion ub-expand-partial wp-block-ub-expand-portion\" id=\"ub-expand-full-cd8c909c-ce99-4fb9-8a53-3ffc78dcd242\" role=\"button\" aria-expanded=\"false\" aria-controls=\"ub-expand-full-cd8c909c-ce99-4fb9-8a53-3ffc78dcd242\" tabindex=\"0\">\n\t\t\t\n\n<p>Testamente \u00e4r en handling som inneh\u00e5ller f\u00f6rordnanden om arv och vem eller vilka som ska \u00e4rva. Sambor \u00e4rver inte varandra enligt lag och m\u00e5ste skriva testamente f\u00f6r att \u00e4rva varandra. Det g\u00e4ller \u00e4ven om samborna har barn med varandra. Makar med gemensamma barn \u00e4rver varandra enligt lag. Vill de fr\u00e5ng\u00e5 den legala arvsordningen eller till exempel f\u00f6rordna om enskild egendom till br\u00f6starvingar m\u00e5ste de uppr\u00e4tta testamente.<\/p>\n\n\n\n<p>Vi hj\u00e4lper dig att uppr\u00e4tta testamenten med r\u00e4tt formkrav och kan dokumentbevaka det.<\/p>\n\n\n\t\t\t<a class=\"ub-expand-toggle-button\" style=\"text-align: left; \" role=\"button\">\n\t\t\t\tL\u00e4s mer\n\t\t\t<\/a>\n\t\t<\/div>\n\n<div class=\"ub-expand-portion ub-expand-full ub-hide wp-block-ub-expand-portion\" id=\"ub-expand-full-cd8c909c-ce99-4fb9-8a53-3ffc78dcd242\" role=\"button\" aria-expanded=\"false\" aria-controls=\"ub-expand-full-cd8c909c-ce99-4fb9-8a53-3ffc78dcd242\" tabindex=\"0\">\n\t\t\t\n\n<p>Makar med s\u00e4rkullbarn, det vill s\u00e4ga ej gemensamma barn, \u00e4rver inte varandra. De m\u00e5ste uppr\u00e4tta testamente f\u00f6r att erh\u00e5lla arv fr\u00e5n varandra. Makar utan barn \u00e4rver varandra. Vill de fr\u00e5ng\u00e5 detta eller f\u00f6rordna om arvet efter det att de b\u00e5da \u00e4r avlidna, m\u00e5ste \u00e4ven de uppr\u00e4tta testamente. Ensamst\u00e5ende utan barn som vill fr\u00e5ng\u00e5 den legala arvsordningen m\u00e5ste uppr\u00e4tta testamente.<\/p>\n\n\n\n<p>Det finns vissa formkrav f\u00f6r att ett testamente ska vara giltigt: Handlingen ska vara skriftlig. Testatorn (den som uppr\u00e4ttar ett testamente) skriver under testamentet i tv\u00e5 testamentsvittnens samtidiga n\u00e4rvaro.<\/p>\n\n\n\n<p>Testamentsvittnena m\u00e5ste vara \u00f6ver 15 \u00e5r och f\u00e5r inte vara sl\u00e4kt med testatorn eller de som ska \u00e4rva. Testamentsvittnena m\u00e5ste \u00e4ven f\u00f6rst\u00e5 inneb\u00f6rden av att bevittna testamentet. De beh\u00f6ver dock inte k\u00e4nna till inneh\u00e5llet i testamentet.<\/p>\n\n\n\n<p>Ett testamente registreras inte vid n\u00e5gon myndighet.<\/p>\n\n\n\t\t\t<a class=\"ub-expand-toggle-button\" style=\"text-align: left; \" role=\"button\">\n\t\t\t\tVisa mindre\n\t\t\t<\/a>\n\t\t<\/div>\n<\/div><\/div>\n\n\n\n<div class=\"wp-block-column is-layout-flow wp-block-column-is-layout-flow\" style=\"flex-basis:33.33%\">\n<figure class=\"wp-block-image size-full\"><img loading=\"lazy\" decoding=\"async\" width=\"300\" height=\"300\" src=\"https:\/\/utveckling.timecutcloud.com\/lenbergs\/wp-content\/uploads\/2025\/09\/Juridik-Testamente_1.jpg\" alt=\"\" class=\"wp-image-503\" srcset=\"https:\/\/utveckling.timecutcloud.com\/lenbergs\/wp-content\/uploads\/2025\/09\/Juridik-Testamente_1.jpg 300w, https:\/\/utveckling.timecutcloud.com\/lenbergs\/wp-content\/uploads\/2025\/09\/Juridik-Testamente_1-150x150.jpg 150w\" sizes=\"auto, (max-width: 300px) 100vw, 300px\" \/><\/figure>\n<\/div>\n<\/div>\n\n\n\n<div id=\"dokumentbevakning\"><\/div>\n\n\n\n<div class=\"wp-block-columns parent-box is-layout-flex wp-container-core-columns-is-layout-9d6595d7 wp-block-columns-is-layout-flex\">\n<div class=\"wp-block-column is-layout-flow wp-block-column-is-layout-flow\" style=\"flex-basis:33.33%\">\n<figure class=\"wp-block-image size-full\"><img loading=\"lazy\" decoding=\"async\" width=\"300\" height=\"300\" src=\"https:\/\/utveckling.timecutcloud.com\/lenbergs\/wp-content\/uploads\/2025\/09\/dokumentbevakning-livsjuristen_0.jpg\" alt=\"\" class=\"wp-image-504\" srcset=\"https:\/\/utveckling.timecutcloud.com\/lenbergs\/wp-content\/uploads\/2025\/09\/dokumentbevakning-livsjuristen_0.jpg 300w, https:\/\/utveckling.timecutcloud.com\/lenbergs\/wp-content\/uploads\/2025\/09\/dokumentbevakning-livsjuristen_0-150x150.jpg 150w\" sizes=\"auto, (max-width: 300px) 100vw, 300px\" \/><\/figure>\n<\/div>\n\n\n\n<div class=\"wp-block-column parent-box-txt is-layout-flow wp-block-column-is-layout-flow\" style=\"flex-basis:66.66%\">\n<h2 class=\"wp-block-heading\">Dokumentbevakning<\/h2>\n\n\n\n<p><em>Hur hittar jag alla viktiga papper?<\/em><\/p>\n\n\n<div class=\"wp-block-ub-expand ub-expand\" id=\"ub-expand-9a44b157-5c23-4ac1-96dd-17007e350758\" data-scroll-type=\"false\" data-scroll-amount=\"\" data-scroll-target=\"\">\n<div class=\"ub-expand-portion ub-expand-partial wp-block-ub-expand-portion\" id=\"ub-expand-full-89078a08-e035-4e41-abfa-1d980e3e4493\" role=\"button\" aria-expanded=\"false\" aria-controls=\"ub-expand-full-89078a08-e035-4e41-abfa-1d980e3e4493\" tabindex=\"0\">\n\t\t\t\n\n<p>I den digitala tj\u00e4nsten Livsarkivet, har du m\u00f6jlighet att formulera dina \u00f6nskem\u00e5l om begravning och gravplats. Du kan ocks\u00e5 l\u00e4mna viktiga besked om f\u00f6rs\u00e4kringar och inte minst bekr\u00e4fta att du skrivit ett testamente genom en kopia av detta. Det \u00e4r f\u00f6rst\u00e5s av vikt att Livsarkivet f\u00f6rvaras p\u00e5 en plats s\u00e5 det hittas den dagen det beh\u00f6vs. Du har d\u00e4rf\u00f6r m\u00f6jlighet att spara ditt Livsarkiv digitalt, utan kostnad. Du kan d\u00e5 vara s\u00e4ker att dina anh\u00f6riga f\u00e5r det den dagen du inte l\u00e4ngre finns<\/p>\n\n\n\t\t\t<a class=\"ub-expand-toggle-button\" style=\"text-align: left; \" role=\"button\">\n\t\t\t\tL\u00e4s mer\n\t\t\t<\/a>\n\t\t<\/div>\n\n<div class=\"ub-expand-portion ub-expand-full ub-hide wp-block-ub-expand-portion\" id=\"ub-expand-full-89078a08-e035-4e41-abfa-1d980e3e4493\" role=\"button\" aria-expanded=\"false\" aria-controls=\"ub-expand-full-89078a08-e035-4e41-abfa-1d980e3e4493\" tabindex=\"0\">\n\t\t\t\n\n<p>Livsarkivet kan du fylla i online, men det g\u00e5r lika bra att ladda ned och skriva ut Livsarkivet p\u00e5 papper f\u00f6r att sedan l\u00e4mna det hos oss f\u00f6r f\u00f6rvaring och bevakning kostnadsfritt.<\/p>\n\n\n\n<p>\u00c4ven testamente och andra v\u00e4rdehandlingar kan du f\u00f6rvara genom oss. Vi bevakar att de kommer till k\u00e4nnedom n\u00e4r de beh\u00f6vs.<\/p>\n\n\n\t\t\t<a class=\"ub-expand-toggle-button\" style=\"text-align: left; \" role=\"button\">\n\t\t\t\tVisa mindre\n\t\t\t<\/a>\n\t\t<\/div>\n<\/div><\/div>\n<\/div>\n","protected":false},"excerpt":{"rendered":"<p>Juridik Det \u00e4r m\u00e5nga saker som du som n\u00e4rst\u00e5ende m\u00e5ste ta omedelbart ansvar f\u00f6r. F\u00f6rutom best\u00e4llning av begravning kanske du m\u00e5ste ta hand om en bostad. Det \u00e4r naturligtvis ocks\u00e5 viktigt att ta hand om eventuella husdjur samt rent praktiska saker som att t\u00f6mma kylsk\u00e5p osv. F\u00f6r att undvika oenighet mellan anh\u00f6riga \u00e4r det l\u00e4mpligt [&hellip;]<\/p>\n","protected":false},"author":1,"featured_media":0,"parent":0,"menu_order":3,"comment_status":"closed","ping_status":"closed","template":"page-parent.php","meta":{"_acf_changed":false,"ub_ctt_via":"","footnotes":""},"class_list":["post-64","page","type-page","status-publish","hentry"],"featured_image_src":null,"acf":[],"_links":{"self":[{"href":"https:\/\/utveckling.timecutcloud.com\/lenbergs\/wp-json\/wp\/v2\/pages\/64","targetHints":{"allow":["GET"]}}],"collection":[{"href":"https:\/\/utveckling.timecutcloud.com\/lenbergs\/wp-json\/wp\/v2\/pages"}],"about":[{"href":"https:\/\/utveckling.timecutcloud.com\/lenbergs\/wp-json\/wp\/v2\/types\/page"}],"author":[{"embeddable":true,"href":"https:\/\/utveckling.timecutcloud.com\/lenbergs\/wp-json\/wp\/v2\/users\/1"}],"replies":[{"embeddable":true,"href":"https:\/\/utveckling.timecutcloud.com\/lenbergs\/wp-json\/wp\/v2\/comments?post=64"}],"version-history":[{"count":8,"href":"https:\/\/utveckling.timecutcloud.com\/lenbergs\/wp-json\/wp\/v2\/pages\/64\/revisions"}],"predecessor-version":[{"id":647,"href":"https:\/\/utveckling.timecutcloud.com\/lenbergs\/wp-json\/wp\/v2\/pages\/64\/revisions\/647"}],"wp:attachment":[{"href":"https:\/\/utveckling.timecutcloud.com\/lenbergs\/wp-json\/wp\/v2\/media?parent=64"}],"curies":[{"name":"wp","href":"https:\/\/api.w.org\/{rel}","templated":true}]}}