{"id":68,"date":"2025-08-01T13:47:57","date_gmt":"2025-08-01T11:47:57","guid":{"rendered":"https:\/\/utveckling.timecutcloud.com\/lenbergs\/?page_id=68"},"modified":"2025-09-05T10:11:18","modified_gmt":"2025-09-05T08:11:18","slug":"min-egen-bortgang","status":"publish","type":"page","link":"https:\/\/utveckling.timecutcloud.com\/lenbergs\/min-egen-bortgang\/","title":{"rendered":"Min egen bortg\u00e5ng"},"content":{"rendered":"\n<div class=\"wp-block-columns is-layout-flex wp-container-core-columns-is-layout-9d6595d7 wp-block-columns-is-layout-flex\">\n<div class=\"wp-block-column is-layout-flow wp-block-column-is-layout-flow\" style=\"flex-basis:66.66%\">\n<h1 class=\"wp-block-heading\" id=\"min-egen-bortgang\">Min egen bortg\u00e5ng<\/h1>\n\n\n\n<p>Det finns m\u00e5nga s\u00e4tt att visa varandra omsorg. Ett av dessa \u00e4r att beskriva f\u00f6r sina n\u00e4rmaste vad man vill ska ske n\u00e4r livet en g\u00e5ng finner sitt slut.<\/p>\n\n\n\n<p>Allt kring sorg, d\u00f6d och f\u00f6rlust tar djupa tag i oss. \u00c4ven om det handlar om det mest s\u00e4kra i livet. Vi blir fr\u00e5gande och os\u00e4kra. Samtidigt vill vi g\u00e4rna utforma en m\u00e4nniskas begravning p\u00e5 ett s\u00e4tt som k\u00e4nns \u00e4kta.<\/p>\n<\/div>\n\n\n\n<div class=\"wp-block-column is-layout-flow wp-block-column-is-layout-flow\" style=\"flex-basis:33.33%\">\n<ul class=\"wp-block-list inner-menu\">\n<li class=\"rubrik\">Planering<\/li>\n\n\n\n<li><a href=\"#framtidsfullmakt\">Framtidsfullmakt<\/a><\/li>\n\n\n\n<li><a href=\"#livsarkivet\">Livsarkivet<\/a><\/li>\n\n\n\n<li><a href=\"#testamente\">Testamente<\/a><\/li>\n\n\n\n<li class=\"inner-menu\"><a href=\"#dokumentbevakning\">Dokumentbevakning<\/a><\/li>\n<\/ul>\n<\/div>\n<\/div>\n\n\n\n<div id=\"framtidsfullmakt\"><\/div>\n\n\n\n<div class=\"wp-block-columns parent-box is-layout-flex wp-container-core-columns-is-layout-9d6595d7 wp-block-columns-is-layout-flex\">\n<div class=\"wp-block-column parent-box-txt is-layout-flow wp-block-column-is-layout-flow\" style=\"flex-basis:66.66%\">\n<h2 class=\"wp-block-heading\" id=\"framtidsfullmakt\">Framtidsfullmakt<\/h2>\n\n\n\n<p><em>Ett alternativ till god man.<\/em><\/p>\n\n\n\n<p>Med en framtidsfullmakt kan du utse en person som tar hand om dina angel\u00e4genheter om du i framtiden inte l\u00e4ngre kan ta hand om dem sj\u00e4lv p\u00e5 grund av sjukdom eller t ex psykisk oh\u00e4lsa. P\u00e5 s\u00e5 s\u00e4tt blir en framtidsfullmakt ett enklare alternativ till att utse en god man. Fullmakten b\u00f6rjar g\u00e4lla n\u00e4r du sj\u00e4lv inte l\u00e4ngre kan ta hand om dina \u00e4renden. Det kan till exempel vara l\u00f6pande ekonomiska saker, som att betala r\u00e4kningar, f\u00f6rvalta tillg\u00e5ngar som du har p\u00e5 banken och att ta hand om avtal om el, hyra eller olika abonnemang.<\/p>\n\n\n\n<p>Det finns flera formella krav p\u00e5 en framtidsfullmakt. Du m\u00e5ste vara 18 \u00e5r och kunna ta hand om dina angel\u00e4genheter n\u00e4r du skriver fullmakten. Det ska tydligt framg\u00e5 vad fullmakten \u00e4r avsedd f\u00f6r och vem eller vilka som \u00e4r fullmaktshavare. Det hj\u00e4lper vi dig med p\u00e5 v\u00e5r juridiska avdelning.<\/p>\n<\/div>\n\n\n\n<div class=\"wp-block-column is-layout-flow wp-block-column-is-layout-flow\" style=\"flex-basis:33.33%\">\n<figure class=\"wp-block-image size-full\"><img loading=\"lazy\" decoding=\"async\" width=\"300\" height=\"300\" src=\"https:\/\/utveckling.timecutcloud.com\/lenbergs\/wp-content\/uploads\/2025\/09\/Juridik-Framtidsfullmakt_2.jpg\" alt=\"\" class=\"wp-image-507\" srcset=\"https:\/\/utveckling.timecutcloud.com\/lenbergs\/wp-content\/uploads\/2025\/09\/Juridik-Framtidsfullmakt_2.jpg 300w, https:\/\/utveckling.timecutcloud.com\/lenbergs\/wp-content\/uploads\/2025\/09\/Juridik-Framtidsfullmakt_2-150x150.jpg 150w\" sizes=\"auto, (max-width: 300px) 100vw, 300px\" \/><\/figure>\n<\/div>\n<\/div>\n\n\n\n<div id=\"livsarkivet\"><\/div>\n\n\n\n<div class=\"wp-block-columns parent-box is-layout-flex wp-container-core-columns-is-layout-9d6595d7 wp-block-columns-is-layout-flex\">\n<div class=\"wp-block-column is-layout-flow wp-block-column-is-layout-flow\" style=\"flex-basis:33.33%\">\n<figure class=\"wp-block-image size-full\"><img loading=\"lazy\" decoding=\"async\" width=\"300\" height=\"300\" src=\"https:\/\/utveckling.timecutcloud.com\/lenbergs\/wp-content\/uploads\/2025\/09\/Min-egen-bortgang-Livsarkivet.jpg\" alt=\"\" class=\"wp-image-509\" srcset=\"https:\/\/utveckling.timecutcloud.com\/lenbergs\/wp-content\/uploads\/2025\/09\/Min-egen-bortgang-Livsarkivet.jpg 300w, https:\/\/utveckling.timecutcloud.com\/lenbergs\/wp-content\/uploads\/2025\/09\/Min-egen-bortgang-Livsarkivet-150x150.jpg 150w\" sizes=\"auto, (max-width: 300px) 100vw, 300px\" \/><\/figure>\n<\/div>\n\n\n\n<div class=\"wp-block-column parent-box-txt is-layout-flow wp-block-column-is-layout-flow\" style=\"flex-basis:66.66%\">\n<h2 class=\"wp-block-heading\" id=\"livsarkivet\">Livsarkivet<\/h2>\n\n\n\n<p><em>Ett enkelt s\u00e4tt att underl\u00e4tta f\u00f6r dina anh\u00f6riga.<\/em><\/p>\n\n\n\n<p>I Livsarkivet har du m\u00f6jlighet att formulera dina \u00f6nskem\u00e5l om begravning och gravplats. Du kan l\u00e4mna viktiga besked om f\u00f6rs\u00e4kringar och inte minst bekr\u00e4fta att du skrivit ett testamente genom en kopia av detta. Vi ger dig g\u00e4rna tillf\u00e4lle f\u00f6r ett samtal d\u00e4r Livsarkivet utformas. Du har sedan ett original och vi f\u00f6rvarar en kopia som kan revideras men ocks\u00e5 l\u00e4tt tas fram d\u00e5 det kommer att beh\u00f6vas.<\/p>\n\n\n\n<p>Livsarkivet kan du fylla i online, men det g\u00e5r lika bra att skriva ut och fylla i Livsarkivet p\u00e5 papper f\u00f6r att sedan l\u00e4mna det hos oss f\u00f6r f\u00f6rvaring och bevakning. Skriv g\u00e4rna ut dokumentet och f\u00f6rvara handlingen l\u00e4ttillg\u00e4nglig i din bostad.<\/p>\n<\/div>\n<\/div>\n\n\n\n<div id=\"testamente\"><\/div>\n\n\n\n<div class=\"wp-block-columns parent-box is-layout-flex wp-container-core-columns-is-layout-9d6595d7 wp-block-columns-is-layout-flex\">\n<div class=\"wp-block-column parent-box-txt is-layout-flow wp-block-column-is-layout-flow\" style=\"flex-basis:66.66%\">\n<h2 class=\"wp-block-heading\" id=\"testamente-behovs-det\">Testamente &#8211; Beh\u00f6vs det?<\/h2>\n\n\n\n<p><em>Hj\u00e4lp vid uppr\u00e4ttande av testamente.<\/em><\/p>\n\n\n<div class=\"wp-block-ub-expand ub-expand\" id=\"ub-expand-8deeb825-6b8d-4168-ba81-f2d89555c294\" data-scroll-type=\"false\" data-scroll-amount=\"\" data-scroll-target=\"\">\n<div class=\"ub-expand-portion ub-expand-partial wp-block-ub-expand-portion\" id=\"ub-expand-full-10ca1c66-9972-4966-bca6-7b2dc4766261\" role=\"button\" aria-expanded=\"false\" aria-controls=\"ub-expand-full-10ca1c66-9972-4966-bca6-7b2dc4766261\" tabindex=\"0\">\n\t\t\t\n\n<p>Testamente \u00e4r en handling som inneh\u00e5ller f\u00f6rordnanden om arv och vem eller vilka som ska \u00e4rva. Sambor \u00e4rver inte varandra enligt lag och m\u00e5ste skriva testamente f\u00f6r att \u00e4rva varandra. Det g\u00e4ller \u00e4ven om samborna har barn med varandra. Makar med gemensamma barn \u00e4rver varandra enligt lag. Vill de fr\u00e5ng\u00e5 den legala arvsordningen eller till exempel f\u00f6rordna om enskild egendom till br\u00f6starvingar m\u00e5ste de uppr\u00e4tta testamente.<\/p>\n\n\n\n<p>Vi hj\u00e4lper dig att uppr\u00e4tta testamenten med r\u00e4tt formkrav och kan dokumentbevaka det.<\/p>\n\n\n\t\t\t<a class=\"ub-expand-toggle-button\" style=\"text-align: left; \" role=\"button\">\n\t\t\t\tL\u00e4s mer\n\t\t\t<\/a>\n\t\t<\/div>\n\n<div class=\"ub-expand-portion ub-expand-full ub-hide wp-block-ub-expand-portion\" id=\"ub-expand-full-10ca1c66-9972-4966-bca6-7b2dc4766261\" role=\"button\" aria-expanded=\"false\" aria-controls=\"ub-expand-full-10ca1c66-9972-4966-bca6-7b2dc4766261\" tabindex=\"0\">\n\t\t\t\n\n<p>Makar med s\u00e4rkullbarn, det vill s\u00e4ga ej gemensamma barn, \u00e4rver inte varandra. De m\u00e5ste uppr\u00e4tta testamente f\u00f6r att erh\u00e5lla arv fr\u00e5n varandra. Makar utan barn \u00e4rver varandra. Vill de fr\u00e5ng\u00e5 detta eller f\u00f6rordna om arvet efter det att de b\u00e5da \u00e4r avlidna, m\u00e5ste \u00e4ven de uppr\u00e4tta testamente. Ensamst\u00e5ende utan barn som vill fr\u00e5ng\u00e5 den legala arvsordningen m\u00e5ste uppr\u00e4tta testamente.<\/p>\n\n\n\n<p>Det finns vissa formkrav f\u00f6r att ett testamente ska vara giltigt: Handlingen ska vara skriftlig. Testatorn (den som uppr\u00e4ttar ett testamente) skriver under testamentet i tv\u00e5 testamentsvittnens samtidiga n\u00e4rvaro.<\/p>\n\n\n\n<p>Testamentsvittnena m\u00e5ste vara \u00f6ver 15 \u00e5r och f\u00e5r inte vara sl\u00e4kt med testatorn eller de som ska \u00e4rva. Testamentsvittnena m\u00e5ste \u00e4ven f\u00f6rst\u00e5 inneb\u00f6rden av att bevittna testamentet. De beh\u00f6ver dock inte k\u00e4nna till inneh\u00e5llet i testamentet.<\/p>\n\n\n\n<p>Ett testamente registreras inte vid n\u00e5gon myndighet.<\/p>\n\n\n\t\t\t<a class=\"ub-expand-toggle-button\" style=\"text-align: left; \" role=\"button\">\n\t\t\t\tVisa mindre\n\t\t\t<\/a>\n\t\t<\/div>\n<\/div><\/div>\n\n\n\n<div class=\"wp-block-column is-layout-flow wp-block-column-is-layout-flow\" style=\"flex-basis:33.33%\">\n<figure class=\"wp-block-image size-full\"><img loading=\"lazy\" decoding=\"async\" width=\"300\" height=\"300\" src=\"https:\/\/utveckling.timecutcloud.com\/lenbergs\/wp-content\/uploads\/2025\/09\/Juridik-Testamente_1_0.jpg\" alt=\"\" class=\"wp-image-510\" srcset=\"https:\/\/utveckling.timecutcloud.com\/lenbergs\/wp-content\/uploads\/2025\/09\/Juridik-Testamente_1_0.jpg 300w, https:\/\/utveckling.timecutcloud.com\/lenbergs\/wp-content\/uploads\/2025\/09\/Juridik-Testamente_1_0-150x150.jpg 150w\" sizes=\"auto, (max-width: 300px) 100vw, 300px\" \/><\/figure>\n<\/div>\n<\/div>\n\n\n\n<div id=\"dokumentbevakning\"><\/div>\n\n\n\n<div class=\"wp-block-columns parent-box is-layout-flex wp-container-core-columns-is-layout-9d6595d7 wp-block-columns-is-layout-flex\">\n<div class=\"wp-block-column is-layout-flow wp-block-column-is-layout-flow\" style=\"flex-basis:33.33%\">\n<figure class=\"wp-block-image size-full\"><img loading=\"lazy\" decoding=\"async\" width=\"300\" height=\"300\" src=\"https:\/\/utveckling.timecutcloud.com\/lenbergs\/wp-content\/uploads\/2025\/09\/dokumentbevakning-livsjuristen.jpg\" alt=\"\" class=\"wp-image-511\" srcset=\"https:\/\/utveckling.timecutcloud.com\/lenbergs\/wp-content\/uploads\/2025\/09\/dokumentbevakning-livsjuristen.jpg 300w, https:\/\/utveckling.timecutcloud.com\/lenbergs\/wp-content\/uploads\/2025\/09\/dokumentbevakning-livsjuristen-150x150.jpg 150w\" sizes=\"auto, (max-width: 300px) 100vw, 300px\" \/><\/figure>\n<\/div>\n\n\n\n<div class=\"wp-block-column parent-box-txt is-layout-flow wp-block-column-is-layout-flow\" style=\"flex-basis:66.66%\">\n<h2 class=\"wp-block-heading\" id=\"dokumentbevakning\">Dokumentbevakning<\/h2>\n\n\n\n<p><em>En trygghet f\u00f6r dina anh\u00f6riga.<\/em><\/p>\n\n\n\n<p>Ut\u00f6ver tj\u00e4nsten Livsarkivet kan du ocks\u00e5 f\u00f6rvara testamente och andra v\u00e4rdehandlingar genom oss. Vi bevakar att de kommer till k\u00e4nnedom den dagen de beh\u00f6vs. Det kan k\u00e4nnas tryggt f\u00f6r dina anh\u00f6riga att alla viktiga papper finns l\u00e4ttillg\u00e4ngliga och samlade p\u00e5 en plats.<\/p>\n<\/div>\n<\/div>\n","protected":false},"excerpt":{"rendered":"<p>Min egen bortg\u00e5ng Det finns m\u00e5nga s\u00e4tt att visa varandra omsorg. Ett av dessa \u00e4r att beskriva f\u00f6r sina n\u00e4rmaste vad man vill ska ske n\u00e4r livet en g\u00e5ng finner sitt slut. Allt kring sorg, d\u00f6d och f\u00f6rlust tar djupa tag i oss. \u00c4ven om det handlar om det mest s\u00e4kra i livet. Vi blir [&hellip;]<\/p>\n","protected":false},"author":1,"featured_media":0,"parent":0,"menu_order":4,"comment_status":"closed","ping_status":"closed","template":"page-parent.php","meta":{"_acf_changed":false,"ub_ctt_via":"","footnotes":""},"class_list":["post-68","page","type-page","status-publish","hentry"],"featured_image_src":null,"acf":[],"_links":{"self":[{"href":"https:\/\/utveckling.timecutcloud.com\/lenbergs\/wp-json\/wp\/v2\/pages\/68","targetHints":{"allow":["GET"]}}],"collection":[{"href":"https:\/\/utveckling.timecutcloud.com\/lenbergs\/wp-json\/wp\/v2\/pages"}],"about":[{"href":"https:\/\/utveckling.timecutcloud.com\/lenbergs\/wp-json\/wp\/v2\/types\/page"}],"author":[{"embeddable":true,"href":"https:\/\/utveckling.timecutcloud.com\/lenbergs\/wp-json\/wp\/v2\/users\/1"}],"replies":[{"embeddable":true,"href":"https:\/\/utveckling.timecutcloud.com\/lenbergs\/wp-json\/wp\/v2\/comments?post=68"}],"version-history":[{"count":9,"href":"https:\/\/utveckling.timecutcloud.com\/lenbergs\/wp-json\/wp\/v2\/pages\/68\/revisions"}],"predecessor-version":[{"id":646,"href":"https:\/\/utveckling.timecutcloud.com\/lenbergs\/wp-json\/wp\/v2\/pages\/68\/revisions\/646"}],"wp:attachment":[{"href":"https:\/\/utveckling.timecutcloud.com\/lenbergs\/wp-json\/wp\/v2\/media?parent=68"}],"curies":[{"name":"wp","href":"https:\/\/api.w.org\/{rel}","templated":true}]}}