{"id":72,"date":"2025-08-01T13:48:48","date_gmt":"2025-08-01T11:48:48","guid":{"rendered":"https:\/\/utveckling.timecutcloud.com\/lenbergs\/?page_id=72"},"modified":"2025-09-04T10:42:43","modified_gmt":"2025-09-04T08:42:43","slug":"kontakta-oss","status":"publish","type":"page","link":"https:\/\/utveckling.timecutcloud.com\/lenbergs\/kontakta-oss\/","title":{"rendered":"Kontakta oss"},"content":{"rendered":"\n<p class=\"ingress\">Du kan alltid n\u00e5 oss p\u00e5 v\u00e5r jourtelefon:&nbsp;<a href=\"tel:020 - 22 57 00\">020 &#8211; 22 57 00<\/a>.<\/p>\n\n\n\n<p>D\u00e5 ett d\u00f6dsfall intr\u00e4ffar kan det k\u00e4nnas tryggt att veta att du har m\u00f6jlighet att komma i kontakt med oss hela dygnet. Vi har alltid personal i tj\u00e4nst som kan utf\u00f6ra bis\u00e4ttningar. Kontorstid \u00e4r m\u00e5ndag\u2013fredag kl 08.30\u201317.00.<\/p>\n\n\n\n<p>V\u00e4lkommen att h\u00f6ra av dig.<\/p>\n\n\n\n<p><\/p>\n","protected":false},"excerpt":{"rendered":"<p>Du kan alltid n\u00e5 oss p\u00e5 v\u00e5r jourtelefon:&nbsp;020 &#8211; 22 57 00. D\u00e5 ett d\u00f6dsfall intr\u00e4ffar kan det k\u00e4nnas tryggt att veta att du har m\u00f6jlighet att komma i kontakt med oss hela dygnet. Vi har alltid personal i tj\u00e4nst som kan utf\u00f6ra bis\u00e4ttningar. Kontorstid \u00e4r m\u00e5ndag\u2013fredag kl 08.30\u201317.00. V\u00e4lkommen att h\u00f6ra av dig.<\/p>\n","protected":false},"author":1,"featured_media":0,"parent":0,"menu_order":5,"comment_status":"closed","ping_status":"closed","template":"page-kontakt.php","meta":{"_acf_changed":false,"ub_ctt_via":"","footnotes":""},"class_list":["post-72","page","type-page","status-publish","hentry"],"featured_image_src":null,"acf":[],"_links":{"self":[{"href":"https:\/\/utveckling.timecutcloud.com\/lenbergs\/wp-json\/wp\/v2\/pages\/72","targetHints":{"allow":["GET"]}}],"collection":[{"href":"https:\/\/utveckling.timecutcloud.com\/lenbergs\/wp-json\/wp\/v2\/pages"}],"about":[{"href":"https:\/\/utveckling.timecutcloud.com\/lenbergs\/wp-json\/wp\/v2\/types\/page"}],"author":[{"embeddable":true,"href":"https:\/\/utveckling.timecutcloud.com\/lenbergs\/wp-json\/wp\/v2\/users\/1"}],"replies":[{"embeddable":true,"href":"https:\/\/utveckling.timecutcloud.com\/lenbergs\/wp-json\/wp\/v2\/comments?post=72"}],"version-history":[{"count":7,"href":"https:\/\/utveckling.timecutcloud.com\/lenbergs\/wp-json\/wp\/v2\/pages\/72\/revisions"}],"predecessor-version":[{"id":542,"href":"https:\/\/utveckling.timecutcloud.com\/lenbergs\/wp-json\/wp\/v2\/pages\/72\/revisions\/542"}],"wp:attachment":[{"href":"https:\/\/utveckling.timecutcloud.com\/lenbergs\/wp-json\/wp\/v2\/media?parent=72"}],"curies":[{"name":"wp","href":"https:\/\/api.w.org\/{rel}","templated":true}]}}