{"id":103,"date":"2023-10-17T09:04:51","date_gmt":"2023-10-17T07:04:51","guid":{"rendered":"https:\/\/utveckling.timecutcloud.com\/ostgota\/?page_id=103"},"modified":"2023-10-24T16:54:56","modified_gmt":"2023-10-24T14:54:56","slug":"bouppteckning","status":"publish","type":"page","link":"https:\/\/utveckling.timecutcloud.com\/ostgota\/juridik\/bouppteckning\/","title":{"rendered":"Bouppteckning"},"content":{"rendered":"\n<p>Vid ett d\u00f6dsfall \u00e4r grundregeln att&nbsp;bouppteckning ska g\u00f6ras och att det skall ske inom tre m\u00e5nader fr\u00e5n d\u00f6dsdagen. En bouppteckning fastst\u00e4ller vilka som \u00e4r d\u00f6dsbodel\u00e4gare och vilka tillg\u00e5ngar och skulder som finns i boet. En bouppteckning kan vara mer eller mindre komplicerad och har man sj\u00e4lv inte de juridiska kunskaperna b\u00f6r man ta hj\u00e4lp med detta. V\u00e5r auktoriserade bouppteckningsf\u00f6rr\u00e4ttare Fredrik Josefsson utg\u00e5r fr\u00e5n Norrk\u00f6ping men kan \u00e4ven tr\u00e4ffas p\u00e5&nbsp;v\u00e5ra kontor i S\u00f6derk\u00f6ping och Finsp\u00e5ng. Fredrik g\u00f6r \u00e4ven hembes\u00f6k runt om i \u00d6sterg\u00f6tland om det \u00f6nskas.<\/p>\n\n\n\n<p>V\u00e4ljer ni att g\u00f6ra bouppteckningen sj\u00e4lva finns formul\u00e4r och information om bouppteckning att\u00a0best\u00e4lla\u00a0eller ladda\u00a0ner\u00a0fr\u00e5n <a href=\"https:\/\/www.skatteverket.se\/privat\/etjansterochblanketter\/blanketterbroschyrer\/blanketter\/info\/4600.4.39f16f103821c58f680006692.html\" data-type=\"link\" data-id=\"https:\/\/www.skatteverket.se\/privat\/etjansterochblanketter\/blanketterbroschyrer\/blanketter\/info\/4600.4.39f16f103821c58f680006692.html\" rel=\"noopener\">Skatteverkets hemsida<\/a>.<br>\u00a0<\/p>\n\n\n\n<h2 class=\"wp-block-heading\">D\u00f6dsboanm\u00e4lan<\/h2>\n\n\n\n<p>Om boet inte har mer tillg\u00e5ngar \u00e4n vad begravningen och <a href=\"https:\/\/utveckling.timecutcloud.com\/ostgota\/ordna-begravning\/gravsten\/\" data-type=\"link\" data-id=\"https:\/\/utveckling.timecutcloud.com\/ostgota\/ordna-begravning\/gravsten\/\">gravsten<\/a> kostar kan man ist\u00e4llet f\u00f6r en bouppteckning ans\u00f6ka hos kommunen om att g\u00f6ra en d\u00f6dsboanm\u00e4lan. Kommunen hj\u00e4lper d\u00e5 till med&nbsp;d\u00f6dsboanm\u00e4lan. Det inneb\u00e4r inte att kommunen g\u00f6r allt arbete utan mycket ligger p\u00e5 dig som anh\u00f6rig. Om du tror att det kan bli aktuellt med d\u00f6dsboanm\u00e4lan \u00e4r det viktigt med en tidig kontakt med kommunen innan du t\u00f6mmer bostaden. I m\u00e5nga kommuner \u00e4r det aktuellt med hembes\u00f6k f\u00f6r att kunna f\u00e5 hj\u00e4lp med d\u00f6dsboanm\u00e4lan.<\/p>\n","protected":false},"excerpt":{"rendered":"<p>Vid ett d\u00f6dsfall \u00e4r grundregeln att&nbsp;bouppteckning ska g\u00f6ras och att det skall ske inom tre m\u00e5nader fr\u00e5n d\u00f6dsdagen. En bouppteckning fastst\u00e4ller vilka som \u00e4r d\u00f6dsbodel\u00e4gare och vilka tillg\u00e5ngar och skulder som finns i boet. En bouppteckning kan vara mer eller mindre komplicerad och har man sj\u00e4lv inte de juridiska kunskaperna b\u00f6r man ta hj\u00e4lp med [&hellip;]<\/p>\n","protected":false},"author":1,"featured_media":0,"parent":99,"menu_order":0,"comment_status":"closed","ping_status":"closed","template":"","meta":{"footnotes":""},"class_list":["post-103","page","type-page","status-publish","hentry"],"acf":[],"_links":{"self":[{"href":"https:\/\/utveckling.timecutcloud.com\/ostgota\/wp-json\/wp\/v2\/pages\/103","targetHints":{"allow":["GET"]}}],"collection":[{"href":"https:\/\/utveckling.timecutcloud.com\/ostgota\/wp-json\/wp\/v2\/pages"}],"about":[{"href":"https:\/\/utveckling.timecutcloud.com\/ostgota\/wp-json\/wp\/v2\/types\/page"}],"author":[{"embeddable":true,"href":"https:\/\/utveckling.timecutcloud.com\/ostgota\/wp-json\/wp\/v2\/users\/1"}],"replies":[{"embeddable":true,"href":"https:\/\/utveckling.timecutcloud.com\/ostgota\/wp-json\/wp\/v2\/comments?post=103"}],"version-history":[{"count":7,"href":"https:\/\/utveckling.timecutcloud.com\/ostgota\/wp-json\/wp\/v2\/pages\/103\/revisions"}],"predecessor-version":[{"id":309,"href":"https:\/\/utveckling.timecutcloud.com\/ostgota\/wp-json\/wp\/v2\/pages\/103\/revisions\/309"}],"up":[{"embeddable":true,"href":"https:\/\/utveckling.timecutcloud.com\/ostgota\/wp-json\/wp\/v2\/pages\/99"}],"wp:attachment":[{"href":"https:\/\/utveckling.timecutcloud.com\/ostgota\/wp-json\/wp\/v2\/media?parent=103"}],"curies":[{"name":"wp","href":"https:\/\/api.w.org\/{rel}","templated":true}]}}