{"id":110,"date":"2023-10-17T09:11:30","date_gmt":"2023-10-17T07:11:30","guid":{"rendered":"https:\/\/utveckling.timecutcloud.com\/ostgota\/?page_id=110"},"modified":"2023-10-24T16:53:45","modified_gmt":"2023-10-24T14:53:45","slug":"vem-arver","status":"publish","type":"page","link":"https:\/\/utveckling.timecutcloud.com\/ostgota\/juridik\/vem-arver\/","title":{"rendered":"Vem \u00e4rver"},"content":{"rendered":"\n<p><strong>Vem \u00e4rver, \u00e4r en fr\u00e5ga som s\u00e4kert m\u00e5nga st\u00e4ller sig. Svaret \u00e4r inte alltid enkelt.<\/strong><\/p>\n\n\n\n<p>Arvingar delas in i tre olika arvsklasser.<\/p>\n\n\n\n<h2 class=\"wp-block-heading\">F\u00f6rsta arvsklassen,&nbsp;barn till den avlidne<\/h2>\n\n\n\n<p>I den f\u00f6rsta arvsklassen ing\u00e5r den avlidnes br\u00f6starvingar, dvs. dennes barn och deras avkomlingar (barnbarn osv). Om n\u00e5got barn skulle ha d\u00f6tt \u00e4rver allts\u00e5 det barnets barn ist\u00e4llet. Adopterade barn har samma r\u00e4tt till arv som biologiska barn. Alla barn \u00e4rver lika. Fosterbarn och styvbarn saknar arvsr\u00e4tt, f\u00f6r att de ska kunna ta del av kvarl\u00e5tenskapen kr\u00e4vs att den avlidne skrivit testamente.<\/p>\n\n\n\n<p>Det finns ett viktigt undantag fr\u00e5n br\u00f6starvingars r\u00e4tt att f\u00e5 ut sitt arv direkt efter den avlidne f\u00f6r\u00e4lderns bortg\u00e5ng. Detta g\u00e4ller n\u00e4r den avlidne varit gift.&nbsp;<strong>F\u00f6r att skydda den efterlevande maken\/makan \u00e4rver han\/hon hela den avlidnes kvarl\u00e5tenskap med fri f\u00f6rfogander\u00e4tt. Efterlevande makes r\u00e4tt g\u00e5r s\u00e5ledes f\u00f6re br\u00f6starvingarnas arvsr\u00e4tt, som skjuts upp tills \u00e4ven den andre f\u00f6r\u00e4ldern avlidit.&nbsp;<\/strong><\/p>\n\n\n\n<p>Barn som inte \u00e4r&nbsp;gemensamma, s\u00e5 kallade&nbsp;s\u00e4rkullbarn&nbsp;har&nbsp;alltid r\u00e4tt att f\u00e5 ut sin laglott direkt n\u00e4r f\u00f6r\u00e4ldern avlidit. S\u00e4rkullbarn kan dock v\u00e4lja att avst\u00e5 sitt arv tills vidare s\u00e5 att den efterlevande maken kan sitta i orubbat bo.&nbsp;Till skillnad fr\u00e5n vad som g\u00e4ller f\u00f6r makar saknar sambo arvsr\u00e4tt.<\/p>\n\n\n\n<p>F\u00f6r sambos g\u00e4ller andra regler \u00e4n f\u00f6r gifta. Efterlevande sambo har ingen legal arvsr\u00e4tt efter den avlidne. Sambon kan endast beg\u00e4ra bodelning av gemensam bostad och bohag som f\u00f6rv\u00e4rvats f\u00f6r gemensamt bruk och d\u00e4rmed f\u00e5 r\u00e4tt till h\u00e4lften av detta.&nbsp;<\/p>\n\n\n\n<h2 class=\"wp-block-heading\">Andra arvsklassen, f\u00f6r\u00e4ldrar och syskon<\/h2>\n\n\n\n<p>Arvingarna i den andra arvsklassen har bara r\u00e4tt till arv om det inte finns n\u00e5gra br\u00f6starvingar. En f\u00f6ruts\u00e4ttning \u00e4r att den avlidne inte hade n\u00e5gra barn eller barnbarn osv. Det \u00e4r d\u00e5 den avlidnes f\u00f6r\u00e4ldrar som \u00e4rver.&nbsp;Om n\u00e5gon av f\u00f6r\u00e4ldrarna avlidit \u00e4rver den avlidnes syskon och halvsyskon den del som annars skulle ha tillfallit f\u00f6r\u00e4ldern. \u00c4r ett syskon avlidet \u00e4rver dennes br\u00f6starvingar arvslotten.<\/p>\n\n\n\n<h2 class=\"wp-block-heading\">Tredje arvsklassen,&nbsp;mor- och farf\u00f6r\u00e4ldrar m. fl.<\/h2>\n\n\n\n<p>Den tredje arvsklassen best\u00e5r av mor- och farf\u00f6r\u00e4ldrar samt deras barn, dvs. den avlidnes farbr\u00f6der, fastrar, morbr\u00f6der och mostrar. En f\u00f6ruts\u00e4ttning f\u00f6r att dessa sl\u00e4ktingar ska ha r\u00e4tt att \u00e4rva \u00e4r att det inte finns n\u00e5gra arvingar i den f\u00f6rsta eller andra arvsklassen. Mor- och farf\u00f6r\u00e4ldrar \u00e4rver en fj\u00e4rdedel vardera. Om n\u00e5gon av dessa har avlidit f\u00e5r dennes barn, barnbarn osv. \u00e4rva denna del. Kusiner har inte n\u00e5gon r\u00e4tt att \u00e4rva.<\/p>\n\n\n\n<p>Om en avliden inte har n\u00e5gra arvingar i n\u00e5gon av de tre arvsklasserna och heller inte skrivit n\u00e5got testamente g\u00e5r arvet till den <a href=\"https:\/\/www.arvsfonden.se\/\" data-type=\"link\" data-id=\"https:\/\/www.arvsfonden.se\/\" rel=\"noopener\">Allm\u00e4nna arvsfonden<\/a>.<\/p>\n\n\n\n<p>Du kan l\u00e4sa mer i broschyren:&nbsp;<a href=\"https:\/\/utveckling.timecutcloud.com\/ostgota\/wp-content\/uploads\/2023\/10\/vem-arver.pdf\" data-type=\"link\" data-id=\"https:\/\/utveckling.timecutcloud.com\/ostgota\/wp-content\/uploads\/2023\/10\/vem-arver.pdf\">Vem \u00e4rver?<\/a><\/p>\n","protected":false},"excerpt":{"rendered":"<p>Vem \u00e4rver, \u00e4r en fr\u00e5ga som s\u00e4kert m\u00e5nga st\u00e4ller sig. Svaret \u00e4r inte alltid enkelt. Arvingar delas in i tre olika arvsklasser. F\u00f6rsta arvsklassen,&nbsp;barn till den avlidne I den f\u00f6rsta arvsklassen ing\u00e5r den avlidnes br\u00f6starvingar, dvs. dennes barn och deras avkomlingar (barnbarn osv). Om n\u00e5got barn skulle ha d\u00f6tt \u00e4rver allts\u00e5 det barnets barn ist\u00e4llet. [&hellip;]<\/p>\n","protected":false},"author":1,"featured_media":0,"parent":99,"menu_order":0,"comment_status":"closed","ping_status":"closed","template":"","meta":{"footnotes":""},"class_list":["post-110","page","type-page","status-publish","hentry"],"acf":[],"_links":{"self":[{"href":"https:\/\/utveckling.timecutcloud.com\/ostgota\/wp-json\/wp\/v2\/pages\/110","targetHints":{"allow":["GET"]}}],"collection":[{"href":"https:\/\/utveckling.timecutcloud.com\/ostgota\/wp-json\/wp\/v2\/pages"}],"about":[{"href":"https:\/\/utveckling.timecutcloud.com\/ostgota\/wp-json\/wp\/v2\/types\/page"}],"author":[{"embeddable":true,"href":"https:\/\/utveckling.timecutcloud.com\/ostgota\/wp-json\/wp\/v2\/users\/1"}],"replies":[{"embeddable":true,"href":"https:\/\/utveckling.timecutcloud.com\/ostgota\/wp-json\/wp\/v2\/comments?post=110"}],"version-history":[{"count":6,"href":"https:\/\/utveckling.timecutcloud.com\/ostgota\/wp-json\/wp\/v2\/pages\/110\/revisions"}],"predecessor-version":[{"id":308,"href":"https:\/\/utveckling.timecutcloud.com\/ostgota\/wp-json\/wp\/v2\/pages\/110\/revisions\/308"}],"up":[{"embeddable":true,"href":"https:\/\/utveckling.timecutcloud.com\/ostgota\/wp-json\/wp\/v2\/pages\/99"}],"wp:attachment":[{"href":"https:\/\/utveckling.timecutcloud.com\/ostgota\/wp-json\/wp\/v2\/media?parent=110"}],"curies":[{"name":"wp","href":"https:\/\/api.w.org\/{rel}","templated":true}]}}