{"id":117,"date":"2023-10-17T09:21:07","date_gmt":"2023-10-17T07:21:07","guid":{"rendered":"https:\/\/utveckling.timecutcloud.com\/ostgota\/?page_id=117"},"modified":"2023-11-27T15:49:50","modified_gmt":"2023-11-27T14:49:50","slug":"om-oss","status":"publish","type":"page","link":"https:\/\/utveckling.timecutcloud.com\/ostgota\/om-oss\/","title":{"rendered":"Om oss"},"content":{"rendered":"\n<p>Vi p\u00e5 \u00d6stg\u00f6ta Begravningsbyr\u00e5 vill finnas till f\u00f6r Dig n\u00e4r Du beh\u00f6ver oss. Vi \u00e4r en mindre begravningsbyr\u00e5 som finns i b\u00e5de Norrk\u00f6ping, Finsp\u00e5ng,&nbsp;S\u00f6derk\u00f6ping och Valdemarsvik.<\/p>\n\n\n\n<p>\u00d6stg\u00f6ta Begravningsbyr\u00e5 startade 2002. \u00c5r 2013 tog Fredrik Blomberg steget fr\u00e5n anst\u00e4lld till \u00e4gare av byr\u00e5n.<\/p>\n\n\n\n<p>F\u00f6r oss p\u00e5 \u00d6stg\u00f6ta \u00e4r den personliga kontakten och den lokala f\u00f6rankringen viktig. N\u00e4rheten till oss som begravningsr\u00e5dgivare och v\u00e5ra kontor geografiskt ger dig som anh\u00f6rig en trygghet n\u00e4r du mist en anh\u00f6rig.<\/p>\n\n\n\n<div class=\"wp-block-columns is-layout-flex wp-container-core-columns-is-layout-9d6595d7 wp-block-columns-is-layout-flex\">\n<div class=\"wp-block-column personal-item is-layout-flow wp-block-column-is-layout-flow\">\n<figure class=\"wp-block-image size-full\"><img loading=\"lazy\" decoding=\"async\" width=\"500\" height=\"700\" src=\"https:\/\/utveckling.timecutcloud.com\/ostgota\/wp-content\/uploads\/2023\/10\/fredrik-blomberg.jpg\" alt=\"\" class=\"wp-image-239\" srcset=\"https:\/\/utveckling.timecutcloud.com\/ostgota\/wp-content\/uploads\/2023\/10\/fredrik-blomberg.jpg 500w, https:\/\/utveckling.timecutcloud.com\/ostgota\/wp-content\/uploads\/2023\/10\/fredrik-blomberg-214x300.jpg 214w\" sizes=\"auto, (max-width: 500px) 100vw, 500px\" \/><\/figure>\n\n\n\n<h2 class=\"wp-block-heading\">Fredrik Blomberg<\/h2>\n\n\n\n<p>Begravningsr\u00e5dgivare<\/p>\n\n\n\n<p> <strong>E-post:<\/strong><br><a href=\"mailto:fredrik@ostgotabegravning.se\">fredrik@ostgotabegravning.se<\/a><br><strong>Telefon:<\/strong><br><a href=\"tel:070-9262334\" target=\"_blank\" rel=\"noreferrer noopener\">070-926 23 34<\/a>\u00a0&amp;\u00a0<a href=\"tel:011-287250\" target=\"_blank\" rel=\"noreferrer noopener\">011-28 72 50<\/a><\/p>\n<\/div>\n\n\n\n<div class=\"wp-block-column personal-item is-layout-flow wp-block-column-is-layout-flow\">\n<figure class=\"wp-block-image size-full\"><img loading=\"lazy\" decoding=\"async\" width=\"500\" height=\"700\" src=\"https:\/\/utveckling.timecutcloud.com\/ostgota\/wp-content\/uploads\/2023\/10\/sanna-hjertstrom.jpg\" alt=\"\" class=\"wp-image-241\" srcset=\"https:\/\/utveckling.timecutcloud.com\/ostgota\/wp-content\/uploads\/2023\/10\/sanna-hjertstrom.jpg 500w, https:\/\/utveckling.timecutcloud.com\/ostgota\/wp-content\/uploads\/2023\/10\/sanna-hjertstrom-214x300.jpg 214w\" sizes=\"auto, (max-width: 500px) 100vw, 500px\" \/><\/figure>\n\n\n\n<h2 class=\"wp-block-heading\">Sanna Hjertstr\u00f6m<\/h2>\n\n\n\n<p>Begravningsr\u00e5dgivare <br><small>(Tj\u00e4nstledig f\u00f6r studier tom 15 juni 2024)<\/small><\/p>\n\n\n\n<p><strong>E-post:<\/strong><br><a href=\"mailto:sanna.hjertstrom@ostgotabegravning.se\">sanna.hjertstrom@ostgotabegravning.se<\/a><br><strong>Telefon:<\/strong><br><a href=\"tel:011-287250\" target=\"_blank\" rel=\"noreferrer noopener\">011-28 72 50<\/a><\/p>\n<\/div>\n<\/div>\n\n\n\n<div class=\"wp-block-columns is-layout-flex wp-container-core-columns-is-layout-9d6595d7 wp-block-columns-is-layout-flex\">\n<div class=\"wp-block-column personal-item is-layout-flow wp-block-column-is-layout-flow\">\n<figure class=\"wp-block-image size-full\"><img loading=\"lazy\" decoding=\"async\" width=\"500\" height=\"700\" src=\"https:\/\/utveckling.timecutcloud.com\/ostgota\/wp-content\/uploads\/2023\/10\/margaretha-johansson.jpg\" alt=\"\" class=\"wp-image-252\" srcset=\"https:\/\/utveckling.timecutcloud.com\/ostgota\/wp-content\/uploads\/2023\/10\/margaretha-johansson.jpg 500w, https:\/\/utveckling.timecutcloud.com\/ostgota\/wp-content\/uploads\/2023\/10\/margaretha-johansson-214x300.jpg 214w\" sizes=\"auto, (max-width: 500px) 100vw, 500px\" \/><\/figure>\n\n\n\n<h2 class=\"wp-block-heading\">Margaretha Johansson<\/h2>\n\n\n\n<p>Administrat\u00f6r<\/p>\n\n\n\n<p><strong>E-post:<\/strong><br><a href=\"mailto:margaretha@ostgotabegravning.se\">margaretha@ostgotabegravning.se<\/a><br><strong>Telefon:<\/strong><br><a href=\"tel:011-28 72 50\" target=\"_blank\" rel=\"noreferrer noopener\">011-287250<\/a><\/p>\n<\/div>\n\n\n\n<div class=\"wp-block-column personal-item is-layout-flow wp-block-column-is-layout-flow\">\n<figure class=\"wp-block-image size-full\"><img loading=\"lazy\" decoding=\"async\" width=\"500\" height=\"700\" src=\"https:\/\/utveckling.timecutcloud.com\/ostgota\/wp-content\/uploads\/2023\/10\/asa-borjesson.jpg\" alt=\"\" class=\"wp-image-253\" srcset=\"https:\/\/utveckling.timecutcloud.com\/ostgota\/wp-content\/uploads\/2023\/10\/asa-borjesson.jpg 500w, https:\/\/utveckling.timecutcloud.com\/ostgota\/wp-content\/uploads\/2023\/10\/asa-borjesson-214x300.jpg 214w\" sizes=\"auto, (max-width: 500px) 100vw, 500px\" \/><\/figure>\n\n\n\n<h2 class=\"wp-block-heading\">\u00c5sa B\u00f6rjesson<\/h2>\n\n\n\n<p>Begravningsr\u00e5dgivare<\/p>\n\n\n\n<p><strong>E-post:<\/strong><br><a href=\"mailto:asa.borjesson@ostgotabegravning.se\">asa.borjesson@ostgotabegravning.se<\/a><br><strong>Telefon:<\/strong><br><a href=\"tel:011-287250\" target=\"_blank\" rel=\"noreferrer noopener\">011-28 72 50<\/a> &amp;\u00a0<a href=\"tel:0121-14470\" target=\"_blank\" rel=\"noreferrer noopener\">0121-144 70<\/a><\/p>\n<\/div>\n<\/div>\n\n\n\n<div class=\"wp-block-columns is-layout-flex wp-container-core-columns-is-layout-9d6595d7 wp-block-columns-is-layout-flex\">\n<div class=\"wp-block-column personal-item is-layout-flow wp-block-column-is-layout-flow\">\n<figure class=\"wp-block-image size-full\"><img loading=\"lazy\" decoding=\"async\" width=\"500\" height=\"700\" src=\"https:\/\/utveckling.timecutcloud.com\/ostgota\/wp-content\/uploads\/2023\/10\/anders-ohlsson.jpg\" alt=\"\" class=\"wp-image-254\" srcset=\"https:\/\/utveckling.timecutcloud.com\/ostgota\/wp-content\/uploads\/2023\/10\/anders-ohlsson.jpg 500w, https:\/\/utveckling.timecutcloud.com\/ostgota\/wp-content\/uploads\/2023\/10\/anders-ohlsson-214x300.jpg 214w\" sizes=\"auto, (max-width: 500px) 100vw, 500px\" \/><\/figure>\n\n\n\n<h2 class=\"wp-block-heading\">Anders Ohlsson<\/h2>\n\n\n\n<p>Begravningsr\u00e5dgivare<\/p>\n\n\n\n<p><strong>E-post:<\/strong><br><a href=\"mailto:anders@ostgotabegravning.se\">anders@ostgotabegravning.se<\/a><br><strong>Telefon:<\/strong><br><a href=\"tel:0122-21111\" target=\"_blank\" rel=\"noreferrer noopener\">0122-211 11<\/a><\/p>\n<\/div>\n\n\n\n<div class=\"wp-block-column personal-item is-layout-flow wp-block-column-is-layout-flow\">\n<figure class=\"wp-block-image size-full\"><img loading=\"lazy\" decoding=\"async\" width=\"500\" height=\"700\" src=\"https:\/\/utveckling.timecutcloud.com\/ostgota\/wp-content\/uploads\/2023\/10\/fredrik-josefsson.jpg\" alt=\"\" class=\"wp-image-255\" srcset=\"https:\/\/utveckling.timecutcloud.com\/ostgota\/wp-content\/uploads\/2023\/10\/fredrik-josefsson.jpg 500w, https:\/\/utveckling.timecutcloud.com\/ostgota\/wp-content\/uploads\/2023\/10\/fredrik-josefsson-214x300.jpg 214w\" sizes=\"auto, (max-width: 500px) 100vw, 500px\" \/><\/figure>\n\n\n\n<h2 class=\"wp-block-heading\">Fredrik Josefsson<\/h2>\n\n\n\n<p>Auktoriserad boutredare<\/p>\n\n\n\n<p><strong>E-post:<\/strong><br><a href=\"mailto:fredrik.josefsson@ostgotabegravning.se\">fredrik.josefsson@ostgotabegravning.se<\/a><br><strong>Telefon:<\/strong><br><a href=\"tel:011-287250\" target=\"_blank\" rel=\"noreferrer noopener\">011-28 72 50<\/a><\/p>\n<\/div>\n<\/div>\n\n\n\n<div class=\"wp-block-columns is-layout-flex wp-container-core-columns-is-layout-9d6595d7 wp-block-columns-is-layout-flex\">\n<div class=\"wp-block-column personal-item is-layout-flow wp-block-column-is-layout-flow\">\n<figure class=\"wp-block-image size-full\"><img loading=\"lazy\" decoding=\"async\" width=\"500\" height=\"700\" src=\"https:\/\/utveckling.timecutcloud.com\/ostgota\/wp-content\/uploads\/2023\/11\/temp-user.jpg\" alt=\"\" class=\"wp-image-323\" srcset=\"https:\/\/utveckling.timecutcloud.com\/ostgota\/wp-content\/uploads\/2023\/11\/temp-user.jpg 500w, https:\/\/utveckling.timecutcloud.com\/ostgota\/wp-content\/uploads\/2023\/11\/temp-user-214x300.jpg 214w\" sizes=\"auto, (max-width: 500px) 100vw, 500px\" \/><\/figure>\n\n\n\n<h2 class=\"wp-block-heading\">Victor Olsson<\/h2>\n\n\n\n<p>Begravningsr\u00e5dgivare<\/p>\n\n\n\n<p><strong>E-post:<\/strong><br><a href=\"mailto:victor.olsson@ostgotabegravning.se\">victor.olsson@ostgotabegravning.se<\/a><br><strong>Telefon:<\/strong><br><a href=\"tel:011-287250\">011-28 72 50<\/a><\/p>\n<\/div>\n\n\n\n<div class=\"wp-block-column is-layout-flow wp-block-column-is-layout-flow\"><\/div>\n<\/div>\n","protected":false},"excerpt":{"rendered":"<p>Vi p\u00e5 \u00d6stg\u00f6ta Begravningsbyr\u00e5 vill finnas till f\u00f6r Dig n\u00e4r Du beh\u00f6ver oss. Vi \u00e4r en mindre begravningsbyr\u00e5 som finns i b\u00e5de Norrk\u00f6ping, Finsp\u00e5ng,&nbsp;S\u00f6derk\u00f6ping och Valdemarsvik. \u00d6stg\u00f6ta Begravningsbyr\u00e5 startade 2002. \u00c5r 2013 tog Fredrik Blomberg steget fr\u00e5n anst\u00e4lld till \u00e4gare av byr\u00e5n. F\u00f6r oss p\u00e5 \u00d6stg\u00f6ta \u00e4r den personliga kontakten och den lokala f\u00f6rankringen viktig. [&hellip;]<\/p>\n","protected":false},"author":1,"featured_media":0,"parent":0,"menu_order":0,"comment_status":"closed","ping_status":"closed","template":"","meta":{"footnotes":""},"class_list":["post-117","page","type-page","status-publish","hentry"],"acf":[],"_links":{"self":[{"href":"https:\/\/utveckling.timecutcloud.com\/ostgota\/wp-json\/wp\/v2\/pages\/117","targetHints":{"allow":["GET"]}}],"collection":[{"href":"https:\/\/utveckling.timecutcloud.com\/ostgota\/wp-json\/wp\/v2\/pages"}],"about":[{"href":"https:\/\/utveckling.timecutcloud.com\/ostgota\/wp-json\/wp\/v2\/types\/page"}],"author":[{"embeddable":true,"href":"https:\/\/utveckling.timecutcloud.com\/ostgota\/wp-json\/wp\/v2\/users\/1"}],"replies":[{"embeddable":true,"href":"https:\/\/utveckling.timecutcloud.com\/ostgota\/wp-json\/wp\/v2\/comments?post=117"}],"version-history":[{"count":14,"href":"https:\/\/utveckling.timecutcloud.com\/ostgota\/wp-json\/wp\/v2\/pages\/117\/revisions"}],"predecessor-version":[{"id":332,"href":"https:\/\/utveckling.timecutcloud.com\/ostgota\/wp-json\/wp\/v2\/pages\/117\/revisions\/332"}],"wp:attachment":[{"href":"https:\/\/utveckling.timecutcloud.com\/ostgota\/wp-json\/wp\/v2\/media?parent=117"}],"curies":[{"name":"wp","href":"https:\/\/api.w.org\/{rel}","templated":true}]}}