{"id":122,"date":"2023-10-17T09:22:18","date_gmt":"2023-10-17T07:22:18","guid":{"rendered":"https:\/\/utveckling.timecutcloud.com\/ostgota\/?page_id=122"},"modified":"2023-10-24T12:11:33","modified_gmt":"2023-10-24T10:11:33","slug":"auktorisation","status":"publish","type":"page","link":"https:\/\/utveckling.timecutcloud.com\/ostgota\/om-oss\/auktorisation\/","title":{"rendered":"Auktorisation"},"content":{"rendered":"\n<p>Sveriges Begravningsbyr\u00e5ers F\u00f6rbund (SBF) bildades 1922 och \u00e4r en medlemsorganisation f\u00f6r ca 400 privat\u00e4gda begravningsbyr\u00e5er i landet. F\u00f6rbundet skall verka f\u00f6r en kunnig yrkesk\u00e5r samt fr\u00e4mja god begravningssed och h\u00f6g yrkesetik.<\/p>\n\n\n\n<p>F\u00f6r dig som anh\u00f6rig&nbsp;inneb\u00e4r auktorisationen att du kan vara trygg med att vi kan det vi erbjuder dig. Vi som begravningsbyr\u00e5 \u00e4r stolta \u00f6ver v\u00e5r auktorisation och vad&nbsp;den inneb\u00e4r.&nbsp;Vi som SBF-byr\u00e5 \u00e4r del av ett st\u00f6rre sammanhang och v\u00e5rt n\u00e4tverk av auktoriserade byr\u00e5er t\u00e4cker hela landet.<\/p>\n\n\n\n<p><a href=\"http:\/\/begravningar.se\/om-auktorisation\" class=\"button is-secondary\" rel=\"noopener\">Vad betyder auktorisationen?<\/a><\/p>\n","protected":false},"excerpt":{"rendered":"<p>Sveriges Begravningsbyr\u00e5ers F\u00f6rbund (SBF) bildades 1922 och \u00e4r en medlemsorganisation f\u00f6r ca 400 privat\u00e4gda begravningsbyr\u00e5er i landet. F\u00f6rbundet skall verka f\u00f6r en kunnig yrkesk\u00e5r samt fr\u00e4mja god begravningssed och h\u00f6g yrkesetik. F\u00f6r dig som anh\u00f6rig&nbsp;inneb\u00e4r auktorisationen att du kan vara trygg med att vi kan det vi erbjuder dig. Vi som begravningsbyr\u00e5 \u00e4r stolta \u00f6ver [&hellip;]<\/p>\n","protected":false},"author":1,"featured_media":0,"parent":117,"menu_order":0,"comment_status":"closed","ping_status":"closed","template":"","meta":{"footnotes":""},"class_list":["post-122","page","type-page","status-publish","hentry"],"acf":[],"_links":{"self":[{"href":"https:\/\/utveckling.timecutcloud.com\/ostgota\/wp-json\/wp\/v2\/pages\/122","targetHints":{"allow":["GET"]}}],"collection":[{"href":"https:\/\/utveckling.timecutcloud.com\/ostgota\/wp-json\/wp\/v2\/pages"}],"about":[{"href":"https:\/\/utveckling.timecutcloud.com\/ostgota\/wp-json\/wp\/v2\/types\/page"}],"author":[{"embeddable":true,"href":"https:\/\/utveckling.timecutcloud.com\/ostgota\/wp-json\/wp\/v2\/users\/1"}],"replies":[{"embeddable":true,"href":"https:\/\/utveckling.timecutcloud.com\/ostgota\/wp-json\/wp\/v2\/comments?post=122"}],"version-history":[{"count":4,"href":"https:\/\/utveckling.timecutcloud.com\/ostgota\/wp-json\/wp\/v2\/pages\/122\/revisions"}],"predecessor-version":[{"id":276,"href":"https:\/\/utveckling.timecutcloud.com\/ostgota\/wp-json\/wp\/v2\/pages\/122\/revisions\/276"}],"up":[{"embeddable":true,"href":"https:\/\/utveckling.timecutcloud.com\/ostgota\/wp-json\/wp\/v2\/pages\/117"}],"wp:attachment":[{"href":"https:\/\/utveckling.timecutcloud.com\/ostgota\/wp-json\/wp\/v2\/media?parent=122"}],"curies":[{"name":"wp","href":"https:\/\/api.w.org\/{rel}","templated":true}]}}