{"id":128,"date":"2023-10-17T09:25:01","date_gmt":"2023-10-17T07:25:01","guid":{"rendered":"https:\/\/utveckling.timecutcloud.com\/ostgota\/?page_id=128"},"modified":"2023-11-10T09:11:47","modified_gmt":"2023-11-10T08:11:47","slug":"kontakt","status":"publish","type":"page","link":"https:\/\/utveckling.timecutcloud.com\/ostgota\/kontakt\/","title":{"rendered":"Kontakt"},"content":{"rendered":"\n<div class=\"wp-block-columns is-layout-flex wp-container-core-columns-is-layout-9d6595d7 wp-block-columns-is-layout-flex\">\n<div class=\"wp-block-column is-layout-flow wp-block-column-is-layout-flow\">\n<h4 class=\"wp-block-heading\">Norrk\u00f6ping<\/h4>\n\n\n\n<p>Bes\u00f6k oss p\u00e5 Tr\u00e4dg\u00e5rdsgatan i Norrk\u00f6ping:<br>Vi har \u00f6ppet mellan kl. 09.00 till 17.00 alla vardagar.<\/p>\n\n\n\n<p><strong>Telefon:&nbsp;<\/strong><a href=\"tel: 011-287250\">011-28 72 50<\/a><br><strong>Mail:&nbsp;<\/strong><a href=\"mailto:info@ostgotabegravning.se\">info@ostgotabegravning.se<\/a><\/p>\n\n\n\n<p><strong>Adress:<\/strong>&nbsp;Tr\u00e4dg\u00e5rdsgatan 27, 602 42 Norrk\u00f6ping<\/p>\n\n\n\n<p>Parkering finns i parkeringshus under Nya Torget. Infart fr\u00e5n Tr\u00e4dg\u00e5rdsgatan, mitt emot Cafe 12:an<\/p>\n\n\n\n<p><iframe loading=\"lazy\" frameborder=\"0\" height=\"300\" src=\"https:\/\/www.google.com\/maps\/embed?pb=!1m18!1m12!1m3!1d2079.195347115322!2d16.189088952165434!3d58.592233981315744!2m3!1f0!2f0!3f0!3m2!1i1024!2i768!4f13.1!3m3!1m2!1s0x46593a4c6f93426f%3A0x172ae319341053c3!2zw5ZzdGfDtnRhIEJlZ3Jhdm5pbmdzYnlyw6U!5e0!3m2!1ssv!2sse!4v1534948402949\" style=\"border:0\" width=\"100%\"><\/iframe><\/p>\n<\/div>\n\n\n\n<div class=\"wp-block-column is-layout-flow wp-block-column-is-layout-flow\">\n<h4 class=\"wp-block-heading\">Finsp\u00e5ng<\/h4>\n\n\n\n<p>Bes\u00f6k oss p\u00e5 De Wijks v\u00e4g 13 i Finsp\u00e5ng.<\/p>\n\n\n\n<p>Vi finns oftast p\u00e5 plats m\u00e5ndagar&nbsp;o onsdagar kl 13-17.<\/p>\n\n\n\n<p><strong>Telefon:&nbsp;<\/strong><a href=\"tel: 0122-21111\">0122-211 11<\/a><br><strong>Mail:&nbsp;<\/strong><a href=\"mailto:finspang@ostgotabegravning.se\">finspang@ostgotabegravning.se<\/a><\/p>\n\n\n\n<p><strong>Adress:<\/strong>&nbsp;De Wijks v\u00e4g 13, 612 30 Finsp\u00e5ng<\/p>\n\n\n\n<p>Vissa tider kan kontoret vara obemannat, ring g\u00e4rna innan du bes\u00f6ker oss.<\/p>\n\n\n\n<p><iframe loading=\"lazy\" frameborder=\"0\" height=\"300\" src=\"https:\/\/www.google.com\/maps\/embed?pb=!1m18!1m12!1m3!1d2072.460679464531!2d15.771967852168213!3d58.70548198135387!2m3!1f0!2f0!3f0!3m2!1i1024!2i768!4f13.1!3m3!1m2!1s0x46594feea548c5a1%3A0x80b9aeb3875fe1e6!2zw5ZzdGfDtnRhIEJlZ3Jhdm5pbmdzYnlyw6U!5e0!3m2!1ssv!2sse!4v1534948444884\" style=\"border:0\" width=\"100%\"><\/iframe><\/p>\n<\/div>\n<\/div>\n\n\n\n<div class=\"wp-block-columns is-layout-flex wp-container-core-columns-is-layout-9d6595d7 wp-block-columns-is-layout-flex\">\n<div class=\"wp-block-column is-layout-flow wp-block-column-is-layout-flow\">\n<h4 class=\"wp-block-heading\">Krokek<\/h4>\n\n\n\n<p>Efter tidsbokning kan ni tr\u00e4ffa oss i Krokek<\/p>\n\n\n\n<p><strong>Bes\u00f6ksadress:<\/strong>\u00a0Munkv\u00e4gen 7, 618 30 Kolm\u00e5rden (Sj\u00f6vikskyrkan)<\/p>\n\n\n\n<p><iframe loading=\"lazy\" frameborder=\"0\" height=\"300\" src=\"https:\/\/www.google.com\/maps\/embed?pb=!1m18!1m12!1m3!1d2074.5335981160156!2d16.360986416421607!3d58.67063897070075!2m3!1f0!2f0!3f0!3m2!1i1024!2i768!4f13.1!3m3!1m2!1s0x46592e2f6d5f6c81%3A0x2c46cc832a6355fd!2sMunkv%C3%A4gen%207%2C%20618%2030%20Kolm%C3%A5rden!5e0!3m2!1ssv!2sse!4v1608120291316!5m2!1ssv!2sse\" style=\"border:0;\" width=\"100%\"><\/iframe><\/p>\n<\/div>\n\n\n\n<div class=\"wp-block-column is-layout-flow wp-block-column-is-layout-flow\">\n<h4 class=\"wp-block-heading\">S\u00f6derk\u00f6ping<\/h4>\n\n\n\n<p>Vi har \u00f6ppet onsdagar kl 14&nbsp;till 17. \u00d6vrig tid efter tidsbokning.<\/p>\n\n\n\n<p><strong>Telefon:\u00a0<\/strong><a href=\"tel: 0121-14470\">0121-144 70<\/a><br><strong>Bes\u00f6ksadress:<\/strong>\u00a0Sk\u00f6nbergagatan 8, 614 30 S\u00f6derk\u00f6ping<\/p>\n\n\n\n<p><iframe loading=\"lazy\" frameborder=\"0\" height=\"300\" src=\"https:\/\/www.google.com\/maps\/embed?pb=!1m18!1m12!1m3!1d2085.859526950029!2d16.322404716417324!3d58.480036585865314!2m3!1f0!2f0!3f0!3m2!1i1024!2i768!4f13.1!3m3!1m2!1s0x465923b2f4e5d619%3A0x84b69bfb41a8f162!2zU2vDtm5iZXJnYWdhdGFuIDgsIDYxNCAzMCBTw7ZkZXJrw7ZwaW5n!5e0!3m2!1ssv!2sse!4v1608120364980!5m2!1ssv!2sse\" style=\"border:0;\" width=\"100%\"><\/iframe><\/p>\n<\/div>\n<\/div>\n\n\n\n<div class=\"wp-block-columns is-layout-flex wp-container-core-columns-is-layout-9d6595d7 wp-block-columns-is-layout-flex\">\n<div class=\"wp-block-column is-layout-flow wp-block-column-is-layout-flow\">\n<h4 class=\"wp-block-heading\">Valdemarsvik<\/h4>\n\n\n\n<p>Efter tidsbokning kan ni tr\u00e4ffa oss i Valdemarsvik<\/p>\n\n\n\n<p><strong>Bes\u00f6ksadress:<\/strong>\u00a0Storgatan 51, 615 32 Valdemarsvik<\/p>\n\n\n\n<p><iframe src=\"https:\/\/www.google.com\/maps\/embed?pb=!1m18!1m12!1m3!1d2101.921791410682!2d16.588738213290657!3d58.20905787398325!2m3!1f0!2f0!3f0!3m2!1i1024!2i768!4f13.1!3m3!1m2!1s0x4658e52a98dda6a1%3A0xc0585bb959fe6cc9!2sStorgatan%2051%2C%20615%2032%20Valdemarsvik!5e0!3m2!1ssv!2sse!4v1699603869167!5m2!1ssv!2sse\" width=\"100%\" height=\"300\" style=\"border:0;\" allowfullscreen=\"\" loading=\"lazy\" referrerpolicy=\"no-referrer-when-downgrade\"><\/iframe><\/p>\n<\/div>\n\n\n\n<div class=\"wp-block-column is-layout-flow wp-block-column-is-layout-flow\"><\/div>\n<\/div>\n","protected":false},"excerpt":{"rendered":"<p>Norrk\u00f6ping Bes\u00f6k oss p\u00e5 Tr\u00e4dg\u00e5rdsgatan i Norrk\u00f6ping:Vi har \u00f6ppet mellan kl. 09.00 till 17.00 alla vardagar. Telefon:&nbsp;011-28 72 50Mail:&nbsp;info@ostgotabegravning.se Adress:&nbsp;Tr\u00e4dg\u00e5rdsgatan 27, 602 42 Norrk\u00f6ping Parkering finns i parkeringshus under Nya Torget. Infart fr\u00e5n Tr\u00e4dg\u00e5rdsgatan, mitt emot Cafe 12:an Finsp\u00e5ng Bes\u00f6k oss p\u00e5 De Wijks v\u00e4g 13 i Finsp\u00e5ng. Vi finns oftast p\u00e5 plats m\u00e5ndagar&nbsp;o onsdagar [&hellip;]<\/p>\n","protected":false},"author":1,"featured_media":0,"parent":0,"menu_order":0,"comment_status":"closed","ping_status":"closed","template":"page-fullbredd.php","meta":{"footnotes":""},"class_list":["post-128","page","type-page","status-publish","hentry"],"acf":[],"_links":{"self":[{"href":"https:\/\/utveckling.timecutcloud.com\/ostgota\/wp-json\/wp\/v2\/pages\/128","targetHints":{"allow":["GET"]}}],"collection":[{"href":"https:\/\/utveckling.timecutcloud.com\/ostgota\/wp-json\/wp\/v2\/pages"}],"about":[{"href":"https:\/\/utveckling.timecutcloud.com\/ostgota\/wp-json\/wp\/v2\/types\/page"}],"author":[{"embeddable":true,"href":"https:\/\/utveckling.timecutcloud.com\/ostgota\/wp-json\/wp\/v2\/users\/1"}],"replies":[{"embeddable":true,"href":"https:\/\/utveckling.timecutcloud.com\/ostgota\/wp-json\/wp\/v2\/comments?post=128"}],"version-history":[{"count":10,"href":"https:\/\/utveckling.timecutcloud.com\/ostgota\/wp-json\/wp\/v2\/pages\/128\/revisions"}],"predecessor-version":[{"id":329,"href":"https:\/\/utveckling.timecutcloud.com\/ostgota\/wp-json\/wp\/v2\/pages\/128\/revisions\/329"}],"wp:attachment":[{"href":"https:\/\/utveckling.timecutcloud.com\/ostgota\/wp-json\/wp\/v2\/media?parent=128"}],"curies":[{"name":"wp","href":"https:\/\/api.w.org\/{rel}","templated":true}]}}