{"id":296,"date":"2023-10-24T13:32:41","date_gmt":"2023-10-24T11:32:41","guid":{"rendered":"https:\/\/utveckling.timecutcloud.com\/ostgota\/?page_id=296"},"modified":"2023-10-24T13:32:42","modified_gmt":"2023-10-24T11:32:42","slug":"kremering-eller-jordbegravning-2","status":"publish","type":"page","link":"https:\/\/utveckling.timecutcloud.com\/ostgota\/ordna-begravning\/kremering-eller-jordbegravning-2\/","title":{"rendered":"Kremering eller jordbegravning"},"content":{"rendered":"\n<p>Jordbegravning inneb\u00e4r att kistan med den avlidne gravs\u00e4tts direkt efter begravningsceremonin. Vanligast \u00e4r att avskedet sker vid graven, men man kan ocks\u00e5 ta avsked i kyrkan. Gravs\u00e4ttningen sker d\u00e5 senare utan anh\u00f6riga.<\/p>\n\n\n\n<p>Kremering inneb\u00e4r att kistan efter begravningsceremonin kremeras och stoftet gravs\u00e4tts vid ett senare tillf\u00e4lle.<\/p>\n\n\n\n<p>Under senaste \u00e5ren har det blivit vanligare att kremeringen sker innan ceremonin och att ceremonin h\u00e5lls kring&nbsp;urnan ist\u00e4llet f\u00f6r kistan. Vissa kyrkor och samfund kan v\u00e4lja att&nbsp;s\u00e4ga nej till ceremoni runt urnan, h\u00f6r med oss s\u00e5 kan vi ber\u00e4tta mer.<\/p>\n\n\n\n<p>Enligt begravningslagen ska kremation eller gravs\u00e4ttning av kista ske inom en m\u00e5nad fr\u00e5n d\u00f6dsfallet.<\/p>\n\n\n\n<p>Valet mellan jordbegravning och kremering \u00e4r viktigt f\u00f6r f\u00f6rberedelser och tidpunkt f\u00f6r begravningen. Det \u00e4r bra om du f\u00f6re bes\u00f6ket p\u00e5 begravningsbyr\u00e5n t\u00e4nker efter om den avlidne n\u00e5gon g\u00e5ng n\u00e4mnt om han eller hon skulle vilja bli jordbegravd eller kremerad. M\u00e5nga skriver ner sina \u00f6nskem\u00e5l kring sin begravning. Finns det ett s\u00e5dant f\u00f6rordnande, \u00e4r det viktigt att de anh\u00f6riga i lugn och ro l\u00e4ser igenom det och respekterar den avlidnes \u00f6nskan.<\/p>\n\n\n\n<p>Olika gravskick<\/p>\n\n\n\n<p>V\u00e4ljer man kremation blir n\u00e4sta fr\u00e5ga hur gravs\u00e4ttning eller spridning av askan ska ske:<\/p>\n\n\n\n<p>Spridning i naturen eller i sj\u00f6\/hav<\/p>\n\n\n\n<p>Egen gravplats med sten eller annan gravutsmyckning<\/p>\n\n\n\n<p>Minneslund<\/p>\n\n\n\n<p>Askgravlund<\/p>\n\n\n\n<p>Askgravplats<\/p>\n\n\n\n<p>L\u00e4nkar till de olika pastoratens&nbsp;sidor med info om regler f\u00f6r gravskik och kyrkog\u00e5rdar:<\/p>\n\n\n\n<p><a href=\"https:\/\/www.svenskakyrkan.se\/norrkoping\/gravskick\" target=\"_blank\" rel=\"noreferrer noopener\">Norrk\u00f6ping<\/a><br><a href=\"https:\/\/www.svenskakyrkan.se\/finspang\/gravplats-och-gravskick\" target=\"_blank\" rel=\"noreferrer noopener\">Finsp\u00e5ng<\/a><br><a href=\"https:\/\/www.svenskakyrkan.se\/ostravikbolandet\/vara-kyrkor\" target=\"_blank\" rel=\"noreferrer noopener\">\u00d6stra vikbolandet<\/a><br><a href=\"https:\/\/www.svenskakyrkan.se\/vastravikbolandet\/vastravikbolandet\/vara-kyrkor\" target=\"_blank\" rel=\"noreferrer noopener\">V\u00e4stra vikbolandet&nbsp;<\/a><br><a href=\"https:\/\/www.soderkopingskyrkogardar.se\/\" target=\"_blank\" rel=\"noreferrer noopener\">S\u00f6derk\u00f6ping<\/a><br><a href=\"https:\/\/www.svenskakyrkan.se\/valdemarsvikringarum\/valdemarsvik\/ringarums-pastorats-kyrkor\" target=\"_blank\" rel=\"noreferrer noopener\">Valdemarsvik o Ringarum<\/a><br><a href=\"https:\/\/www.svenskakyrkan.se\/ostraryd\/vara-kyrkogardar\" target=\"_blank\" rel=\"noreferrer noopener\">\u00d6stra Ryd<\/a><\/p>\n","protected":false},"excerpt":{"rendered":"<p>Jordbegravning inneb\u00e4r att kistan med den avlidne gravs\u00e4tts direkt efter begravningsceremonin. Vanligast \u00e4r att avskedet sker vid graven, men man kan ocks\u00e5 ta avsked i kyrkan. Gravs\u00e4ttningen sker d\u00e5 senare utan anh\u00f6riga. Kremering inneb\u00e4r att kistan efter begravningsceremonin kremeras och stoftet gravs\u00e4tts vid ett senare tillf\u00e4lle. Under senaste \u00e5ren har det blivit vanligare att kremeringen [&hellip;]<\/p>\n","protected":false},"author":1,"featured_media":0,"parent":35,"menu_order":0,"comment_status":"closed","ping_status":"closed","template":"","meta":{"footnotes":""},"class_list":["post-296","page","type-page","status-publish","hentry"],"acf":[],"_links":{"self":[{"href":"https:\/\/utveckling.timecutcloud.com\/ostgota\/wp-json\/wp\/v2\/pages\/296","targetHints":{"allow":["GET"]}}],"collection":[{"href":"https:\/\/utveckling.timecutcloud.com\/ostgota\/wp-json\/wp\/v2\/pages"}],"about":[{"href":"https:\/\/utveckling.timecutcloud.com\/ostgota\/wp-json\/wp\/v2\/types\/page"}],"author":[{"embeddable":true,"href":"https:\/\/utveckling.timecutcloud.com\/ostgota\/wp-json\/wp\/v2\/users\/1"}],"replies":[{"embeddable":true,"href":"https:\/\/utveckling.timecutcloud.com\/ostgota\/wp-json\/wp\/v2\/comments?post=296"}],"version-history":[{"count":2,"href":"https:\/\/utveckling.timecutcloud.com\/ostgota\/wp-json\/wp\/v2\/pages\/296\/revisions"}],"predecessor-version":[{"id":298,"href":"https:\/\/utveckling.timecutcloud.com\/ostgota\/wp-json\/wp\/v2\/pages\/296\/revisions\/298"}],"up":[{"embeddable":true,"href":"https:\/\/utveckling.timecutcloud.com\/ostgota\/wp-json\/wp\/v2\/pages\/35"}],"wp:attachment":[{"href":"https:\/\/utveckling.timecutcloud.com\/ostgota\/wp-json\/wp\/v2\/media?parent=296"}],"curies":[{"name":"wp","href":"https:\/\/api.w.org\/{rel}","templated":true}]}}