{"id":314,"date":"2023-10-25T09:03:34","date_gmt":"2023-10-25T07:03:34","guid":{"rendered":"https:\/\/utveckling.timecutcloud.com\/ostgota\/?page_id=314"},"modified":"2023-10-25T09:24:18","modified_gmt":"2023-10-25T07:24:18","slug":"miljovanlig-begravning","status":"publish","type":"page","link":"https:\/\/utveckling.timecutcloud.com\/ostgota\/ordna-begravning\/miljovanlig-begravning\/","title":{"rendered":"S\u00f6ker du en milj\u00f6v\u00e4nligare begravning?"},"content":{"rendered":"\n<p>M\u00e5nga fr\u00e5gar oss om hur man g\u00f6r en begravning mer milj\u00f6v\u00e4nlig. Kistorna idag \u00e4r noga pr\u00f6vade f\u00f6r att klara olika krav vid hantering och kremering. V\u00e4ljer du en kista av rent tr\u00e4 s\u00e5 \u00e4r du n\u00e4ra ett milj\u00f6medvetet val. Vill du g\u00e5 ett steg l\u00e4ngre erbjuder vi kistor i milj\u00f6v\u00e4nlig biokomposit. N\u00e4r det kommer till urnor s\u00e5 finns det flera milj\u00f6v\u00e4nliga alternativ, allt ifr\u00e5n urnor i rent tr\u00e4 till nedbrytbar potatisst\u00e4rkelse och tr\u00e4fibermassa. N\u00e4r du v\u00e4ljer blommor s\u00e5 t\u00e4nk g\u00e4rna s\u00e4songens blommor s\u00e5 minskar milj\u00f6belastningen.<\/p>\n\n\n\n<p>P\u00e5 minnesstunden kan vi hj\u00e4lpa dig att se till att maten \u00e4r ekologisk s\u00e5 l\u00e5ngt det \u00e4r m\u00f6jligt.<\/p>\n\n\n\n<p>Du kanske undrar om en jordbegravning \u00e4r mer milj\u00f6v\u00e4nligt \u00e4n en kremation? Det \u00e4r faktiskt inte riktigt utrett och svensk begravningslag till\u00e5ter idag endast jordbegravning eller kremation. Men forskning om alternativa beg\u00e4ngelseformer p\u00e5g\u00e5r, t. ex, vattenbeg\u00e4ngelse och kompostering.<\/p>\n\n\n\n<p>Det som kan tala f\u00f6r kremering \u00e4r att utsl\u00e4ppen \u00e4r relativt sm\u00e5 och krematorieanl\u00e4ggningarna sj\u00e4lva bedriver ett omfattande milj\u00f6arbete med bl. a r\u00f6kgasrening. Sedan n\u00e5gra \u00e5r s\u00e5 \u00e4r det obligatoriskt med metall\u00e5tervinning vid krematorier och ers\u00e4ttningen fr\u00e5n \u00e5tervinningen g\u00e5r till Allm\u00e4nna Arvsfonden.<\/p>\n\n\n\n<p>Det som kan tala f\u00f6r jordbegravning \u00e4r att kroppen \u00e5terb\u00f6rdas till jorden men \u00e5 andra sidan finns det risk f\u00f6r att kvarlevor kan l\u00e4cka ut i grundvattnet \u00e4ven om risken \u00e4r minimal. Transporter av kistor och urnor \u00e4r det som p\u00e5verkar milj\u00f6n mest. Ibland \u00e4r det sv\u00e5rt att p\u00e5verka transporternas l\u00e4ngd men n\u00e4r det \u00e4r praktiskt och etiskt m\u00f6jligt s\u00e5 samordnar vi transporter.<\/p>\n\n\n\n<p><a href=\"https:\/\/www.begravningar.se\/miljopolicy\" rel=\"noopener\">Som auktoriserad begravningsbyr\u00e5 lyder vi under SBF:s milj\u00f6policy som du hittar h\u00e4r &gt;&gt;<\/a><\/p>\n","protected":false},"excerpt":{"rendered":"<p>M\u00e5nga fr\u00e5gar oss om hur man g\u00f6r en begravning mer milj\u00f6v\u00e4nlig. Kistorna idag \u00e4r noga pr\u00f6vade f\u00f6r att klara olika krav vid hantering och kremering. V\u00e4ljer du en kista av rent tr\u00e4 s\u00e5 \u00e4r du n\u00e4ra ett milj\u00f6medvetet val. Vill du g\u00e5 ett steg l\u00e4ngre erbjuder vi kistor i milj\u00f6v\u00e4nlig biokomposit. N\u00e4r det kommer till [&hellip;]<\/p>\n","protected":false},"author":1,"featured_media":0,"parent":35,"menu_order":0,"comment_status":"closed","ping_status":"closed","template":"","meta":{"footnotes":""},"class_list":["post-314","page","type-page","status-publish","hentry"],"acf":[],"_links":{"self":[{"href":"https:\/\/utveckling.timecutcloud.com\/ostgota\/wp-json\/wp\/v2\/pages\/314","targetHints":{"allow":["GET"]}}],"collection":[{"href":"https:\/\/utveckling.timecutcloud.com\/ostgota\/wp-json\/wp\/v2\/pages"}],"about":[{"href":"https:\/\/utveckling.timecutcloud.com\/ostgota\/wp-json\/wp\/v2\/types\/page"}],"author":[{"embeddable":true,"href":"https:\/\/utveckling.timecutcloud.com\/ostgota\/wp-json\/wp\/v2\/users\/1"}],"replies":[{"embeddable":true,"href":"https:\/\/utveckling.timecutcloud.com\/ostgota\/wp-json\/wp\/v2\/comments?post=314"}],"version-history":[{"count":2,"href":"https:\/\/utveckling.timecutcloud.com\/ostgota\/wp-json\/wp\/v2\/pages\/314\/revisions"}],"predecessor-version":[{"id":317,"href":"https:\/\/utveckling.timecutcloud.com\/ostgota\/wp-json\/wp\/v2\/pages\/314\/revisions\/317"}],"up":[{"embeddable":true,"href":"https:\/\/utveckling.timecutcloud.com\/ostgota\/wp-json\/wp\/v2\/pages\/35"}],"wp:attachment":[{"href":"https:\/\/utveckling.timecutcloud.com\/ostgota\/wp-json\/wp\/v2\/media?parent=314"}],"curies":[{"name":"wp","href":"https:\/\/api.w.org\/{rel}","templated":true}]}}