{"id":35,"date":"2023-10-17T08:28:47","date_gmt":"2023-10-17T06:28:47","guid":{"rendered":"https:\/\/utveckling.timecutcloud.com\/ostgota\/?page_id=35"},"modified":"2023-10-24T13:35:59","modified_gmt":"2023-10-24T11:35:59","slug":"ordna-begravning","status":"publish","type":"page","link":"https:\/\/utveckling.timecutcloud.com\/ostgota\/ordna-begravning\/","title":{"rendered":"Ordna begravning"},"content":{"rendered":"\n<h2 class=\"wp-block-heading\">Hur g\u00f6r jag nu?<\/h2>\n\n\n\n<p>N\u00e4r en person avlider s\u00e5 ska d\u00f6dsfallet konstateras av sjukv\u00e5rden, d\u00e4refter ska den avlidne flyttas till ett kylt b\u00e5rrum. Om personen \u00e4r p\u00e5 ett kommunalt boende i Norrk\u00f6ping s\u00e5 finns det ett avtal mellan Kommunen och en begravningsbyr\u00e5 om h\u00e4mtning av den avlidne. Om du som anh\u00f6rig vill att vi fr\u00e5n \u00d6stg\u00f6ta ska h\u00e4mta den avlidne p\u00e5 \u00e4ldreboendet s\u00e5 talar ni om det f\u00f6r personalen p\u00e5 boendet samt ringer till oss f\u00f6r att best\u00e4mma vilken tidpunkt vi ska komma. Du kan l\u00e5ta kommunens entrepren\u00f6r h\u00e4mta den avlidne och sedan v\u00e4nda dig till oss f\u00f6r hj\u00e4lp med begravningen.<\/p>\n\n\n\n<p>Om en person avlider i sitt hem g\u00e4ller samma som ovan f\u00f6rutom att det \u00e4r landstinget som har ett avtal med en entrepren\u00f6r.<\/p>\n\n\n\n<p>N\u00e5gon dag efter d\u00f6dsfallet \u00e4r det bra om du kontaktar en begravningsbyr\u00e5 f\u00f6r att best\u00e4mma en l\u00e4mplig tid f\u00f6r bes\u00f6k p\u00e5 begravningsbyr\u00e5n. Bor du p\u00e5 annan ort g\u00e5r det givetvis bra att planerar begravningen via telefon och mail, men oftast \u00e4r det att rekomendera att tr\u00e4ffas. Begravnigslagen s\u00e4ger att begravningen ska ske inom en m\u00e5nad fr\u00e5n d\u00f6dsdagen s\u00e5 det \u00e4r bra att inte v\u00e4nta f\u00f6r l\u00e4nge med f\u00f6rsta kontakten med begravningsbyr\u00e5n.<\/p>\n\n\n\n<p>Ett bes\u00f6k p\u00e5 begravningsbyr\u00e5n tar ca 2 till 2,5 timme.<\/p>\n\n\n\n<h3 class=\"wp-block-heading\">Att t\u00e4nka p\u00e5 inf\u00f6r bes\u00f6ket p\u00e5 Begravningsbyr\u00e5n<\/h3>\n\n\n\n<p>En begravningsceremoni \u00e4r ett minne f\u00f6r livet, ett minne som vi vill ska var ljust och fint. Det \u00e4r mycket att fundera p\u00e5 n\u00e4r en begravning ska planeras och genomf\u00f6ras. Till h\u00f6ger hittar ni l\u00e4nkar till en del av de fr\u00e5gor som beh\u00f6ver besvaras.<\/p>\n\n\n\n<h3 class=\"wp-block-heading\">Begravning p\u00e5 annan ort<\/h3>\n\n\n\n<p>Beh\u00f6ver ni hj\u00e4lp med att ordna begravning f\u00f6r en anh\u00f6rig som bor n\u00e5gon annanstans i landet g\u00e5r det bra att boka hela begravningen hos oss. Vi samarbetar d\u00e5 med n\u00e5gon v\u00e5ra 400 auktoriserade kollegor som finns spridda \u00f6ver hela landet. Det k\u00e4nns ofta tryggt att p\u00e5 hemorten kunna f\u00e5 den hj\u00e4lp ni beh\u00f6ver och slippa on\u00f6diga resor innan det \u00e4r dags f\u00f6r begravningen.<\/p>\n","protected":false},"excerpt":{"rendered":"<p>Hur g\u00f6r jag nu? N\u00e4r en person avlider s\u00e5 ska d\u00f6dsfallet konstateras av sjukv\u00e5rden, d\u00e4refter ska den avlidne flyttas till ett kylt b\u00e5rrum. Om personen \u00e4r p\u00e5 ett kommunalt boende i Norrk\u00f6ping s\u00e5 finns det ett avtal mellan Kommunen och en begravningsbyr\u00e5 om h\u00e4mtning av den avlidne. Om du som anh\u00f6rig vill att vi fr\u00e5n [&hellip;]<\/p>\n","protected":false},"author":1,"featured_media":0,"parent":0,"menu_order":0,"comment_status":"closed","ping_status":"closed","template":"","meta":{"footnotes":""},"class_list":["post-35","page","type-page","status-publish","hentry"],"acf":[],"_links":{"self":[{"href":"https:\/\/utveckling.timecutcloud.com\/ostgota\/wp-json\/wp\/v2\/pages\/35","targetHints":{"allow":["GET"]}}],"collection":[{"href":"https:\/\/utveckling.timecutcloud.com\/ostgota\/wp-json\/wp\/v2\/pages"}],"about":[{"href":"https:\/\/utveckling.timecutcloud.com\/ostgota\/wp-json\/wp\/v2\/types\/page"}],"author":[{"embeddable":true,"href":"https:\/\/utveckling.timecutcloud.com\/ostgota\/wp-json\/wp\/v2\/users\/1"}],"replies":[{"embeddable":true,"href":"https:\/\/utveckling.timecutcloud.com\/ostgota\/wp-json\/wp\/v2\/comments?post=35"}],"version-history":[{"count":5,"href":"https:\/\/utveckling.timecutcloud.com\/ostgota\/wp-json\/wp\/v2\/pages\/35\/revisions"}],"predecessor-version":[{"id":303,"href":"https:\/\/utveckling.timecutcloud.com\/ostgota\/wp-json\/wp\/v2\/pages\/35\/revisions\/303"}],"wp:attachment":[{"href":"https:\/\/utveckling.timecutcloud.com\/ostgota\/wp-json\/wp\/v2\/media?parent=35"}],"curies":[{"name":"wp","href":"https:\/\/api.w.org\/{rel}","templated":true}]}}