{"id":39,"date":"2023-10-17T08:31:19","date_gmt":"2023-10-17T06:31:19","guid":{"rendered":"https:\/\/utveckling.timecutcloud.com\/ostgota\/?page_id=39"},"modified":"2023-10-24T12:04:19","modified_gmt":"2023-10-24T10:04:19","slug":"kyrklig-begravning","status":"publish","type":"page","link":"https:\/\/utveckling.timecutcloud.com\/ostgota\/ordna-begravning\/kyrklig-begravning\/","title":{"rendered":"Kyrklig begravning"},"content":{"rendered":"\n<h2 class=\"wp-block-heading\">Kyrklig begravning<\/h2>\n\n\n\n<p>Det vanligaste \u00e4r att begravningen sker i en kyrklig ordning. Vilken beror p\u00e5 vilket kyrkosamfund den avlidne tillh\u00f6rde. Svenska kyrkans begravningsordning \u00e4r den de flesta f\u00f6ljer. Begravningsgudstj\u00e4nsten kan antingen ske i ett kapell eller i en kyrka. Du \u00e4r inte bunden till att begravningen f\u00f6r\u00e4ttas i den f\u00f6rsamlingen d\u00e4r den avlidne \u00e4r folkbokf\u00f6rd.<\/p>\n\n\n\n<p>Antingen f\u00f6ljer pr\u00e4sten med fr\u00e5n den f\u00f6rsamling den avlidne \u00e4r folkbokf\u00f6rd i eller s\u00e5 tj\u00e4nstg\u00f6r pr\u00e4sten som \u00e4r ant\u00e4lld i den f\u00f6rsamnling d\u00e4r ceremonin ska genomf\u00f6ras.<\/p>\n\n\n\n<p>\u00c4r du medlem i Svenska kyrkan har du r\u00e4tt till pr\u00e4st och musiker utan kostnad. Du \u00e4r dock inte garanterad att f\u00e5 en begravningstid d\u00e5 du sj\u00e4lv \u00f6nskar utan h\u00e4nsyn m\u00e5ste tas till de begravningtider f\u00f6rsamlingen erbjuder.&nbsp;<\/p>\n\n\n\n<h2 class=\"wp-block-heading\">Begravning med urna eller kista<\/h2>\n\n\n\n<p>Det vanligaste \u00e4r att begravningen sker med kista i kyrkan eller kapellet, men de senaste \u00e5ren har det blivit vanligare att kremationen sker innan ceremonin och att akten sker med urnan p\u00e5 plats i lokalen. N\u00e4r urnbegravning ska ske kan det ta l\u00e4ngre tid innan ceremonin kan genomf\u00f6ras eftersom&nbsp;kremationen ska ske innan akten. F\u00f6r att det ska&nbsp;kunna ske kr\u00e4vs&nbsp;att den avlidne b\u00e4ddas ner i en kista.<\/p>\n\n\n\n<h2 class=\"wp-block-heading\">Ordningen vid en begravning i\u00a0Svenska kyrkans ordning\u00a0kan se ut\u00a0s\u00e5 h\u00e4r:\u00a0<\/h2>\n\n\n\n<p>\u2022 Klockringning<br>\u2022 Musik<br>\u2022 Samlingsord<br>\u2022 Psalms\u00e5ng<br>\u2022 Griftetal<br>\u2022 \u00d6verl\u00e5telse<br>\u2022 Bibell\u00e4sning<br>\u2022 Psalms\u00e5ng<br>\u2022 F\u00f6rb\u00f6n<br>\u2022 Herrens b\u00f6n<br>\u2022 Avskedstagande ofta under musik<br>\u2022 Slutb\u00f6n &#8211; V\u00e4lsignelse<br>\u2022 Psalms\u00e5ng<br>\u2022 Musik<br>\u2022 S\u00e4ndningsord<br>\u2022 Klockringning\u00a0<\/p>\n\n\n\n<p>OBSERVERA att listan&nbsp;\u00f6ver kyrkor inte \u00e4r komplett \u00e4nnu<\/p>\n\n\n\n<h2 class=\"wp-block-heading\">Kyrkor tillh\u00f6rande Svenska kyrkan:<\/h2>\n\n\n\n<p><a href=\"https:\/\/www.svenskakyrkan.se\/finspang\/vara-kyrkor-och-lokaler\" rel=\"noopener\">Finsp\u00e5ngs f\u00f6rsamling<\/a><br><a href=\"https:\/\/www.svenskakyrkan.se\/norrkoping\/vara-kyrkor\" target=\"_blank\" rel=\"noreferrer noopener\">Norrk\u00f6pings pastorat&nbsp;<\/a><br><a href=\"https:\/\/www.svenskakyrkan.se\/soderkoping\/vara-kyrkor\" target=\"_blank\" rel=\"noreferrer noopener\">S\u00f6derk\u00f6ping Sankt&nbsp;Anna F\u00f6rsamling<\/a><br><a href=\"https:\/\/www.svenskakyrkan.se\/vastravikbolandet\/vastravikbolandet\/vara-kyrkor\" target=\"_blank\" rel=\"noreferrer noopener\">V\u00e4stra vikbolandets f\u00f6rsamling<\/a><br><a href=\"https:\/\/www.svenskakyrkan.se\/ostraryd\/vara-kyrkor\" target=\"_blank\" rel=\"noreferrer noopener\">\u00d6stra Ryds f\u00f6rsamling<\/a><br><a href=\"https:\/\/www.svenskakyrkan.se\/ostravikbolandet\" target=\"_blank\" rel=\"noreferrer noopener\">\u00d6stra Vikbolandets pastorat<\/a><\/p>\n\n\n\n<h2 class=\"wp-block-heading\">Kyrkor tillh\u00f6rande Equmeniakyrkan:<\/h2>\n\n\n\n<p><a href=\"https:\/\/www.centrumkyrkan-norrkoping.se\/index.php\/sv\/\" target=\"_blank\" rel=\"noreferrer noopener\">Centrumkyrkan Norrk\u00f6ping<\/a><br><a href=\"http:\/\/www.immanuelnorrkoping.se\/immanuelnorrkoping\/extern\/\" target=\"_blank\" rel=\"noreferrer noopener\">Immauelskyrkan Norrk\u00f6ping<\/a><br><a href=\"https:\/\/www.finspong.missionskyrkan.se\/index.php?id=7\" target=\"_blank\" rel=\"noreferrer noopener\">Missionskyrkan Finsp\u00e5ng<\/a><br><a href=\"https:\/\/www.vidablickskyrkan.se\/\" target=\"_blank\" rel=\"noreferrer noopener\">Vidablickskyrkan<\/a><br><a href=\"http:\/\/www.kyrktorget.se\/Vintervadskyrkan\" rel=\"noopener\">Vintervadskyrkan S\u00f6derk\u00f6ping<\/a><br><a href=\"https:\/\/vangamissionskyrka.se\/\" target=\"_blank\" rel=\"noreferrer noopener\">V\u00e5nga Missionskyrka<\/a><\/p>\n\n\n\n<h2 class=\"wp-block-heading\">Kyrkor tillh\u00f6rande Evangeliska Frikyrkan:<\/h2>\n\n\n\n<p><a href=\"http:\/\/www.centrumkyrkanfsp.se\/\" target=\"_blank\" rel=\"noreferrer noopener\">Centrumkyrkan Finsp\u00e5ng<\/a><br><a href=\"http:\/\/www.betaniaostraryd.se\/\" target=\"_blank\" rel=\"noreferrer noopener\">Betania \u00d6stra Ryd<\/a><br><a href=\"https:\/\/www.kyrktorget.se\/sjovikskyrkan\" target=\"_blank\" rel=\"noreferrer noopener\">Sj\u00f6vikskyrkan Krokek<\/a><\/p>\n\n\n\n<h2 class=\"wp-block-heading\">Kyrkor tillh\u00f6rande Pingstr\u00f6relsen:<\/h2>\n\n\n\n<p>Centrumkyrkan Finsp\u00e5ng<br>Pingstkyrkan Norrk\u00f6ping<br>Sj\u00f6vikskyrkan Krokek<\/p>\n","protected":false},"excerpt":{"rendered":"<p>Kyrklig begravning Det vanligaste \u00e4r att begravningen sker i en kyrklig ordning. Vilken beror p\u00e5 vilket kyrkosamfund den avlidne tillh\u00f6rde. Svenska kyrkans begravningsordning \u00e4r den de flesta f\u00f6ljer. Begravningsgudstj\u00e4nsten kan antingen ske i ett kapell eller i en kyrka. Du \u00e4r inte bunden till att begravningen f\u00f6r\u00e4ttas i den f\u00f6rsamlingen d\u00e4r den avlidne \u00e4r folkbokf\u00f6rd. [&hellip;]<\/p>\n","protected":false},"author":1,"featured_media":0,"parent":35,"menu_order":0,"comment_status":"closed","ping_status":"closed","template":"","meta":{"footnotes":""},"class_list":["post-39","page","type-page","status-publish","hentry"],"acf":[],"_links":{"self":[{"href":"https:\/\/utveckling.timecutcloud.com\/ostgota\/wp-json\/wp\/v2\/pages\/39","targetHints":{"allow":["GET"]}}],"collection":[{"href":"https:\/\/utveckling.timecutcloud.com\/ostgota\/wp-json\/wp\/v2\/pages"}],"about":[{"href":"https:\/\/utveckling.timecutcloud.com\/ostgota\/wp-json\/wp\/v2\/types\/page"}],"author":[{"embeddable":true,"href":"https:\/\/utveckling.timecutcloud.com\/ostgota\/wp-json\/wp\/v2\/users\/1"}],"replies":[{"embeddable":true,"href":"https:\/\/utveckling.timecutcloud.com\/ostgota\/wp-json\/wp\/v2\/comments?post=39"}],"version-history":[{"count":6,"href":"https:\/\/utveckling.timecutcloud.com\/ostgota\/wp-json\/wp\/v2\/pages\/39\/revisions"}],"predecessor-version":[{"id":267,"href":"https:\/\/utveckling.timecutcloud.com\/ostgota\/wp-json\/wp\/v2\/pages\/39\/revisions\/267"}],"up":[{"embeddable":true,"href":"https:\/\/utveckling.timecutcloud.com\/ostgota\/wp-json\/wp\/v2\/pages\/35"}],"wp:attachment":[{"href":"https:\/\/utveckling.timecutcloud.com\/ostgota\/wp-json\/wp\/v2\/media?parent=39"}],"curies":[{"name":"wp","href":"https:\/\/api.w.org\/{rel}","templated":true}]}}