{"id":41,"date":"2023-10-17T08:36:04","date_gmt":"2023-10-17T06:36:04","guid":{"rendered":"https:\/\/utveckling.timecutcloud.com\/ostgota\/?page_id=41"},"modified":"2023-10-24T12:13:17","modified_gmt":"2023-10-24T10:13:17","slug":"borgerlig-begravning","status":"publish","type":"page","link":"https:\/\/utveckling.timecutcloud.com\/ostgota\/ordna-begravning\/borgerlig-begravning\/","title":{"rendered":"Borgerlig begravning"},"content":{"rendered":"\n<p>F\u00f6r m\u00e5nga \u00e4r en borgerlig begravning ett alternativ till en kyrklig. En borgerlig begravning sker oftast i ett gravkapell. Svenska kyrkan som huvudman f\u00f6r begravningsverksamheten \u00e4r skyldig att h\u00e5lla med lokal f\u00f6r borgerliga begravningar. En borgerlig begravning kan \u00e4ven h\u00e5llas p\u00e5 en helt annan plats tex i den avlidnes tr\u00e4dg\u00e5rd, ute skogen&#8230; En borgerlig begravning kan f\u00f6rr\u00e4ttas av en familjemedlem eller god v\u00e4n. Vanligast \u00e4r det dock att n\u00e5gon fr\u00e5n begravningsbyr\u00e5n eller n\u00e5gon av kommunens begravningsf\u00f6rr\u00e4ttare \u00e4r officiant p\u00e5 begravningen. N\u00e4r det g\u00e4ller musik s\u00e5 kan det antingen hyras in musiker eller s\u00e5 kan inspelad musik anv\u00e4ndas.&nbsp;Det \u00e4r inte ovanligt att en borgerlig begravning inneh\u00e5ller kristna&nbsp;inslag s\u00e5&nbsp;som psalmer och b\u00f6ner, men det \u00e4r n\u00e5got de anh\u00f6riga best\u00e4mmer. I Norrk\u00f6ping h\u00e5lls oftast de borgerliga begravningarna i n\u00e5got av begravningskapellen, i Finsp\u00e5ng&nbsp;anv\u00e4nds Risinge gravkapell och H\u00e4llestad f\u00f6rsamlingshem f\u00f6r borgerliga begravningar, i S\u00f6derk\u00f6ping anv\u00e4nds Laurentii gravkapell eller Drothems f\u00f6rsamlingshem.&nbsp;Givetvis g\u00e5r det \u00e4ven att vara p\u00e5 andra platser med ceremonin.<\/p>\n\n\n\n<h2 class=\"wp-block-heading\">Begravning med urna eller kista<\/h2>\n\n\n\n<p>Begravningen sker antingen med kista eller som akt med urna. Vanligast \u00e4r det med kista och att kremation sker efter det att akten har varit.<\/p>\n\n\n\n<h2 class=\"wp-block-heading\">V\u00e5ra borgerliga officianter<\/h2>\n\n\n\n<p>Vi p\u00e5 \u00d6stg\u00f6ta Begravningsbyr\u00e5 har tre egna duktiga officianter,&nbsp;Anders Ohlsson,&nbsp;\u00c5sa&nbsp; B\u00f6rjesson&nbsp;och&nbsp;Fredrik Blomberg, som g\u00e4rna leder de borgerliga begravningarna. Vi \u00e4r huvudsakligen verksamma i Norrk\u00f6ping, Finsp\u00e5ng, S\u00f6derk\u00f6ping och Valdemarsvik och omkringliggande omr\u00e5den.<\/p>\n\n\n\n<p>I broschyren Borgerlig begravning kan du l\u00e4sa mer:&nbsp;<a href=\"https:\/\/utveckling.timecutcloud.com\/ostgota\/wp-content\/uploads\/2023\/10\/borgerlig-begravning.pdf\" data-type=\"link\" data-id=\"https:\/\/utveckling.timecutcloud.com\/ostgota\/wp-content\/uploads\/2023\/10\/borgerlig-begravning.pdf\">Borgerlig Begravning<\/a>.<\/p>\n\n\n\n<p>F\u00f6rslag p\u00e5 ordning f\u00f6r&nbsp;<a href=\"https:\/\/utveckling.timecutcloud.com\/ostgota\/wp-content\/uploads\/2023\/10\/Forslag-pa-utformning-av-borgerlig-begravning.pdf\" data-type=\"link\" data-id=\"https:\/\/utveckling.timecutcloud.com\/ostgota\/wp-content\/uploads\/2023\/10\/Forslag-pa-utformning-av-borgerlig-begravning.pdf\">borgerlig begravning<\/a>.<\/p>\n\n\n\n<ul class=\"wp-block-list\">\n<li>Klockringning<\/li>\n\n\n\n<li>Inledningsord<\/li>\n\n\n\n<li>Musik<\/li>\n\n\n\n<li>Minnesord<\/li>\n\n\n\n<li>Musik<\/li>\n\n\n\n<li>Tre rosor<\/li>\n\n\n\n<li>Musik<\/li>\n\n\n\n<li>Avskedstagande vid kistan\/urnan&nbsp;<\/li>\n\n\n\n<li>Musik<\/li>\n\n\n\n<li>Diktl\u00e4sning<\/li>\n\n\n\n<li>Musik<\/li>\n\n\n\n<li>Avslutningsord<\/li>\n\n\n\n<li>Klockringning<\/li>\n<\/ul>\n","protected":false},"excerpt":{"rendered":"<p>F\u00f6r m\u00e5nga \u00e4r en borgerlig begravning ett alternativ till en kyrklig. En borgerlig begravning sker oftast i ett gravkapell. Svenska kyrkan som huvudman f\u00f6r begravningsverksamheten \u00e4r skyldig att h\u00e5lla med lokal f\u00f6r borgerliga begravningar. En borgerlig begravning kan \u00e4ven h\u00e5llas p\u00e5 en helt annan plats tex i den avlidnes tr\u00e4dg\u00e5rd, ute skogen&#8230; En borgerlig begravning [&hellip;]<\/p>\n","protected":false},"author":1,"featured_media":0,"parent":35,"menu_order":0,"comment_status":"closed","ping_status":"closed","template":"","meta":{"footnotes":""},"class_list":["post-41","page","type-page","status-publish","hentry"],"acf":[],"_links":{"self":[{"href":"https:\/\/utveckling.timecutcloud.com\/ostgota\/wp-json\/wp\/v2\/pages\/41","targetHints":{"allow":["GET"]}}],"collection":[{"href":"https:\/\/utveckling.timecutcloud.com\/ostgota\/wp-json\/wp\/v2\/pages"}],"about":[{"href":"https:\/\/utveckling.timecutcloud.com\/ostgota\/wp-json\/wp\/v2\/types\/page"}],"author":[{"embeddable":true,"href":"https:\/\/utveckling.timecutcloud.com\/ostgota\/wp-json\/wp\/v2\/users\/1"}],"replies":[{"embeddable":true,"href":"https:\/\/utveckling.timecutcloud.com\/ostgota\/wp-json\/wp\/v2\/comments?post=41"}],"version-history":[{"count":4,"href":"https:\/\/utveckling.timecutcloud.com\/ostgota\/wp-json\/wp\/v2\/pages\/41\/revisions"}],"predecessor-version":[{"id":278,"href":"https:\/\/utveckling.timecutcloud.com\/ostgota\/wp-json\/wp\/v2\/pages\/41\/revisions\/278"}],"up":[{"embeddable":true,"href":"https:\/\/utveckling.timecutcloud.com\/ostgota\/wp-json\/wp\/v2\/pages\/35"}],"wp:attachment":[{"href":"https:\/\/utveckling.timecutcloud.com\/ostgota\/wp-json\/wp\/v2\/media?parent=41"}],"curies":[{"name":"wp","href":"https:\/\/api.w.org\/{rel}","templated":true}]}}