{"id":47,"date":"2023-10-17T08:40:07","date_gmt":"2023-10-17T06:40:07","guid":{"rendered":"https:\/\/utveckling.timecutcloud.com\/ostgota\/?page_id=47"},"modified":"2023-10-24T12:15:07","modified_gmt":"2023-10-24T10:15:07","slug":"kistor-och-urnor","status":"publish","type":"page","link":"https:\/\/utveckling.timecutcloud.com\/ostgota\/ordna-begravning\/kistor-och-urnor\/","title":{"rendered":"Kistor och urnor"},"content":{"rendered":"\n<p>Det finns mycket att v\u00e4ga in vid val av kista&nbsp;tex hur var den d\u00f6de som person? Vilka f\u00e4rger tyckte han\/hon om?<\/p>\n\n\n\n<p>Du kan klicka dig&nbsp;vidare till v\u00e5rt sortiment h\u00e4r:&nbsp;<a href=\"https:\/\/www.fredahlrydens.se\/katalog\/kistor\" rel=\"noopener\">Kistor<\/a>&nbsp;eller&nbsp;<a href=\"https:\/\/www.fredahlrydens.se\/katalog\/urnor\" rel=\"noopener\">Urnor<\/a><\/p>\n\n\n\n<h2 class=\"wp-block-heading\">V\u00e5ra kistor och urnor kommer fr\u00e5n Fredahl Rydens<\/h2>\n\n\n\n<p>Prislista f\u00f6r kistorna: <a href=\"https:\/\/utveckling.timecutcloud.com\/ostgota\/wp-content\/uploads\/2023\/10\/Prislista-kistor2023.pdf\" data-type=\"link\" data-id=\"https:\/\/utveckling.timecutcloud.com\/ostgota\/wp-content\/uploads\/2023\/10\/Prislista-kistor2023.pdf\">Kistpriser<\/a><br>Prislista f\u00f6r urnor:&nbsp;<a href=\"https:\/\/utveckling.timecutcloud.com\/ostgota\/wp-content\/uploads\/2023\/10\/Prislista-urnor2023.pdf\" data-type=\"link\" data-id=\"https:\/\/utveckling.timecutcloud.com\/ostgota\/wp-content\/uploads\/2023\/10\/Prislista-urnor2023.pdf\">Urnprislista<\/a><\/p>\n","protected":false},"excerpt":{"rendered":"<p>Det finns mycket att v\u00e4ga in vid val av kista&nbsp;tex hur var den d\u00f6de som person? Vilka f\u00e4rger tyckte han\/hon om? Du kan klicka dig&nbsp;vidare till v\u00e5rt sortiment h\u00e4r:&nbsp;Kistor&nbsp;eller&nbsp;Urnor V\u00e5ra kistor och urnor kommer fr\u00e5n Fredahl Rydens Prislista f\u00f6r kistorna: KistpriserPrislista f\u00f6r urnor:&nbsp;Urnprislista<\/p>\n","protected":false},"author":1,"featured_media":0,"parent":35,"menu_order":0,"comment_status":"closed","ping_status":"closed","template":"","meta":{"footnotes":""},"class_list":["post-47","page","type-page","status-publish","hentry"],"acf":[],"_links":{"self":[{"href":"https:\/\/utveckling.timecutcloud.com\/ostgota\/wp-json\/wp\/v2\/pages\/47","targetHints":{"allow":["GET"]}}],"collection":[{"href":"https:\/\/utveckling.timecutcloud.com\/ostgota\/wp-json\/wp\/v2\/pages"}],"about":[{"href":"https:\/\/utveckling.timecutcloud.com\/ostgota\/wp-json\/wp\/v2\/types\/page"}],"author":[{"embeddable":true,"href":"https:\/\/utveckling.timecutcloud.com\/ostgota\/wp-json\/wp\/v2\/users\/1"}],"replies":[{"embeddable":true,"href":"https:\/\/utveckling.timecutcloud.com\/ostgota\/wp-json\/wp\/v2\/comments?post=47"}],"version-history":[{"count":5,"href":"https:\/\/utveckling.timecutcloud.com\/ostgota\/wp-json\/wp\/v2\/pages\/47\/revisions"}],"predecessor-version":[{"id":282,"href":"https:\/\/utveckling.timecutcloud.com\/ostgota\/wp-json\/wp\/v2\/pages\/47\/revisions\/282"}],"up":[{"embeddable":true,"href":"https:\/\/utveckling.timecutcloud.com\/ostgota\/wp-json\/wp\/v2\/pages\/35"}],"wp:attachment":[{"href":"https:\/\/utveckling.timecutcloud.com\/ostgota\/wp-json\/wp\/v2\/media?parent=47"}],"curies":[{"name":"wp","href":"https:\/\/api.w.org\/{rel}","templated":true}]}}