{"id":66,"date":"2023-10-17T08:50:09","date_gmt":"2023-10-17T06:50:09","guid":{"rendered":"https:\/\/utveckling.timecutcloud.com\/ostgota\/?page_id=66"},"modified":"2023-10-24T12:18:11","modified_gmt":"2023-10-24T10:18:11","slug":"livsarkivet","status":"publish","type":"page","link":"https:\/\/utveckling.timecutcloud.com\/ostgota\/ordna-begravning\/livsarkivet\/","title":{"rendered":"Livsarkivet"},"content":{"rendered":"\n<p>Livsarkivet \u00e4r det dokument d\u00e4r du fyller i uppgifter om hur du vill ha din egen begravning, men \u00e4ven uppgifter om f\u00f6rs\u00e4kringar, testamenten osv.&nbsp;<\/p>\n\n\n\n<p>I&nbsp; Livsarkivet kan du fylla i dina \u00f6nskem\u00e5l om musik, tal, ceremoni mm.&nbsp;Den dagen du inte l\u00e4ngre finns, f\u00e5r dina anh\u00f6riga tillg\u00e5ng till ditt&nbsp;Livsarkivet \u2013 och det ger svar p\u00e5 en del av&nbsp;alla de fr\u00e5gor som uppst\u00e5r.&nbsp;<\/p>\n\n\n\n<p>Antingen kan du fylla i arkivet h\u00e4r p\u00e5 n\u00e4tet eller s\u00e5 \u00e4r du v\u00e4lkommen att h\u00e4mta ditt exemplar p\u00e5 n\u00e5got av v\u00e5ra kontor.&nbsp;<\/p>\n\n\n\n<p>F\u00f6r att kunna fylla i p\u00e5 n\u00e4tet m\u00e5ste du ha digitalt ID. Klicka p\u00e5 l\u00e4nken nedan f\u00f6r att b\u00f6rja fylla i.<\/p>\n\n\n\n<p><a href=\"https:\/\/ostgota.livsarkivet.se\/\" target=\"_blank\" rel=\"noreferrer noopener\" class=\"button is-secondary\">Livsarkivet<\/a><\/p>\n\n\n\n<p>Det \u00e4r viktigt att f\u00f6rvara viktiga dokument s\u00e5 att de&nbsp;kommer fram n\u00e4r det beh\u00f6vs. Tex.&nbsp;testamenten, framtidsfullmakter och Livsarkiv.<\/p>\n\n\n\n<p>Vi p\u00e5 begravningsbyr\u00e5n kan f\u00f6rvara det \u00e5t dig och via SBFs dokumentbevakningssystem&nbsp;se till att det&nbsp;kommer fram den dag det beh\u00f6vs. Att f\u00f6rvara Livsarkiv hos oss antingen digitalt eller i pappersform kostar inget. Att f\u00f6rvara orginaltestamenten och framtidsfullmakter kostar 400&nbsp;kr som en eng\u00e5ngssumma.<\/p>\n","protected":false},"excerpt":{"rendered":"<p>Livsarkivet \u00e4r det dokument d\u00e4r du fyller i uppgifter om hur du vill ha din egen begravning, men \u00e4ven uppgifter om f\u00f6rs\u00e4kringar, testamenten osv.&nbsp; I&nbsp; Livsarkivet kan du fylla i dina \u00f6nskem\u00e5l om musik, tal, ceremoni mm.&nbsp;Den dagen du inte l\u00e4ngre finns, f\u00e5r dina anh\u00f6riga tillg\u00e5ng till ditt&nbsp;Livsarkivet \u2013 och det ger svar p\u00e5 en [&hellip;]<\/p>\n","protected":false},"author":1,"featured_media":0,"parent":35,"menu_order":0,"comment_status":"closed","ping_status":"closed","template":"","meta":{"footnotes":""},"class_list":["post-66","page","type-page","status-publish","hentry"],"acf":[],"_links":{"self":[{"href":"https:\/\/utveckling.timecutcloud.com\/ostgota\/wp-json\/wp\/v2\/pages\/66","targetHints":{"allow":["GET"]}}],"collection":[{"href":"https:\/\/utveckling.timecutcloud.com\/ostgota\/wp-json\/wp\/v2\/pages"}],"about":[{"href":"https:\/\/utveckling.timecutcloud.com\/ostgota\/wp-json\/wp\/v2\/types\/page"}],"author":[{"embeddable":true,"href":"https:\/\/utveckling.timecutcloud.com\/ostgota\/wp-json\/wp\/v2\/users\/1"}],"replies":[{"embeddable":true,"href":"https:\/\/utveckling.timecutcloud.com\/ostgota\/wp-json\/wp\/v2\/comments?post=66"}],"version-history":[{"count":3,"href":"https:\/\/utveckling.timecutcloud.com\/ostgota\/wp-json\/wp\/v2\/pages\/66\/revisions"}],"predecessor-version":[{"id":287,"href":"https:\/\/utveckling.timecutcloud.com\/ostgota\/wp-json\/wp\/v2\/pages\/66\/revisions\/287"}],"up":[{"embeddable":true,"href":"https:\/\/utveckling.timecutcloud.com\/ostgota\/wp-json\/wp\/v2\/pages\/35"}],"wp:attachment":[{"href":"https:\/\/utveckling.timecutcloud.com\/ostgota\/wp-json\/wp\/v2\/media?parent=66"}],"curies":[{"name":"wp","href":"https:\/\/api.w.org\/{rel}","templated":true}]}}