{"id":79,"date":"2023-10-17T08:52:56","date_gmt":"2023-10-17T06:52:56","guid":{"rendered":"https:\/\/utveckling.timecutcloud.com\/ostgota\/?page_id=79"},"modified":"2023-10-24T16:56:17","modified_gmt":"2023-10-24T14:56:17","slug":"begravningsgast","status":"publish","type":"page","link":"https:\/\/utveckling.timecutcloud.com\/ostgota\/begravningsgast\/","title":{"rendered":"Begravningsg\u00e4st"},"content":{"rendered":"\n<p>N\u00e4r du \u00e4r g\u00e4st vid begravning \u00e4r det&nbsp;inte de&nbsp;formella detaljerna som \u00e4r det viktigaste. Det som betyder mest \u00e4r att du \u00e4r d\u00e4r.&nbsp;Men f\u00f6r att k\u00e4nna sig bekv\u00e4m \u00e4r det bra att k\u00e4nna till de vanligaste traditionerna. H\u00e4r intill har vi samlat information som kan vara en trygghet att titta igenom.<\/p>\n\n\n\n<p>Om det i <a href=\"https:\/\/utveckling.timecutcloud.com\/ostgota\/dodsannonser\/\" data-type=\"link\" data-id=\"https:\/\/utveckling.timecutcloud.com\/ostgota\/dodsannonser\/\">d\u00f6dsannonsen<\/a> st\u00e5r att begravningen \u00e4ger rum i kretsen av de n\u00e4rmaste b\u00f6r man respektera det om man inte personligen blivit inbjuden att n\u00e4rvara.<\/p>\n\n\n\n<h2 class=\"wp-block-heading\">Att t\u00e4nka p\u00e5 som g\u00e4st<\/h2>\n\n\n\n<p>N\u00e4r du ska n\u00e4rvara vid en begravning \u00e4r det oftast lagom att du kommer ca 15 minuter innan begravningen b\u00f6rjar. P\u00e5 de flesta platser \u00e4r traditionen att anh\u00f6riga sitter p\u00e5 h\u00f6ger sida i lokalen och v\u00e4nner p\u00e5 v\u00e4nster. N\u00e5gon fr\u00e5n begravningsbyr\u00e5n finns alltid p\u00e5 plats och hj\u00e4lper dig om du \u00e4r os\u00e4ker.<\/p>\n\n\n\n<p>I en d\u00f6dsannons kan det ibland st\u00e5 &#8221;begravningen \u00e4ger rum i kretsen av de n\u00e4rmaste&#8221;, det inneb\u00e4r att familjen \u00f6nskar att endast de som blivit inbjudna ska n\u00e4rvara vid begravningen. Sker begravningen i <a href=\"https:\/\/utveckling.timecutcloud.com\/ostgota\/ordna-begravning\/kyrklig-begravning\/\" data-type=\"link\" data-id=\"https:\/\/utveckling.timecutcloud.com\/ostgota\/ordna-begravning\/kyrklig-begravning\/\">Svenska kyrkans ordning<\/a> \u00e4r det dock ingen som kan hindra n\u00e5gon fr\u00e5n att komma till kyrkan\/kapellet, men man b\u00f6r respektera de anh\u00f6rigas \u00f6nskan och inte n\u00e4rvara vid begravningen. Det f\u00f6rekommer att datum, tid och plats st\u00e5r i d\u00f6dsannonsen \u00e4ven om begravningen \u00e4r i kretsen av de n\u00e4rmaste, ofta beror det p\u00e5 att de anh\u00f6riga vill att du som v\u00e4n ska veta n\u00e4r det sker ifall du just d\u00e5 vill t\u00e4nda ett ljus d\u00e4rhemma. Skrivs datum och tid ut\u00a0ger det \u00e4ven\u00a0m\u00f6jligheten att skicka en blomma som l\u00e4ggs vid kistan eller urnan.<\/p>\n\n\n\n<p>Om de anh\u00f6riga kommer in i kyrkan\/kapellet f\u00f6rst under klockringning eller inledningsmusik \u00e4r det tradition att g\u00e4sterna st\u00e5r upp medan&nbsp;de&nbsp;anh\u00f6riga g\u00e5r till sina platser.<\/p>\n\n\n\n<p>Under begravningen visar eller talar&nbsp;officianten om n\u00e4r du ska st\u00e5 eller sitta. Det vanligaste \u00e4r att man st\u00e5r upp under \u00f6verl\u00e5telsen d\u00e5 mullen l\u00e4ggs p\u00e5 kistan om det \u00e4r en kyrklig begravning.<\/p>\n\n\n\n<p>N\u00e4r begravningen \u00e4r slut g\u00e5r officinaten och de anh\u00f6riga f\u00f6rst ut fr\u00e5n lokalen. Ofta stannar de anh\u00f6riga l\u00e4ngst ner i lokalen eller strax utanf\u00f6r s\u00e5 att du som g\u00e4st kan h\u00e4lsa p\u00e5 dem.<\/p>\n\n\n\n<p>Ofta tr\u00e4ffas man efter begravningen f\u00f6r att fika eller \u00e4ta n\u00e5got. Det \u00e4r det som kallas <a href=\"https:\/\/utveckling.timecutcloud.com\/ostgota\/begravningsgast\/anmalan-till-minnesstund\/\" data-type=\"link\" data-id=\"https:\/\/utveckling.timecutcloud.com\/ostgota\/begravningsgast\/anmalan-till-minnesstund\/\">minnesstund<\/a>.&nbsp;L\u00e4s i d\u00f6dsannonsen eller fr\u00e5ga begravningsbyr\u00e5n om du \u00e4r tveksam \u00f6ver vad som g\u00e4ller. St\u00e5r det i annonsen &#8221;efter akten uppl\u00f6ses samlingen&#8221; inneb\u00e4r det att det inte \u00e4r n\u00e5gon offenlig minnesstund efter akten. Ibland tr\u00e4ffas de anh\u00f6riga d\u00e5 sj\u00e4lva&nbsp;till en minnesstund.<\/p>\n","protected":false},"excerpt":{"rendered":"<p>N\u00e4r du \u00e4r g\u00e4st vid begravning \u00e4r det&nbsp;inte de&nbsp;formella detaljerna som \u00e4r det viktigaste. Det som betyder mest \u00e4r att du \u00e4r d\u00e4r.&nbsp;Men f\u00f6r att k\u00e4nna sig bekv\u00e4m \u00e4r det bra att k\u00e4nna till de vanligaste traditionerna. H\u00e4r intill har vi samlat information som kan vara en trygghet att titta igenom. Om det i d\u00f6dsannonsen [&hellip;]<\/p>\n","protected":false},"author":1,"featured_media":0,"parent":0,"menu_order":0,"comment_status":"closed","ping_status":"closed","template":"","meta":{"footnotes":""},"class_list":["post-79","page","type-page","status-publish","hentry"],"acf":[],"_links":{"self":[{"href":"https:\/\/utveckling.timecutcloud.com\/ostgota\/wp-json\/wp\/v2\/pages\/79","targetHints":{"allow":["GET"]}}],"collection":[{"href":"https:\/\/utveckling.timecutcloud.com\/ostgota\/wp-json\/wp\/v2\/pages"}],"about":[{"href":"https:\/\/utveckling.timecutcloud.com\/ostgota\/wp-json\/wp\/v2\/types\/page"}],"author":[{"embeddable":true,"href":"https:\/\/utveckling.timecutcloud.com\/ostgota\/wp-json\/wp\/v2\/users\/1"}],"replies":[{"embeddable":true,"href":"https:\/\/utveckling.timecutcloud.com\/ostgota\/wp-json\/wp\/v2\/comments?post=79"}],"version-history":[{"count":4,"href":"https:\/\/utveckling.timecutcloud.com\/ostgota\/wp-json\/wp\/v2\/pages\/79\/revisions"}],"predecessor-version":[{"id":310,"href":"https:\/\/utveckling.timecutcloud.com\/ostgota\/wp-json\/wp\/v2\/pages\/79\/revisions\/310"}],"wp:attachment":[{"href":"https:\/\/utveckling.timecutcloud.com\/ostgota\/wp-json\/wp\/v2\/media?parent=79"}],"curies":[{"name":"wp","href":"https:\/\/api.w.org\/{rel}","templated":true}]}}