{"id":83,"date":"2023-10-17T08:55:37","date_gmt":"2023-10-17T06:55:37","guid":{"rendered":"https:\/\/utveckling.timecutcloud.com\/ostgota\/?page_id=83"},"modified":"2023-10-24T16:57:35","modified_gmt":"2023-10-24T14:57:35","slug":"blommor","status":"publish","type":"page","link":"https:\/\/utveckling.timecutcloud.com\/ostgota\/begravningsgast\/blommor\/","title":{"rendered":"Blommor"},"content":{"rendered":"\n<p>Blommor p\u00e5 begravning \u00e4r inte bara vackert, det uttrycker \u00e4ven k\u00e4nslor och ger st\u00e4mning.<br>Vill du hedra den avlidne med blommor s\u00e5 kontaktar du antingen oss p\u00e5\u00a0 begravningsbyr\u00e5n eller en blomsteraff\u00e4r. Ofta kan det vara bra att v\u00e4nda sig till samma aff\u00e4r som de anh\u00f6riga best\u00e4llt sina blommor fr\u00e5n.\u00a0 Du kan \u00e4ven best\u00e4lla blommor till begravningen via v\u00e5r hemsida klicka dig d\u00e5 fram till r\u00e4tt <a href=\"https:\/\/utveckling.timecutcloud.com\/ostgota\/dodsannonser\/\" data-type=\"link\" data-id=\"https:\/\/utveckling.timecutcloud.com\/ostgota\/dodsannonser\/\">minnesrum<\/a> d\u00e4r m\u00f6jligheten finns att best\u00e4lla.<\/p>\n\n\n\n<p>N\u00e4r du n\u00e4rvarar vid en begravning \u00e4r traditionen att du har med dig en handblomma, vanligen en enkel blomma,&nbsp;som du under ceremonin l\u00e4gger p\u00e5 kistan under avskedet, kallas ibland defilering. &nbsp;\u00c4r det m\u00e5nga g\u00e4ster p\u00e5 begravningen finns det ofta en kruka bredvid kistan att st\u00e4lla blomman i om det blir fullt p\u00e5 kistlocket.&nbsp; Handblommor anv\u00e4nds oftast b\u00e5de p\u00e5 <a href=\"https:\/\/utveckling.timecutcloud.com\/ostgota\/ordna-begravning\/kyrklig-begravning\/\" data-type=\"link\" data-id=\"https:\/\/utveckling.timecutcloud.com\/ostgota\/ordna-begravning\/kyrklig-begravning\/\">kyrkliga<\/a> och <a href=\"https:\/\/utveckling.timecutcloud.com\/ostgota\/ordna-begravning\/borgerlig-begravning\/\" data-type=\"link\" data-id=\"https:\/\/utveckling.timecutcloud.com\/ostgota\/ordna-begravning\/borgerlig-begravning\/\">borgerliga begravningar<\/a>. \u00c4r du tveksam s\u00e5 h\u00f6r med begravningsbyr\u00e5n.&nbsp;&nbsp;<\/p>\n\n\n\n<p>H\u00e4r kan du se exempel p\u00e5 binderier.<\/p>\n\n\n\n<p><a href=\"https:\/\/utveckling.timecutcloud.com\/ostgota\/wp-content\/uploads\/2023\/10\/Blommor-vid-begravning.pdf\" data-type=\"link\" data-id=\"https:\/\/utveckling.timecutcloud.com\/ostgota\/wp-content\/uploads\/2023\/10\/Blommor-vid-begravning.pdf\" class=\"button\">Binderier<\/a><\/p>\n","protected":false},"excerpt":{"rendered":"<p>Blommor p\u00e5 begravning \u00e4r inte bara vackert, det uttrycker \u00e4ven k\u00e4nslor och ger st\u00e4mning.Vill du hedra den avlidne med blommor s\u00e5 kontaktar du antingen oss p\u00e5\u00a0 begravningsbyr\u00e5n eller en blomsteraff\u00e4r. Ofta kan det vara bra att v\u00e4nda sig till samma aff\u00e4r som de anh\u00f6riga best\u00e4llt sina blommor fr\u00e5n.\u00a0 Du kan \u00e4ven best\u00e4lla blommor till begravningen [&hellip;]<\/p>\n","protected":false},"author":1,"featured_media":0,"parent":79,"menu_order":0,"comment_status":"closed","ping_status":"closed","template":"","meta":{"footnotes":""},"class_list":["post-83","page","type-page","status-publish","hentry"],"acf":[],"_links":{"self":[{"href":"https:\/\/utveckling.timecutcloud.com\/ostgota\/wp-json\/wp\/v2\/pages\/83","targetHints":{"allow":["GET"]}}],"collection":[{"href":"https:\/\/utveckling.timecutcloud.com\/ostgota\/wp-json\/wp\/v2\/pages"}],"about":[{"href":"https:\/\/utveckling.timecutcloud.com\/ostgota\/wp-json\/wp\/v2\/types\/page"}],"author":[{"embeddable":true,"href":"https:\/\/utveckling.timecutcloud.com\/ostgota\/wp-json\/wp\/v2\/users\/1"}],"replies":[{"embeddable":true,"href":"https:\/\/utveckling.timecutcloud.com\/ostgota\/wp-json\/wp\/v2\/comments?post=83"}],"version-history":[{"count":6,"href":"https:\/\/utveckling.timecutcloud.com\/ostgota\/wp-json\/wp\/v2\/pages\/83\/revisions"}],"predecessor-version":[{"id":311,"href":"https:\/\/utveckling.timecutcloud.com\/ostgota\/wp-json\/wp\/v2\/pages\/83\/revisions\/311"}],"up":[{"embeddable":true,"href":"https:\/\/utveckling.timecutcloud.com\/ostgota\/wp-json\/wp\/v2\/pages\/79"}],"wp:attachment":[{"href":"https:\/\/utveckling.timecutcloud.com\/ostgota\/wp-json\/wp\/v2\/media?parent=83"}],"curies":[{"name":"wp","href":"https:\/\/api.w.org\/{rel}","templated":true}]}}