{"id":85,"date":"2023-10-17T08:56:31","date_gmt":"2023-10-17T06:56:31","guid":{"rendered":"https:\/\/utveckling.timecutcloud.com\/ostgota\/?page_id=85"},"modified":"2023-10-24T12:07:57","modified_gmt":"2023-10-24T10:07:57","slug":"ge-en-minnesgava","status":"publish","type":"page","link":"https:\/\/utveckling.timecutcloud.com\/ostgota\/begravningsgast\/ge-en-minnesgava\/","title":{"rendered":"Ge en minnesg\u00e5va"},"content":{"rendered":"\n<p>I d\u00f6dsannonsen&nbsp;h\u00e4nvisar de anh\u00f6riga ibland till v\u00e4lg\u00f6rande \u00e4ndam\u00e5l som n\u00e5gon organisation. Det inneb\u00e4r att du kan hedra den d\u00f6de genom att skicka pengar till det \u00e4ndam\u00e5let. Som bevis p\u00e5 g\u00e5van s\u00e4nder organisationen&nbsp;ett&nbsp;g\u00e5vobevis till de anh\u00f6riga, d\u00e4r det st\u00e5r vem eller vilka som har sk\u00e4nkt pengar. Det vanligaste \u00e4r att man sj\u00e4lv ombes\u00f6rjer inbetalningen till organisationen direkt p\u00e5 n\u00e4tet eller via deras g\u00e5votelefon.<\/p>\n\n\n\n<p>Det g\u00e5r ocks\u00e5 bra att l\u00e4mna en minnesg\u00e5va via v\u00e5ra\u00a0<a href=\"https:\/\/utveckling.timecutcloud.com\/ostgota\/dodsannonser\/\" data-type=\"link\" data-id=\"https:\/\/utveckling.timecutcloud.com\/ostgota\/dodsannonser\/\">d\u00f6dsannonser >><\/a><\/p>\n","protected":false},"excerpt":{"rendered":"<p>I d\u00f6dsannonsen&nbsp;h\u00e4nvisar de anh\u00f6riga ibland till v\u00e4lg\u00f6rande \u00e4ndam\u00e5l som n\u00e5gon organisation. Det inneb\u00e4r att du kan hedra den d\u00f6de genom att skicka pengar till det \u00e4ndam\u00e5let. Som bevis p\u00e5 g\u00e5van s\u00e4nder organisationen&nbsp;ett&nbsp;g\u00e5vobevis till de anh\u00f6riga, d\u00e4r det st\u00e5r vem eller vilka som har sk\u00e4nkt pengar. Det vanligaste \u00e4r att man sj\u00e4lv ombes\u00f6rjer inbetalningen till organisationen [&hellip;]<\/p>\n","protected":false},"author":1,"featured_media":0,"parent":79,"menu_order":0,"comment_status":"closed","ping_status":"closed","template":"","meta":{"footnotes":""},"class_list":["post-85","page","type-page","status-publish","hentry"],"acf":[],"_links":{"self":[{"href":"https:\/\/utveckling.timecutcloud.com\/ostgota\/wp-json\/wp\/v2\/pages\/85","targetHints":{"allow":["GET"]}}],"collection":[{"href":"https:\/\/utveckling.timecutcloud.com\/ostgota\/wp-json\/wp\/v2\/pages"}],"about":[{"href":"https:\/\/utveckling.timecutcloud.com\/ostgota\/wp-json\/wp\/v2\/types\/page"}],"author":[{"embeddable":true,"href":"https:\/\/utveckling.timecutcloud.com\/ostgota\/wp-json\/wp\/v2\/users\/1"}],"replies":[{"embeddable":true,"href":"https:\/\/utveckling.timecutcloud.com\/ostgota\/wp-json\/wp\/v2\/comments?post=85"}],"version-history":[{"count":4,"href":"https:\/\/utveckling.timecutcloud.com\/ostgota\/wp-json\/wp\/v2\/pages\/85\/revisions"}],"predecessor-version":[{"id":270,"href":"https:\/\/utveckling.timecutcloud.com\/ostgota\/wp-json\/wp\/v2\/pages\/85\/revisions\/270"}],"up":[{"embeddable":true,"href":"https:\/\/utveckling.timecutcloud.com\/ostgota\/wp-json\/wp\/v2\/pages\/79"}],"wp:attachment":[{"href":"https:\/\/utveckling.timecutcloud.com\/ostgota\/wp-json\/wp\/v2\/media?parent=85"}],"curies":[{"name":"wp","href":"https:\/\/api.w.org\/{rel}","templated":true}]}}