{"id":87,"date":"2023-10-17T08:57:04","date_gmt":"2023-10-17T06:57:04","guid":{"rendered":"https:\/\/utveckling.timecutcloud.com\/ostgota\/?page_id=87"},"modified":"2023-10-17T14:41:36","modified_gmt":"2023-10-17T12:41:36","slug":"kladsel-vid-begravning","status":"publish","type":"page","link":"https:\/\/utveckling.timecutcloud.com\/ostgota\/begravningsgast\/kladsel-vid-begravning\/","title":{"rendered":"Kl\u00e4dsel vid begravning"},"content":{"rendered":"\n<p>Hur formell man brukar kl\u00e4 sig p\u00e5 begravningar varierar. Diskret kl\u00e4dsel i m\u00f6rkare nyanser \u00e4r alltid korrekt. Finns det s\u00e4rskilda \u00f6nskem\u00e5l fr\u00e5n de anh\u00f6riga om hur man ska vara kl\u00e4dd s\u00e5 finns den informationen vanligen i d\u00f6dsannonsen tex &#8221;G\u00e4rna ljus kl\u00e4dsel&#8221;<\/p>\n\n\n\n<p>Om man v\u00e4ljer att b\u00e4ra slips s\u00e5 \u00e4r traditionen att n\u00e4rmast anh\u00f6riga har vit slips och \u00f6vriga svart. Till n\u00e4rmast anh\u00f6riga r\u00e4knas, make,s\u00f6ner, sv\u00e4rs\u00f6ner, barnbarn och br\u00f6der.<\/p>\n","protected":false},"excerpt":{"rendered":"<p>Hur formell man brukar kl\u00e4 sig p\u00e5 begravningar varierar. Diskret kl\u00e4dsel i m\u00f6rkare nyanser \u00e4r alltid korrekt. Finns det s\u00e4rskilda \u00f6nskem\u00e5l fr\u00e5n de anh\u00f6riga om hur man ska vara kl\u00e4dd s\u00e5 finns den informationen vanligen i d\u00f6dsannonsen tex &#8221;G\u00e4rna ljus kl\u00e4dsel&#8221; Om man v\u00e4ljer att b\u00e4ra slips s\u00e5 \u00e4r traditionen att n\u00e4rmast anh\u00f6riga har vit [&hellip;]<\/p>\n","protected":false},"author":1,"featured_media":0,"parent":79,"menu_order":0,"comment_status":"closed","ping_status":"closed","template":"","meta":{"footnotes":""},"class_list":["post-87","page","type-page","status-publish","hentry"],"acf":[],"_links":{"self":[{"href":"https:\/\/utveckling.timecutcloud.com\/ostgota\/wp-json\/wp\/v2\/pages\/87","targetHints":{"allow":["GET"]}}],"collection":[{"href":"https:\/\/utveckling.timecutcloud.com\/ostgota\/wp-json\/wp\/v2\/pages"}],"about":[{"href":"https:\/\/utveckling.timecutcloud.com\/ostgota\/wp-json\/wp\/v2\/types\/page"}],"author":[{"embeddable":true,"href":"https:\/\/utveckling.timecutcloud.com\/ostgota\/wp-json\/wp\/v2\/users\/1"}],"replies":[{"embeddable":true,"href":"https:\/\/utveckling.timecutcloud.com\/ostgota\/wp-json\/wp\/v2\/comments?post=87"}],"version-history":[{"count":2,"href":"https:\/\/utveckling.timecutcloud.com\/ostgota\/wp-json\/wp\/v2\/pages\/87\/revisions"}],"predecessor-version":[{"id":166,"href":"https:\/\/utveckling.timecutcloud.com\/ostgota\/wp-json\/wp\/v2\/pages\/87\/revisions\/166"}],"up":[{"embeddable":true,"href":"https:\/\/utveckling.timecutcloud.com\/ostgota\/wp-json\/wp\/v2\/pages\/79"}],"wp:attachment":[{"href":"https:\/\/utveckling.timecutcloud.com\/ostgota\/wp-json\/wp\/v2\/media?parent=87"}],"curies":[{"name":"wp","href":"https:\/\/api.w.org\/{rel}","templated":true}]}}