{"id":91,"date":"2023-10-17T09:01:45","date_gmt":"2023-10-17T07:01:45","guid":{"rendered":"https:\/\/utveckling.timecutcloud.com\/ostgota\/?page_id=91"},"modified":"2023-10-24T16:58:48","modified_gmt":"2023-10-24T14:58:48","slug":"anmalan-till-minnesstund","status":"publish","type":"page","link":"https:\/\/utveckling.timecutcloud.com\/ostgota\/begravningsgast\/anmalan-till-minnesstund\/","title":{"rendered":"Anm\u00e4lan till minnesstund"},"content":{"rendered":"\n<p>Via formul\u00e4ret nedan kan du anm\u00e4la dig till minnesstunder f\u00f6r de <a href=\"https:\/\/utveckling.timecutcloud.com\/ostgota\/dodsannonser\/\" data-type=\"link\" data-id=\"https:\/\/utveckling.timecutcloud.com\/ostgota\/dodsannonser\/\">begravningar som vi anordnar<\/a>. Gl\u00f6m inte att att uppge om du beh\u00f6ver specialkost. \u00c4r det n\u00e5got du funderar \u00f6ver s\u00e5 g\u00e5r det lika bra att anm\u00e4la sig via telefon.<\/p>\n\n\n\n<p><iframe scrolling=\"no\" style=\"height:580px; margin:10px 40px; width:370px; border:none; overflow:hidden;\" src=\"https:\/\/api.bit-net.se\/web\/ext\/anmalan?UID=5912620&#038;hcol=4878B7&#038;fcol=8D8F96&#038;bcol=FFFFFF&#038;ftcol=FFFFFF&#038;typ=3&#038;LeaveCheck=1\"><\/iframe><\/p>\n","protected":false},"excerpt":{"rendered":"<p>Via formul\u00e4ret nedan kan du anm\u00e4la dig till minnesstunder f\u00f6r de begravningar som vi anordnar. Gl\u00f6m inte att att uppge om du beh\u00f6ver specialkost. \u00c4r det n\u00e5got du funderar \u00f6ver s\u00e5 g\u00e5r det lika bra att anm\u00e4la sig via telefon.<\/p>\n","protected":false},"author":1,"featured_media":0,"parent":79,"menu_order":0,"comment_status":"closed","ping_status":"closed","template":"","meta":{"footnotes":""},"class_list":["post-91","page","type-page","status-publish","hentry"],"acf":[],"_links":{"self":[{"href":"https:\/\/utveckling.timecutcloud.com\/ostgota\/wp-json\/wp\/v2\/pages\/91","targetHints":{"allow":["GET"]}}],"collection":[{"href":"https:\/\/utveckling.timecutcloud.com\/ostgota\/wp-json\/wp\/v2\/pages"}],"about":[{"href":"https:\/\/utveckling.timecutcloud.com\/ostgota\/wp-json\/wp\/v2\/types\/page"}],"author":[{"embeddable":true,"href":"https:\/\/utveckling.timecutcloud.com\/ostgota\/wp-json\/wp\/v2\/users\/1"}],"replies":[{"embeddable":true,"href":"https:\/\/utveckling.timecutcloud.com\/ostgota\/wp-json\/wp\/v2\/comments?post=91"}],"version-history":[{"count":3,"href":"https:\/\/utveckling.timecutcloud.com\/ostgota\/wp-json\/wp\/v2\/pages\/91\/revisions"}],"predecessor-version":[{"id":312,"href":"https:\/\/utveckling.timecutcloud.com\/ostgota\/wp-json\/wp\/v2\/pages\/91\/revisions\/312"}],"up":[{"embeddable":true,"href":"https:\/\/utveckling.timecutcloud.com\/ostgota\/wp-json\/wp\/v2\/pages\/79"}],"wp:attachment":[{"href":"https:\/\/utveckling.timecutcloud.com\/ostgota\/wp-json\/wp\/v2\/media?parent=91"}],"curies":[{"name":"wp","href":"https:\/\/api.w.org\/{rel}","templated":true}]}}