{"id":99,"date":"2023-10-17T09:03:41","date_gmt":"2023-10-17T07:03:41","guid":{"rendered":"https:\/\/utveckling.timecutcloud.com\/ostgota\/?page_id=99"},"modified":"2023-10-24T12:24:27","modified_gmt":"2023-10-24T10:24:27","slug":"juridik","status":"publish","type":"page","link":"https:\/\/utveckling.timecutcloud.com\/ostgota\/juridik\/","title":{"rendered":"Juridik"},"content":{"rendered":"\n<p>Bouppteckning, arvskifte mm. Vi hj\u00e4lper dig g\u00e4rna med bouppteckning, testamenten, arvsskifte och liknande.<\/p>\n\n\n\n<p>V\u00e5r auktoriserade boutredare Fredrik Josefsson har 30 \u00e5rs erfarenhet av familjejuridik.<\/p>\n\n\n\n<p>N\u00e4r det g\u00e4ller det juridiska har vi \u00e4ven ett samarbete med Familjens Jurist (fd Swedbank Juristbyr\u00e5) och Ludvig &amp; co (fd LRF konsult).<\/p>\n\n\n\n<h2 class=\"wp-block-heading\">Du kan f\u00e5 hj\u00e4lp med:<\/h2>\n\n\n\n<ul class=\"wp-block-list\">\n<li>Bouppteckning<\/li>\n\n\n\n<li>Bodelning<\/li>\n\n\n\n<li>Arvskifte<\/li>\n\n\n\n<li>Testamente<\/li>\n\n\n\n<li>K\u00f6pekontrakt<\/li>\n\n\n\n<li>G\u00e5vobrev<\/li>\n\n\n\n<li>\u00c4ktenskapsf\u00f6rord<\/li>\n\n\n\n<li>Samboavtal<\/li>\n\n\n\n<li>D\u00f6dsbof\u00f6rvaltning<\/li>\n\n\n\n<li>Framtidsfullmakt.<\/li>\n<\/ul>\n","protected":false},"excerpt":{"rendered":"<p>Bouppteckning, arvskifte mm. Vi hj\u00e4lper dig g\u00e4rna med bouppteckning, testamenten, arvsskifte och liknande. V\u00e5r auktoriserade boutredare Fredrik Josefsson har 30 \u00e5rs erfarenhet av familjejuridik. N\u00e4r det g\u00e4ller det juridiska har vi \u00e4ven ett samarbete med Familjens Jurist (fd Swedbank Juristbyr\u00e5) och Ludvig &amp; co (fd LRF konsult). Du kan f\u00e5 hj\u00e4lp med:<\/p>\n","protected":false},"author":1,"featured_media":0,"parent":0,"menu_order":0,"comment_status":"closed","ping_status":"closed","template":"","meta":{"footnotes":""},"class_list":["post-99","page","type-page","status-publish","hentry"],"acf":[],"_links":{"self":[{"href":"https:\/\/utveckling.timecutcloud.com\/ostgota\/wp-json\/wp\/v2\/pages\/99","targetHints":{"allow":["GET"]}}],"collection":[{"href":"https:\/\/utveckling.timecutcloud.com\/ostgota\/wp-json\/wp\/v2\/pages"}],"about":[{"href":"https:\/\/utveckling.timecutcloud.com\/ostgota\/wp-json\/wp\/v2\/types\/page"}],"author":[{"embeddable":true,"href":"https:\/\/utveckling.timecutcloud.com\/ostgota\/wp-json\/wp\/v2\/users\/1"}],"replies":[{"embeddable":true,"href":"https:\/\/utveckling.timecutcloud.com\/ostgota\/wp-json\/wp\/v2\/comments?post=99"}],"version-history":[{"count":4,"href":"https:\/\/utveckling.timecutcloud.com\/ostgota\/wp-json\/wp\/v2\/pages\/99\/revisions"}],"predecessor-version":[{"id":292,"href":"https:\/\/utveckling.timecutcloud.com\/ostgota\/wp-json\/wp\/v2\/pages\/99\/revisions\/292"}],"wp:attachment":[{"href":"https:\/\/utveckling.timecutcloud.com\/ostgota\/wp-json\/wp\/v2\/media?parent=99"}],"curies":[{"name":"wp","href":"https:\/\/api.w.org\/{rel}","templated":true}]}}